{"id":15324,"date":"2026-01-23T16:14:39","date_gmt":"2026-01-23T16:14:39","guid":{"rendered":"https:\/\/bohembalitravel.com\/?page_id=15324"},"modified":"2026-01-23T16:58:25","modified_gmt":"2026-01-23T16:58:25","slug":"bali-motorcycle-tours","status":"publish","type":"page","link":"https:\/\/bohembalitravel.com\/en\/bali-motorcycle-tours\/","title":{"rendered":"BALI MOTORCYCLE TOURS"},"content":{"rendered":"\t\t<div data-elementor-type=\"wp-page\" data-elementor-id=\"15324\" class=\"elementor elementor-15324\">\n\t\t\t\t<div class=\"elementor-element elementor-element-e65dbe2 e-flex e-con-boxed e-con e-parent\" data-id=\"e65dbe2\" data-element_type=\"container\" data-e-type=\"container\">\n\t\t\t\t\t<div class=\"e-con-inner\">\n\t\t\t\t<div class=\"elementor-element elementor-element-da5cac8 elementor-widget elementor-widget-st_list_service\" data-id=\"da5cac8\" data-element_type=\"widget\" data-e-type=\"widget\" data-settings=\"{&quot;item_row&quot;:&quot;4&quot;,&quot;type_form&quot;:&quot;single&quot;,&quot;order&quot;:&quot;ASC&quot;}\" data-widget_type=\"st_list_service.default\">\n\t\t\t\t<div class=\"elementor-widget-container\">\n\t\t\t\t\t    <div class=\"st-list-service grid style_2 style-1\"     >\r\n        <div class=\"service-list-wrapper service-tour\"><div class=\"row\"><div class=\"col-12 col-sm-12 col-md-6 col-lg-6 col-xl-3\"><div class=\"services-item grid item-elementor\" itemscope itemtype=\"https:\/\/schema.org\/TouristTrip\">\r\n    <div class=\"item service-border st-border-radius\">\r\n        <div class=\"featured-image\">\r\n            <div class=\"st-tag-feature-sale\">\r\n\r\n                                            <\/div>\r\n                            <a href=\"#\" class=\"login\" data-bs-toggle=\"modal\" data-bs-target=\"#st-login-form\">\r\n                    <div class=\"service-add-wishlist\" title=\"Add to wishlist\">\r\n                        <i class=\"st-border-radius field-icon\"><svg xmlns=\"http:\/\/www.w3.org\/2000\/svg\" width=\"23\" height=\"22\" viewBox=\"0 0 23 22\" fill=\"none\">\r\n        <path fill-rule=\"evenodd\" clip-rule=\"evenodd\" d=\"M0.75 7.68998C0.75 4.18927 3.57229 1.34998 7.06 1.34998C8.79674 1.34998 10.3646 2.05596 11.5003 3.19469C12.6385 2.05561 14.2122 1.34998 15.94 1.34998C19.4277 1.34998 22.25 4.18927 22.25 7.68998C22.25 11.4395 20.5107 14.4001 18.4342 16.5276C16.3683 18.6443 13.9235 19.9861 12.3657 20.5186C12.0914 20.6147 11.7773 20.65 11.5 20.65C11.2227 20.65 10.9086 20.6147 10.6343 20.5186C9.07655 19.9861 6.63169 18.6443 4.56577 16.5276C2.48932 14.4001 0.75 11.4395 0.75 7.68998Z\" fill=\"#232323\" fill-opacity=\"0.3\" stroke=\"white\" stroke-width=\"1.5\" stroke-linecap=\"round\" stroke-linejoin=\"round\"\/>\r\n        <\/svg><\/i>                        <div class=\"lds-dual-ring\"><\/div>\r\n                    <\/div>\r\n                <\/a>\r\n                        <a href=\"https:\/\/bohembalitravel.com\/en\/st_tour\/balinin-ruhunda-10-gun-harley-davidson-ile-ozgurluk-yolculugu\/\">\r\n                <img decoding=\"async\" itemprop=\"image\" src=\"https:\/\/bohembalitravel.com\/wp-content\/uploads\/2026\/01\/Bali-Harleyu-Tour-1-900x600.jpg\"\r\n                     alt=\"10-day Harley-Davidson Bali Tour\" class=\"image-feature st-hover-grow\"\/>\r\n            <\/a>\r\n                        <a href=\"\/en\/wp-json\/wp\/v2\/pages\/15324?partner_id=6\" target=\"_blank\" title=\"kadir affan yerge\"  class=\"service-avatar\"><img alt='10-day Harley-Davidson Bali Tour' src='https:\/\/secure.gravatar.com\/avatar\/a70e56fd8dc0a7ca27a61e140f5b8d324f08e3c193261937b0831c6b6756c65e?s=70&#038;d=mm&#038;r=g' srcset='https:\/\/secure.gravatar.com\/avatar\/a70e56fd8dc0a7ca27a61e140f5b8d324f08e3c193261937b0831c6b6756c65e?s=140&#038;d=mm&#038;r=g 2x' class='avatar avatar-70 photo' height='70' width='70' \/><\/a>        <\/div>\r\n        <div class=\"content-item\">\r\n                        <h3 class=\"title\" itemprop=\"name\">\r\n                <a href=\"https:\/\/bohembalitravel.com\/en\/st_tour\/balinin-ruhunda-10-gun-harley-davidson-ile-ozgurluk-yolculugu\/\"\r\n                   class=\"c-main\">10-day Harley-Davidson Bali Tour<\/a>\r\n            <\/h3>\r\n            <div class=\"reviews\">\r\n                <i class=\"stt-icon-star1\"><\/i>\r\n                <span class=\"rate\">\r\n                    0                <\/span>\r\n                <span class=\"summary\">\r\n                    (No Review)\r\n                <\/span>\r\n            <\/div>\r\n            <div class=\"section-footer\">\r\n                <div class=\"price-wrapper price-wrapper-tour d-flex align-items-end justify-content-between\">\r\n                    <span class=\"price-tour\">\r\n                        <span class=\"price d-flex justify-content-around flex-column\"><span class=\"sale-top\">From<span class=\"text-lg lh1em item \"> \u20ac5.852.00<\/span><\/span><\/span>\r\n                    <\/span>\r\n                    <span class=\"unit\"><i class=\"input-icon st-border-radius field-icon fa\"><svg height=\"16px\" width=\"16px\" version=\"1.1\" xmlns=\"http:\/\/www.w3.org\/2000\/svg\" xmlns:xlink=\"http:\/\/www.w3.org\/1999\/xlink\" x=\"0px\" y=\"0px\"\r\n     viewBox=\"0 0 24 24\" style=\"enable-background:new 0 0 24 24;\" xml:space=\"preserve\">\r\n\r\n<g fill=\"#5E6D77\">\r\n    <path d=\"M12,23.25C5.797,23.25,0.75,18.203,0.75,12C0.75,5.797,5.797,0.75,12,0.75c6.203,0,11.25,5.047,11.25,11.25\r\n        C23.25,18.203,18.203,23.25,12,23.25z M12,2.25c-5.376,0-9.75,4.374-9.75,9.75s4.374,9.75,9.75,9.75s9.75-4.374,9.75-9.75\r\n        S17.376,2.25,12,2.25z\"\/>\r\n    <path d=\"M15.75,16.5c-0.2,0-0.389-0.078-0.53-0.22l-2.25-2.25c-0.302,0.145-0.632,0.22-0.969,0.22c-1.241,0-2.25-1.009-2.25-2.25\r\n        c0-0.96,0.615-1.808,1.5-2.121V5.25c0-0.414,0.336-0.75,0.75-0.75s0.75,0.336,0.75,0.75v4.629c0.885,0.314,1.5,1.162,1.5,2.121\r\n        c0,0.338-0.075,0.668-0.22,0.969l2.25,2.25c0.292,0.292,0.292,0.768,0,1.061C16.139,16.422,15.95,16.5,15.75,16.5z M12,11.25\r\n        c-0.414,0-0.75,0.336-0.75,0.75s0.336,0.75,0.75,0.75s0.75-0.336,0.75-0.75S12.414,11.25,12,11.25z\"\/>\r\n<\/g>\r\n<\/svg><\/i>10 Days<\/span>\r\n                <\/div>\r\n            <\/div>\r\n        <\/div>\r\n    <\/div>\r\n<\/div>\r\n\r\n<\/div><\/div><\/div>    <\/div>\r\n\t\t\t\t<\/div>\n\t\t\t\t<\/div>\n\t\t\t\t\t<\/div>\n\t\t\t\t<\/div>\n\t\t\t\t<\/div>\n\t\t","protected":false},"excerpt":{"rendered":"<p>Bali Enduro Ke\u015ffi Asfalt A\u011f\u0131rl\u0131kl\u0131 10 G\u00fcnl\u00fck Macera Rotas\u0131 0 (No Review) From \u20ac4.264.00 10 Bali 10 G\u00fcn Harley-Davidson Turu 0 (No Review) From \u20ac5.852.00 10 G\u00fcn<\/p>\n","protected":false},"author":1,"featured_media":15339,"parent":0,"menu_order":0,"comment_status":"closed","ping_status":"closed","template":"","meta":{"_joinchat":[],"footnotes":""},"class_list":["post-15324","page","type-page","status-publish","has-post-thumbnail","hentry"],"yoast_head":"<!-- This site is optimized with the Yoast SEO plugin v26.9 - https:\/\/yoast.com\/product\/yoast-seo-wordpress\/ -->\n<title>BALI MOTORCYCLE TOURS - Bohem Bali Travel<\/title>\n<meta name=\"robots\" content=\"index, follow, max-snippet:-1, max-image-preview:large, max-video-preview:-1\" \/>\n<link rel=\"canonical\" href=\"https:\/\/bohembalitravel.com\/en\/bali-motorcycle-tours\/\" \/>\n<meta property=\"og:locale\" content=\"en_US\" \/>\n<meta property=\"og:type\" content=\"article\" \/>\n<meta property=\"og:title\" content=\"BALI MOTORCYCLE TOURS - Bohem Bali Travel\" \/>\n<meta property=\"og:description\" content=\"Bali Enduro Ke\u015ffi Asfalt A\u011f\u0131rl\u0131kl\u0131 10 G\u00fcnl\u00fck Macera Rotas\u0131 0 (No Review) From \u20ac4.264.00 10 Bali 10 G\u00fcn Harley-Davidson Turu 0 (No Review) From \u20ac5.852.00 10 G\u00fcn\" \/>\n<meta property=\"og:url\" content=\"https:\/\/bohembalitravel.com\/en\/bali-motorcycle-tours\/\" \/>\n<meta property=\"og:site_name\" content=\"Bohem Bali Travel\" \/>\n<meta property=\"article:modified_time\" content=\"2026-01-23T16:58:25+00:00\" \/>\n<meta property=\"og:image\" content=\"https:\/\/bohembalitravel.com\/wp-content\/uploads\/2026\/01\/Bali-Motocycle-Tour-Page-1024x1024.png\" \/>\n\t<meta property=\"og:image:width\" content=\"1024\" \/>\n\t<meta property=\"og:image:height\" content=\"1024\" \/>\n\t<meta property=\"og:image:type\" content=\"image\/png\" \/>\n<meta name=\"twitter:card\" content=\"summary_large_image\" \/>\n<meta name=\"twitter:label1\" content=\"Est. reading time\" \/>\n\t<meta name=\"twitter:data1\" content=\"2 minutes\" \/>\n<script type=\"application\/ld+json\" class=\"yoast-schema-graph\">{\"@context\":\"https:\/\/schema.org\",\"@graph\":[{\"@type\":\"WebPage\",\"@id\":\"https:\/\/bohembalitravel.com\/bali-motorcycle-tours\/\",\"url\":\"https:\/\/bohembalitravel.com\/bali-motorcycle-tours\/\",\"name\":\"BALI MOTORCYCLE TOURS - Bohem Bali Travel\",\"isPartOf\":{\"@id\":\"https:\/\/bohembalitravel.com\/en\/#website\"},\"primaryImageOfPage\":{\"@id\":\"https:\/\/bohembalitravel.com\/bali-motorcycle-tours\/#primaryimage\"},\"image\":{\"@id\":\"https:\/\/bohembalitravel.com\/bali-motorcycle-tours\/#primaryimage\"},\"thumbnailUrl\":\"https:\/\/bohembalitravel.com\/wp-content\/uploads\/2026\/01\/Bali-Motocycle-Tour-Page.png\",\"datePublished\":\"2026-01-23T16:14:39+00:00\",\"dateModified\":\"2026-01-23T16:58:25+00:00\",\"breadcrumb\":{\"@id\":\"https:\/\/bohembalitravel.com\/bali-motorcycle-tours\/#breadcrumb\"},\"inLanguage\":\"en-US\",\"potentialAction\":[{\"@type\":\"ReadAction\",\"target\":[\"https:\/\/bohembalitravel.com\/bali-motorcycle-tours\/\"]}]},{\"@type\":\"ImageObject\",\"inLanguage\":\"en-US\",\"@id\":\"https:\/\/bohembalitravel.com\/bali-motorcycle-tours\/#primaryimage\",\"url\":\"https:\/\/bohembalitravel.com\/wp-content\/uploads\/2026\/01\/Bali-Motocycle-Tour-Page.png\",\"contentUrl\":\"https:\/\/bohembalitravel.com\/wp-content\/uploads\/2026\/01\/Bali-Motocycle-Tour-Page.png\",\"width\":2528,\"height\":1696},{\"@type\":\"BreadcrumbList\",\"@id\":\"https:\/\/bohembalitravel.com\/bali-motorcycle-tours\/#breadcrumb\",\"itemListElement\":[{\"@type\":\"ListItem\",\"position\":1,\"name\":\"Home\",\"item\":\"https:\/\/bohembalitravel.com\/\"},{\"@type\":\"ListItem\",\"position\":2,\"name\":\"BALI MOTORCYCLE TOURS\"}]},{\"@type\":\"WebSite\",\"@id\":\"https:\/\/bohembalitravel.com\/en\/#website\",\"url\":\"https:\/\/bohembalitravel.com\/en\/\",\"name\":\"Bohem Bali Travel\",\"description\":\"\",\"publisher\":{\"@id\":\"https:\/\/bohembalitravel.com\/en\/#organization\"},\"potentialAction\":[{\"@type\":\"SearchAction\",\"target\":{\"@type\":\"EntryPoint\",\"urlTemplate\":\"https:\/\/bohembalitravel.com\/en\/?s={search_term_string}\"},\"query-input\":{\"@type\":\"PropertyValueSpecification\",\"valueRequired\":true,\"valueName\":\"search_term_string\"}}],\"inLanguage\":\"en-US\"},{\"@type\":\"Organization\",\"@id\":\"https:\/\/bohembalitravel.com\/en\/#organization\",\"name\":\"Bohem Bali Travel\",\"url\":\"https:\/\/bohembalitravel.com\/en\/\",\"logo\":{\"@type\":\"ImageObject\",\"inLanguage\":\"en-US\",\"@id\":\"https:\/\/bohembalitravel.com\/en\/#\/schema\/logo\/image\/\",\"url\":\"https:\/\/bohembalitravel.com\/wp-content\/uploads\/2022\/04\/bohem-bali-travel-logo.png\",\"contentUrl\":\"https:\/\/bohembalitravel.com\/wp-content\/uploads\/2022\/04\/bohem-bali-travel-logo.png\",\"width\":500,\"height\":500,\"caption\":\"Bohem Bali Travel\"},\"image\":{\"@id\":\"https:\/\/bohembalitravel.com\/en\/#\/schema\/logo\/image\/\"}}]}<\/script>\n<!-- \/ Yoast SEO plugin. -->","yoast_head_json":{"title":"BALI MOTORCYCLE TOURS - Bohem Bali Travel","robots":{"index":"index","follow":"follow","max-snippet":"max-snippet:-1","max-image-preview":"max-image-preview:large","max-video-preview":"max-video-preview:-1"},"canonical":"https:\/\/bohembalitravel.com\/en\/bali-motorcycle-tours\/","og_locale":"en_US","og_type":"article","og_title":"BALI MOTORCYCLE TOURS - Bohem Bali Travel","og_description":"Bali Enduro Ke\u015ffi Asfalt A\u011f\u0131rl\u0131kl\u0131 10 G\u00fcnl\u00fck Macera Rotas\u0131 0 (No Review) From \u20ac4.264.00 10 Bali 10 G\u00fcn Harley-Davidson Turu 0 (No Review) From \u20ac5.852.00 10 G\u00fcn","og_url":"https:\/\/bohembalitravel.com\/en\/bali-motorcycle-tours\/","og_site_name":"Bohem Bali Travel","article_modified_time":"2026-01-23T16:58:25+00:00","og_image":[{"width":1024,"height":1024,"url":"https:\/\/bohembalitravel.com\/wp-content\/uploads\/2026\/01\/Bali-Motocycle-Tour-Page-1024x1024.png","type":"image\/png"}],"twitter_card":"summary_large_image","twitter_misc":{"Est. reading time":"2 minutes"},"schema":{"@context":"https:\/\/schema.org","@graph":[{"@type":"WebPage","@id":"https:\/\/bohembalitravel.com\/bali-motorcycle-tours\/","url":"https:\/\/bohembalitravel.com\/bali-motorcycle-tours\/","name":"BALI MOTORCYCLE TOURS - Bohem Bali Travel","isPartOf":{"@id":"https:\/\/bohembalitravel.com\/en\/#website"},"primaryImageOfPage":{"@id":"https:\/\/bohembalitravel.com\/bali-motorcycle-tours\/#primaryimage"},"image":{"@id":"https:\/\/bohembalitravel.com\/bali-motorcycle-tours\/#primaryimage"},"thumbnailUrl":"https:\/\/bohembalitravel.com\/wp-content\/uploads\/2026\/01\/Bali-Motocycle-Tour-Page.png","datePublished":"2026-01-23T16:14:39+00:00","dateModified":"2026-01-23T16:58:25+00:00","breadcrumb":{"@id":"https:\/\/bohembalitravel.com\/bali-motorcycle-tours\/#breadcrumb"},"inLanguage":"en-US","potentialAction":[{"@type":"ReadAction","target":["https:\/\/bohembalitravel.com\/bali-motorcycle-tours\/"]}]},{"@type":"ImageObject","inLanguage":"en-US","@id":"https:\/\/bohembalitravel.com\/bali-motorcycle-tours\/#primaryimage","url":"https:\/\/bohembalitravel.com\/wp-content\/uploads\/2026\/01\/Bali-Motocycle-Tour-Page.png","contentUrl":"https:\/\/bohembalitravel.com\/wp-content\/uploads\/2026\/01\/Bali-Motocycle-Tour-Page.png","width":2528,"height":1696},{"@type":"BreadcrumbList","@id":"https:\/\/bohembalitravel.com\/bali-motorcycle-tours\/#breadcrumb","itemListElement":[{"@type":"ListItem","position":1,"name":"Home","item":"https:\/\/bohembalitravel.com\/"},{"@type":"ListItem","position":2,"name":"BALI MOTORCYCLE TOURS"}]},{"@type":"WebSite","@id":"https:\/\/bohembalitravel.com\/en\/#website","url":"https:\/\/bohembalitravel.com\/en\/","name":"Bohem Bali Travel","description":"","publisher":{"@id":"https:\/\/bohembalitravel.com\/en\/#organization"},"potentialAction":[{"@type":"SearchAction","target":{"@type":"EntryPoint","urlTemplate":"https:\/\/bohembalitravel.com\/en\/?s={search_term_string}"},"query-input":{"@type":"PropertyValueSpecification","valueRequired":true,"valueName":"search_term_string"}}],"inLanguage":"en-US"},{"@type":"Organization","@id":"https:\/\/bohembalitravel.com\/en\/#organization","name":"Bohem Bali Travel","url":"https:\/\/bohembalitravel.com\/en\/","logo":{"@type":"ImageObject","inLanguage":"en-US","@id":"https:\/\/bohembalitravel.com\/en\/#\/schema\/logo\/image\/","url":"https:\/\/bohembalitravel.com\/wp-content\/uploads\/2022\/04\/bohem-bali-travel-logo.png","contentUrl":"https:\/\/bohembalitravel.com\/wp-content\/uploads\/2022\/04\/bohem-bali-travel-logo.png","width":500,"height":500,"caption":"Bohem Bali Travel"},"image":{"@id":"https:\/\/bohembalitravel.com\/en\/#\/schema\/logo\/image\/"}}]}},"_links":{"self":[{"href":"https:\/\/bohembalitravel.com\/en\/wp-json\/wp\/v2\/pages\/15324","targetHints":{"allow":["GET"]}}],"collection":[{"href":"https:\/\/bohembalitravel.com\/en\/wp-json\/wp\/v2\/pages"}],"about":[{"href":"https:\/\/bohembalitravel.com\/en\/wp-json\/wp\/v2\/types\/page"}],"author":[{"embeddable":true,"href":"https:\/\/bohembalitravel.com\/en\/wp-json\/wp\/v2\/users\/1"}],"replies":[{"embeddable":true,"href":"https:\/\/bohembalitravel.com\/en\/wp-json\/wp\/v2\/comments?post=15324"}],"version-history":[{"count":10,"href":"https:\/\/bohembalitravel.com\/en\/wp-json\/wp\/v2\/pages\/15324\/revisions"}],"predecessor-version":[{"id":15336,"href":"https:\/\/bohembalitravel.com\/en\/wp-json\/wp\/v2\/pages\/15324\/revisions\/15336"}],"wp:featuredmedia":[{"embeddable":true,"href":"https:\/\/bohembalitravel.com\/en\/wp-json\/wp\/v2\/media\/15339"}],"wp:attachment":[{"href":"https:\/\/bohembalitravel.com\/en\/wp-json\/wp\/v2\/media?parent=15324"}],"curies":[{"name":"wp","href":"https:\/\/api.w.org\/{rel}","templated":true}]}}