{"id":14452,"date":"2025-11-05T13:25:29","date_gmt":"2025-11-05T13:25:29","guid":{"rendered":"https:\/\/bohembalitravel.com\/?page_id=14452"},"modified":"2026-02-15T07:35:10","modified_gmt":"2026-02-15T07:35:10","slug":"package-deals","status":"publish","type":"page","link":"https:\/\/bohembalitravel.com\/tr\/package-deals\/","title":{"rendered":"Tatil Paketleri"},"content":{"rendered":"<div data-elementor-type=\"wp-page\" data-elementor-id=\"14452\" class=\"elementor elementor-14452\">\n\t\t\t\t<div class=\"elementor-element elementor-element-054e79c e-flex e-con-boxed e-con e-parent\" data-id=\"054e79c\" data-element_type=\"container\" data-e-type=\"container\">\n\t\t\t\t\t<div class=\"e-con-inner\">\n\t\t\t\t<div class=\"elementor-element elementor-element-cef6319 elementor-widget elementor-widget-st_list_service\" data-id=\"cef6319\" data-element_type=\"widget\" data-e-type=\"widget\" data-settings=\"{&quot;item_row&quot;:&quot;4&quot;,&quot;type_form&quot;:&quot;single&quot;,&quot;order&quot;:&quot;ASC&quot;}\" data-widget_type=\"st_list_service.default\">\n\t\t\t\t<div class=\"elementor-widget-container\">\n\t\t\t\t\t    <div class=\"st-list-service grid style_2 style-1\"     >\r\n        <div class=\"service-list-wrapper service-tour\"><div class=\"row\"><div class=\"col-12 col-sm-12 col-md-6 col-lg-6 col-xl-3\"><div class=\"services-item grid item-elementor\" itemscope itemtype=\"https:\/\/schema.org\/TouristTrip\">\r\n    <div class=\"item service-border st-border-radius\">\r\n        <div class=\"featured-image\">\r\n            <div class=\"st-tag-feature-sale\">\r\n\r\n                                            <\/div>\r\n                            <a href=\"#\" class=\"login\" data-bs-toggle=\"modal\" data-bs-target=\"#st-login-form\">\r\n                    <div class=\"service-add-wishlist\" title=\"Add to wishlist\">\r\n                        <i class=\"st-border-radius field-icon\"><svg xmlns=\"http:\/\/www.w3.org\/2000\/svg\" width=\"23\" height=\"22\" viewbox=\"0 0 23 22\" fill=\"none\">\r\n        <path fill-rule=\"evenodd\" clip-rule=\"evenodd\" d=\"M0.75 7.68998C0.75 4.18927 3.57229 1.34998 7.06 1.34998C8.79674 1.34998 10.3646 2.05596 11.5003 3.19469C12.6385 2.05561 14.2122 1.34998 15.94 1.34998C19.4277 1.34998 22.25 4.18927 22.25 7.68998C22.25 11.4395 20.5107 14.4001 18.4342 16.5276C16.3683 18.6443 13.9235 19.9861 12.3657 20.5186C12.0914 20.6147 11.7773 20.65 11.5 20.65C11.2227 20.65 10.9086 20.6147 10.6343 20.5186C9.07655 19.9861 6.63169 18.6443 4.56577 16.5276C2.48932 14.4001 0.75 11.4395 0.75 7.68998Z\" fill=\"#232323\" fill-opacity=\"0.3\" stroke=\"white\" stroke-width=\"1.5\" stroke-linecap=\"round\" stroke-linejoin=\"round\"\/>\r\n        <\/svg><\/i>                        <div class=\"lds-dual-ring\"><\/div>\r\n                    <\/div>\r\n                <\/a>\r\n                        <a href=\"https:\/\/bohembalitravel.com\/tr\/st_tour\/bali-dream-package-7-nights-8-days\/\">\r\n                <img decoding=\"async\" itemprop=\"image\" src=\"https:\/\/bohembalitravel.com\/wp-content\/uploads\/2026\/02\/Bali-Dream-Package-7-Nights-8-Days-Featured-Image-900x600.png\"\r\n                     alt=\"Bali Dream Package 7 Nights 8 Days\" class=\"image-feature st-hover-grow\"\/>\r\n            <\/a>\r\n                        <a href=\"\/tr\/wp-json\/wp\/v2\/pages\/14452?partner_id=2\" target=\"_blank\" title=\"Sami Akta\u015f\"  class=\"service-avatar\"><img alt='Bali Dream Package 7 Nights 8 Days' src='https:\/\/secure.gravatar.com\/avatar\/08e276695bbcbd7be25ba787e04ecf03bae7b602cf05bc3550e4be70be24ca17?s=70&#038;d=mm&#038;r=g' srcset='https:\/\/secure.gravatar.com\/avatar\/08e276695bbcbd7be25ba787e04ecf03bae7b602cf05bc3550e4be70be24ca17?s=140&#038;d=mm&#038;r=g 2x' class='avatar avatar-70 photo' height='70' width='70' \/><\/a>        <\/div>\r\n        <div class=\"content-item\">\r\n                            <div class=\"sub-title st-address d-flex align-items-center\" itemprop=\"itinerary\" itemscope itemtype=\"https:\/\/schema.org\/ItemList\">\r\n                    <span itemprop=\"itemListElement\" itemtype=\"https:\/\/schema.org\/ListItem\" itemscope>\r\n\t\t\t\t\t\t<div itemtype=\"https:\/\/schema.org\/TouristAttraction\" itemscope>\r\n\t\t\t\t\t\t\t<i class=\"stt-icon-location1\"><\/i>\r\n\t\t\t\t\t\t\t<div itemprop=\"name\" style=\"display: inline-block\">Ubud, Gianyar, Bali, Indonesia<\/div>\r\n\t\t\t\t\t\t<\/div>\r\n\t\t\t\t\t<\/span>\r\n                <\/div>\r\n                        <h3 class=\"title\" itemprop=\"name\">\r\n                <a href=\"https:\/\/bohembalitravel.com\/tr\/st_tour\/bali-dream-package-7-nights-8-days\/\"\r\n                   class=\"c-main\">7 Gece 8 G\u00fcn Bali R\u00fcyas\u0131 Tatil Paketi<\/a>\r\n            <\/h3>\r\n            <div class=\"reviews\">\r\n                <i class=\"stt-icon-star1\"><\/i>\r\n                <span class=\"rate\">\r\n                    5                <\/span>\r\n                <span class=\"summary\">\r\n                    (2 Reviews)\r\n                <\/span>\r\n            <\/div>\r\n            <div class=\"section-footer\">\r\n                <div class=\"price-wrapper price-wrapper-tour d-flex align-items-end justify-content-between\">\r\n                    <span class=\"price-tour\">\r\n                        <span class=\"price d-flex justify-content-around flex-column\"><span class=\"sale-top\"><span class=\"text-lg lh1em item\"> \u20ac0.00<\/span><\/span><\/span>\r\n                    <\/span>\r\n                    <span class=\"unit\"><i class=\"input-icon st-border-radius field-icon fa\"><svg height=\"16px\" width=\"16px\" version=\"1.1\" xmlns=\"http:\/\/www.w3.org\/2000\/svg\" xmlns:xlink=\"http:\/\/www.w3.org\/1999\/xlink\" x=\"0px\" y=\"0px\"\r\n     viewbox=\"0 0 24 24\" style=\"enable-background:new 0 0 24 24;\" xml:space=\"preserve\">\r\n\r\n<g fill=\"#5E6D77\">\r\n    <path d=\"M12,23.25C5.797,23.25,0.75,18.203,0.75,12C0.75,5.797,5.797,0.75,12,0.75c6.203,0,11.25,5.047,11.25,11.25        C23.25,18.203,18.203,23.25,12,23.25z M12,2.25c-5.376,0-9.75,4.374-9.75,9.75s4.374,9.75,9.75,9.75s9.75-4.374,9.75-9.75        S17.376,2.25,12,2.25z\"\/>\r\n    <path d=\"M15.75,16.5c-0.2,0-0.389-0.078-0.53-0.22l-2.25-2.25c-0.302,0.145-0.632,0.22-0.969,0.22c-1.241,0-2.25-1.009-2.25-2.25        c0-0.96,0.615-1.808,1.5-2.121V5.25c0-0.414,0.336-0.75,0.75-0.75s0.75,0.336,0.75,0.75v4.629c0.885,0.314,1.5,1.162,1.5,2.121        c0,0.338-0.075,0.668-0.22,0.969l2.25,2.25c0.292,0.292,0.292,0.768,0,1.061C16.139,16.422,15.95,16.5,15.75,16.5z M12,11.25        c-0.414,0-0.75,0.336-0.75,0.75s0.336,0.75,0.75,0.75s0.75-0.336,0.75-0.75S12.414,11.25,12,11.25z\"\/>\r\n<\/g>\r\n<\/svg><\/i>8 G\u00fcn \/ 7 Gece<\/span>\r\n                <\/div>\r\n            <\/div>\r\n        <\/div>\r\n    <\/div>\r\n<\/div>\r\n\r\n<\/div><div class=\"col-12 col-sm-12 col-md-6 col-lg-6 col-xl-3\"><div class=\"services-item grid item-elementor\" itemscope itemtype=\"https:\/\/schema.org\/TouristTrip\">\r\n    <div class=\"item service-border st-border-radius\">\r\n        <div class=\"featured-image\">\r\n            <div class=\"st-tag-feature-sale\">\r\n\r\n                                            <\/div>\r\n                            <a href=\"#\" class=\"login\" data-bs-toggle=\"modal\" data-bs-target=\"#st-login-form\">\r\n                    <div class=\"service-add-wishlist\" title=\"Add to wishlist\">\r\n                        <i class=\"st-border-radius field-icon\"><svg xmlns=\"http:\/\/www.w3.org\/2000\/svg\" width=\"23\" height=\"22\" viewbox=\"0 0 23 22\" fill=\"none\">\r\n        <path fill-rule=\"evenodd\" clip-rule=\"evenodd\" d=\"M0.75 7.68998C0.75 4.18927 3.57229 1.34998 7.06 1.34998C8.79674 1.34998 10.3646 2.05596 11.5003 3.19469C12.6385 2.05561 14.2122 1.34998 15.94 1.34998C19.4277 1.34998 22.25 4.18927 22.25 7.68998C22.25 11.4395 20.5107 14.4001 18.4342 16.5276C16.3683 18.6443 13.9235 19.9861 12.3657 20.5186C12.0914 20.6147 11.7773 20.65 11.5 20.65C11.2227 20.65 10.9086 20.6147 10.6343 20.5186C9.07655 19.9861 6.63169 18.6443 4.56577 16.5276C2.48932 14.4001 0.75 11.4395 0.75 7.68998Z\" fill=\"#232323\" fill-opacity=\"0.3\" stroke=\"white\" stroke-width=\"1.5\" stroke-linecap=\"round\" stroke-linejoin=\"round\"\/>\r\n        <\/svg><\/i>                        <div class=\"lds-dual-ring\"><\/div>\r\n                    <\/div>\r\n                <\/a>\r\n                        <a href=\"https:\/\/bohembalitravel.com\/tr\/st_tour\/bali-dream-honeymoon-package-8-days-7-nights\/\">\r\n                <img decoding=\"async\" itemprop=\"image\" src=\"https:\/\/bohembalitravel.com\/wp-content\/uploads\/2026\/01\/Bali-Balayi-Paketi-Kapak-900x600.png\"\r\n                     alt=\"Bali Dream Honeymoon Package 8 Days \/ 7 Nights\" class=\"image-feature st-hover-grow\"\/>\r\n            <\/a>\r\n                        <a href=\"\/tr\/wp-json\/wp\/v2\/pages\/14452?partner_id=1\" target=\"_blank\" title=\"baris\"  class=\"service-avatar\"><img alt='Bali Dream Honeymoon Package 8 Days \/ 7 Nights' src='https:\/\/secure.gravatar.com\/avatar\/404efb71b57ea279bc1c074988ff040989f688ad7357068c8848ddd1c060d32d?s=70&#038;d=mm&#038;r=g' srcset='https:\/\/secure.gravatar.com\/avatar\/404efb71b57ea279bc1c074988ff040989f688ad7357068c8848ddd1c060d32d?s=140&#038;d=mm&#038;r=g 2x' class='avatar avatar-70 photo' height='70' width='70' \/><\/a>        <\/div>\r\n        <div class=\"content-item\">\r\n                        <h3 class=\"title\" itemprop=\"name\">\r\n                <a href=\"https:\/\/bohembalitravel.com\/tr\/st_tour\/bali-dream-honeymoon-package-8-days-7-nights\/\"\r\n                   class=\"c-main\">Bali R\u00fcya Balay\u0131 Paketi \u2013 8 G\u00fcn \/ 7 Gece<\/a>\r\n            <\/h3>\r\n            <div class=\"reviews\">\r\n                <i class=\"stt-icon-star1\"><\/i>\r\n                <span class=\"rate\">\r\n                    5                <\/span>\r\n                <span class=\"summary\">\r\n                    (2 Reviews)\r\n                <\/span>\r\n            <\/div>\r\n            <div class=\"section-footer\">\r\n                <div class=\"price-wrapper price-wrapper-tour d-flex align-items-end justify-content-between\">\r\n                    <span class=\"price-tour\">\r\n                        <span class=\"price d-flex justify-content-around flex-column\"><span class=\"sale-top\">From<span class=\"text-lg lh1em item\"> \u20ac2.750.00<\/span><\/span><\/span>\r\n                    <\/span>\r\n                    <span class=\"unit\"><i class=\"input-icon st-border-radius field-icon fa\"><svg height=\"16px\" width=\"16px\" version=\"1.1\" xmlns=\"http:\/\/www.w3.org\/2000\/svg\" xmlns:xlink=\"http:\/\/www.w3.org\/1999\/xlink\" x=\"0px\" y=\"0px\"\r\n     viewbox=\"0 0 24 24\" style=\"enable-background:new 0 0 24 24;\" xml:space=\"preserve\">\r\n\r\n<g fill=\"#5E6D77\">\r\n    <path d=\"M12,23.25C5.797,23.25,0.75,18.203,0.75,12C0.75,5.797,5.797,0.75,12,0.75c6.203,0,11.25,5.047,11.25,11.25        C23.25,18.203,18.203,23.25,12,23.25z M12,2.25c-5.376,0-9.75,4.374-9.75,9.75s4.374,9.75,9.75,9.75s9.75-4.374,9.75-9.75        S17.376,2.25,12,2.25z\"\/>\r\n    <path d=\"M15.75,16.5c-0.2,0-0.389-0.078-0.53-0.22l-2.25-2.25c-0.302,0.145-0.632,0.22-0.969,0.22c-1.241,0-2.25-1.009-2.25-2.25        c0-0.96,0.615-1.808,1.5-2.121V5.25c0-0.414,0.336-0.75,0.75-0.75s0.75,0.336,0.75,0.75v4.629c0.885,0.314,1.5,1.162,1.5,2.121        c0,0.338-0.075,0.668-0.22,0.969l2.25,2.25c0.292,0.292,0.292,0.768,0,1.061C16.139,16.422,15.95,16.5,15.75,16.5z M12,11.25        c-0.414,0-0.75,0.336-0.75,0.75s0.336,0.75,0.75,0.75s0.75-0.336,0.75-0.75S12.414,11.25,12,11.25z\"\/>\r\n<\/g>\r\n<\/svg><\/i>8 G\u00fcn \/ 7 Gece<\/span>\r\n                <\/div>\r\n            <\/div>\r\n        <\/div>\r\n    <\/div>\r\n<\/div>\r\n\r\n<\/div><div class=\"col-12 col-sm-12 col-md-6 col-lg-6 col-xl-3\"><div class=\"services-item grid item-elementor\" itemscope itemtype=\"https:\/\/schema.org\/TouristTrip\">\r\n    <div class=\"item service-border st-border-radius\">\r\n        <div class=\"featured-image\">\r\n            <div class=\"st-tag-feature-sale\">\r\n\r\n                                            <\/div>\r\n                            <a href=\"#\" class=\"login\" data-bs-toggle=\"modal\" data-bs-target=\"#st-login-form\">\r\n                    <div class=\"service-add-wishlist\" title=\"Add to wishlist\">\r\n                        <i class=\"st-border-radius field-icon\"><svg xmlns=\"http:\/\/www.w3.org\/2000\/svg\" width=\"23\" height=\"22\" viewbox=\"0 0 23 22\" fill=\"none\">\r\n        <path fill-rule=\"evenodd\" clip-rule=\"evenodd\" d=\"M0.75 7.68998C0.75 4.18927 3.57229 1.34998 7.06 1.34998C8.79674 1.34998 10.3646 2.05596 11.5003 3.19469C12.6385 2.05561 14.2122 1.34998 15.94 1.34998C19.4277 1.34998 22.25 4.18927 22.25 7.68998C22.25 11.4395 20.5107 14.4001 18.4342 16.5276C16.3683 18.6443 13.9235 19.9861 12.3657 20.5186C12.0914 20.6147 11.7773 20.65 11.5 20.65C11.2227 20.65 10.9086 20.6147 10.6343 20.5186C9.07655 19.9861 6.63169 18.6443 4.56577 16.5276C2.48932 14.4001 0.75 11.4395 0.75 7.68998Z\" fill=\"#232323\" fill-opacity=\"0.3\" stroke=\"white\" stroke-width=\"1.5\" stroke-linecap=\"round\" stroke-linejoin=\"round\"\/>\r\n        <\/svg><\/i>                        <div class=\"lds-dual-ring\"><\/div>\r\n                    <\/div>\r\n                <\/a>\r\n                        <a href=\"https:\/\/bohembalitravel.com\/tr\/st_tour\/7-gece-8-gun-ozel-bali-ruyasi-paket-tur\/\">\r\n                <img decoding=\"async\" itemprop=\"image\" src=\"https:\/\/bohembalitravel.com\/wp-content\/uploads\/2025\/12\/7-Gece-8-Gun-Bali-Ruyasi-Tur-Paketi-Classic-Paket-1-900x600.png\"\r\n                     alt=\"7 Gece 8 G\u00fcn \u00d6zel Bali R\u00fcyas\u0131 Paket Tur\" class=\"image-feature st-hover-grow\"\/>\r\n            <\/a>\r\n                        <a href=\"\/tr\/wp-json\/wp\/v2\/pages\/14452?partner_id=1\" target=\"_blank\" title=\"baris\"  class=\"service-avatar\"><img alt='7 Gece 8 G\u00fcn \u00d6zel Bali R\u00fcyas\u0131 Paket Tur' src='https:\/\/secure.gravatar.com\/avatar\/404efb71b57ea279bc1c074988ff040989f688ad7357068c8848ddd1c060d32d?s=70&#038;d=mm&#038;r=g' srcset='https:\/\/secure.gravatar.com\/avatar\/404efb71b57ea279bc1c074988ff040989f688ad7357068c8848ddd1c060d32d?s=140&#038;d=mm&#038;r=g 2x' class='avatar avatar-70 photo' height='70' width='70' \/><\/a>        <\/div>\r\n        <div class=\"content-item\">\r\n                        <h3 class=\"title\" itemprop=\"name\">\r\n                <a href=\"https:\/\/bohembalitravel.com\/tr\/st_tour\/7-gece-8-gun-ozel-bali-ruyasi-paket-tur\/\"\r\n                   class=\"c-main\">7 Gece 8 G\u00fcn \u00d6zel Bali R\u00fcyas\u0131 Paket Tur<\/a>\r\n            <\/h3>\r\n            <div class=\"reviews\">\r\n                <i class=\"stt-icon-star1\"><\/i>\r\n                <span class=\"rate\">\r\n                    5                <\/span>\r\n                <span class=\"summary\">\r\n                    (2 Reviews)\r\n                <\/span>\r\n            <\/div>\r\n            <div class=\"section-footer\">\r\n                <div class=\"price-wrapper price-wrapper-tour d-flex align-items-end justify-content-between\">\r\n                    <span class=\"price-tour\">\r\n                        <span class=\"price d-flex justify-content-around flex-column\"><span class=\"sale-top\">From<span class=\"text-lg lh1em item\"> \u20ac1.199.00<\/span><\/span><\/span>\r\n                    <\/span>\r\n                    <span class=\"unit\"><i class=\"input-icon st-border-radius field-icon fa\"><svg height=\"16px\" width=\"16px\" version=\"1.1\" xmlns=\"http:\/\/www.w3.org\/2000\/svg\" xmlns:xlink=\"http:\/\/www.w3.org\/1999\/xlink\" x=\"0px\" y=\"0px\"\r\n     viewbox=\"0 0 24 24\" style=\"enable-background:new 0 0 24 24;\" xml:space=\"preserve\">\r\n\r\n<g fill=\"#5E6D77\">\r\n    <path d=\"M12,23.25C5.797,23.25,0.75,18.203,0.75,12C0.75,5.797,5.797,0.75,12,0.75c6.203,0,11.25,5.047,11.25,11.25        C23.25,18.203,18.203,23.25,12,23.25z M12,2.25c-5.376,0-9.75,4.374-9.75,9.75s4.374,9.75,9.75,9.75s9.75-4.374,9.75-9.75        S17.376,2.25,12,2.25z\"\/>\r\n    <path d=\"M15.75,16.5c-0.2,0-0.389-0.078-0.53-0.22l-2.25-2.25c-0.302,0.145-0.632,0.22-0.969,0.22c-1.241,0-2.25-1.009-2.25-2.25        c0-0.96,0.615-1.808,1.5-2.121V5.25c0-0.414,0.336-0.75,0.75-0.75s0.75,0.336,0.75,0.75v4.629c0.885,0.314,1.5,1.162,1.5,2.121        c0,0.338-0.075,0.668-0.22,0.969l2.25,2.25c0.292,0.292,0.292,0.768,0,1.061C16.139,16.422,15.95,16.5,15.75,16.5z M12,11.25        c-0.414,0-0.75,0.336-0.75,0.75s0.336,0.75,0.75,0.75s0.75-0.336,0.75-0.75S12.414,11.25,12,11.25z\"\/>\r\n<\/g>\r\n<\/svg><\/i>7 GECE 8 G\u00dcN<\/span>\r\n                <\/div>\r\n            <\/div>\r\n        <\/div>\r\n    <\/div>\r\n<\/div>\r\n\r\n<\/div><\/div><\/div>    <\/div>\r\n\t\t\t\t<\/div>\n\t\t\t\t<\/div>\n\t\t\t\t\t<\/div>\n\t\t\t\t<\/div>\n\t\t\t\t<\/div>","protected":false},"excerpt":{"rendered":"<p>Featured Ubud, Gianyar, Bali, Indonesia Classic Bali Dream Package 7 Nights 8 Days 0 (No Review) \u20ac0.00 7 Gece 8 G\u00fcn \u00d6zel Bali R\u00fcyas\u0131 Paket Tur 0 (No Review) From \u20ac1.199.00 7 GECE 8 G\u00dcN<\/p>","protected":false},"author":1,"featured_media":15405,"parent":0,"menu_order":0,"comment_status":"closed","ping_status":"closed","template":"","meta":{"_joinchat":[],"footnotes":""},"class_list":["post-14452","page","type-page","status-publish","has-post-thumbnail","hentry"],"yoast_head":"<!-- This site is optimized with the Yoast SEO plugin v26.9 - https:\/\/yoast.com\/product\/yoast-seo-wordpress\/ -->\n<title>Holiday Packages - Bohem Bali Travel<\/title>\n<meta name=\"robots\" content=\"index, follow, max-snippet:-1, max-image-preview:large, max-video-preview:-1\" \/>\n<link rel=\"canonical\" href=\"https:\/\/bohembalitravel.com\/tr\/package-deals\/\" \/>\n<meta property=\"og:locale\" content=\"tr_TR\" \/>\n<meta property=\"og:type\" content=\"article\" \/>\n<meta property=\"og:title\" content=\"Holiday Packages - Bohem Bali Travel\" \/>\n<meta property=\"og:description\" content=\"Featured Ubud, Gianyar, Bali, Indonesia Classic Bali Dream Package 7 Nights 8 Days 0 (No Review) \u20ac0.00 7 Gece 8 G\u00fcn \u00d6zel Bali R\u00fcyas\u0131 Paket Tur 0 (No Review) From \u20ac1.199.00 7 GECE 8 G\u00dcN\" \/>\n<meta property=\"og:url\" content=\"https:\/\/bohembalitravel.com\/tr\/package-deals\/\" \/>\n<meta property=\"og:site_name\" content=\"Bohem Bali Travel\" \/>\n<meta property=\"article:modified_time\" content=\"2026-02-15T07:35:10+00:00\" \/>\n<meta property=\"og:image\" content=\"https:\/\/bohembalitravel.com\/wp-content\/uploads\/2026\/02\/Bohem-Bali-Main-Page-Photo.jpg\" \/>\n\t<meta property=\"og:image:width\" content=\"1920\" \/>\n\t<meta property=\"og:image:height\" content=\"935\" \/>\n\t<meta property=\"og:image:type\" content=\"image\/jpeg\" \/>\n<meta name=\"twitter:card\" content=\"summary_large_image\" \/>\n<meta name=\"twitter:label1\" content=\"Tahmini okuma s\u00fcresi\" \/>\n\t<meta name=\"twitter:data1\" content=\"2 dakika\" \/>\n<script type=\"application\/ld+json\" class=\"yoast-schema-graph\">{\"@context\":\"https:\/\/schema.org\",\"@graph\":[{\"@type\":\"WebPage\",\"@id\":\"https:\/\/bohembalitravel.com\/package-deals\/\",\"url\":\"https:\/\/bohembalitravel.com\/package-deals\/\",\"name\":\"Holiday Packages - Bohem Bali Travel\",\"isPartOf\":{\"@id\":\"https:\/\/bohembalitravel.com\/en\/#website\"},\"primaryImageOfPage\":{\"@id\":\"https:\/\/bohembalitravel.com\/package-deals\/#primaryimage\"},\"image\":{\"@id\":\"https:\/\/bohembalitravel.com\/package-deals\/#primaryimage\"},\"thumbnailUrl\":\"https:\/\/bohembalitravel.com\/wp-content\/uploads\/2026\/02\/Bohem-Bali-Main-Page-Photo.jpg\",\"datePublished\":\"2025-11-05T13:25:29+00:00\",\"dateModified\":\"2026-02-15T07:35:10+00:00\",\"breadcrumb\":{\"@id\":\"https:\/\/bohembalitravel.com\/package-deals\/#breadcrumb\"},\"inLanguage\":\"tr\",\"potentialAction\":[{\"@type\":\"ReadAction\",\"target\":[\"https:\/\/bohembalitravel.com\/package-deals\/\"]}]},{\"@type\":\"ImageObject\",\"inLanguage\":\"tr\",\"@id\":\"https:\/\/bohembalitravel.com\/package-deals\/#primaryimage\",\"url\":\"https:\/\/bohembalitravel.com\/wp-content\/uploads\/2026\/02\/Bohem-Bali-Main-Page-Photo.jpg\",\"contentUrl\":\"https:\/\/bohembalitravel.com\/wp-content\/uploads\/2026\/02\/Bohem-Bali-Main-Page-Photo.jpg\",\"width\":1920,\"height\":935,\"caption\":\"Panorama of Sunrise at Pura Ulun Danu Beratan Bedugul temple on a lake in Bali, Indonesia\"},{\"@type\":\"BreadcrumbList\",\"@id\":\"https:\/\/bohembalitravel.com\/package-deals\/#breadcrumb\",\"itemListElement\":[{\"@type\":\"ListItem\",\"position\":1,\"name\":\"Home\",\"item\":\"https:\/\/bohembalitravel.com\/\"},{\"@type\":\"ListItem\",\"position\":2,\"name\":\"Holiday Packages\"}]},{\"@type\":\"WebSite\",\"@id\":\"https:\/\/bohembalitravel.com\/en\/#website\",\"url\":\"https:\/\/bohembalitravel.com\/en\/\",\"name\":\"Bohem Bali Travel\",\"description\":\"\",\"publisher\":{\"@id\":\"https:\/\/bohembalitravel.com\/en\/#organization\"},\"potentialAction\":[{\"@type\":\"SearchAction\",\"target\":{\"@type\":\"EntryPoint\",\"urlTemplate\":\"https:\/\/bohembalitravel.com\/en\/?s={search_term_string}\"},\"query-input\":{\"@type\":\"PropertyValueSpecification\",\"valueRequired\":true,\"valueName\":\"search_term_string\"}}],\"inLanguage\":\"tr\"},{\"@type\":\"Organization\",\"@id\":\"https:\/\/bohembalitravel.com\/en\/#organization\",\"name\":\"Bohem Bali Travel\",\"url\":\"https:\/\/bohembalitravel.com\/en\/\",\"logo\":{\"@type\":\"ImageObject\",\"inLanguage\":\"tr\",\"@id\":\"https:\/\/bohembalitravel.com\/en\/#\/schema\/logo\/image\/\",\"url\":\"https:\/\/bohembalitravel.com\/wp-content\/uploads\/2022\/04\/bohem-bali-travel-logo.png\",\"contentUrl\":\"https:\/\/bohembalitravel.com\/wp-content\/uploads\/2022\/04\/bohem-bali-travel-logo.png\",\"width\":500,\"height\":500,\"caption\":\"Bohem Bali Travel\"},\"image\":{\"@id\":\"https:\/\/bohembalitravel.com\/en\/#\/schema\/logo\/image\/\"}}]}<\/script>\n<!-- \/ Yoast SEO plugin. -->","yoast_head_json":{"title":"Holiday Packages - Bohem Bali Travel","robots":{"index":"index","follow":"follow","max-snippet":"max-snippet:-1","max-image-preview":"max-image-preview:large","max-video-preview":"max-video-preview:-1"},"canonical":"https:\/\/bohembalitravel.com\/tr\/package-deals\/","og_locale":"tr_TR","og_type":"article","og_title":"Holiday Packages - Bohem Bali Travel","og_description":"Featured Ubud, Gianyar, Bali, Indonesia Classic Bali Dream Package 7 Nights 8 Days 0 (No Review) \u20ac0.00 7 Gece 8 G\u00fcn \u00d6zel Bali R\u00fcyas\u0131 Paket Tur 0 (No Review) From \u20ac1.199.00 7 GECE 8 G\u00dcN","og_url":"https:\/\/bohembalitravel.com\/tr\/package-deals\/","og_site_name":"Bohem Bali Travel","article_modified_time":"2026-02-15T07:35:10+00:00","og_image":[{"width":1920,"height":935,"url":"https:\/\/bohembalitravel.com\/wp-content\/uploads\/2026\/02\/Bohem-Bali-Main-Page-Photo.jpg","type":"image\/jpeg"}],"twitter_card":"summary_large_image","twitter_misc":{"Tahmini okuma s\u00fcresi":"2 dakika"},"schema":{"@context":"https:\/\/schema.org","@graph":[{"@type":"WebPage","@id":"https:\/\/bohembalitravel.com\/package-deals\/","url":"https:\/\/bohembalitravel.com\/package-deals\/","name":"Holiday Packages - Bohem Bali Travel","isPartOf":{"@id":"https:\/\/bohembalitravel.com\/en\/#website"},"primaryImageOfPage":{"@id":"https:\/\/bohembalitravel.com\/package-deals\/#primaryimage"},"image":{"@id":"https:\/\/bohembalitravel.com\/package-deals\/#primaryimage"},"thumbnailUrl":"https:\/\/bohembalitravel.com\/wp-content\/uploads\/2026\/02\/Bohem-Bali-Main-Page-Photo.jpg","datePublished":"2025-11-05T13:25:29+00:00","dateModified":"2026-02-15T07:35:10+00:00","breadcrumb":{"@id":"https:\/\/bohembalitravel.com\/package-deals\/#breadcrumb"},"inLanguage":"tr","potentialAction":[{"@type":"ReadAction","target":["https:\/\/bohembalitravel.com\/package-deals\/"]}]},{"@type":"ImageObject","inLanguage":"tr","@id":"https:\/\/bohembalitravel.com\/package-deals\/#primaryimage","url":"https:\/\/bohembalitravel.com\/wp-content\/uploads\/2026\/02\/Bohem-Bali-Main-Page-Photo.jpg","contentUrl":"https:\/\/bohembalitravel.com\/wp-content\/uploads\/2026\/02\/Bohem-Bali-Main-Page-Photo.jpg","width":1920,"height":935,"caption":"Panorama of Sunrise at Pura Ulun Danu Beratan Bedugul temple on a lake in Bali, Indonesia"},{"@type":"BreadcrumbList","@id":"https:\/\/bohembalitravel.com\/package-deals\/#breadcrumb","itemListElement":[{"@type":"ListItem","position":1,"name":"Home","item":"https:\/\/bohembalitravel.com\/"},{"@type":"ListItem","position":2,"name":"Holiday Packages"}]},{"@type":"WebSite","@id":"https:\/\/bohembalitravel.com\/en\/#website","url":"https:\/\/bohembalitravel.com\/en\/","name":"sizi Do\u011fu Bali\u2019nin zarif g\u00fczelliklerine g\u00f6t\u00fcr\u00fcyor.","description":"","publisher":{"@id":"https:\/\/bohembalitravel.com\/en\/#organization"},"potentialAction":[{"@type":"SearchAction","target":{"@type":"EntryPoint","urlTemplate":"https:\/\/bohembalitravel.com\/en\/?s={search_term_string}"},"query-input":{"@type":"PropertyValueSpecification","valueRequired":true,"valueName":"search_term_string"}}],"inLanguage":"tr"},{"@type":"Organization","@id":"https:\/\/bohembalitravel.com\/en\/#organization","name":"sizi Do\u011fu Bali\u2019nin zarif g\u00fczelliklerine g\u00f6t\u00fcr\u00fcyor.","url":"https:\/\/bohembalitravel.com\/en\/","logo":{"@type":"ImageObject","inLanguage":"tr","@id":"https:\/\/bohembalitravel.com\/en\/#\/schema\/logo\/image\/","url":"https:\/\/bohembalitravel.com\/wp-content\/uploads\/2022\/04\/bohem-bali-travel-logo.png","contentUrl":"https:\/\/bohembalitravel.com\/wp-content\/uploads\/2022\/04\/bohem-bali-travel-logo.png","width":500,"height":500,"caption":"Bohem Bali Travel"},"image":{"@id":"https:\/\/bohembalitravel.com\/en\/#\/schema\/logo\/image\/"}}]}},"_links":{"self":[{"href":"https:\/\/bohembalitravel.com\/tr\/wp-json\/wp\/v2\/pages\/14452","targetHints":{"allow":["GET"]}}],"collection":[{"href":"https:\/\/bohembalitravel.com\/tr\/wp-json\/wp\/v2\/pages"}],"about":[{"href":"https:\/\/bohembalitravel.com\/tr\/wp-json\/wp\/v2\/types\/page"}],"author":[{"embeddable":true,"href":"https:\/\/bohembalitravel.com\/tr\/wp-json\/wp\/v2\/users\/1"}],"replies":[{"embeddable":true,"href":"https:\/\/bohembalitravel.com\/tr\/wp-json\/wp\/v2\/comments?post=14452"}],"version-history":[{"count":11,"href":"https:\/\/bohembalitravel.com\/tr\/wp-json\/wp\/v2\/pages\/14452\/revisions"}],"predecessor-version":[{"id":15449,"href":"https:\/\/bohembalitravel.com\/tr\/wp-json\/wp\/v2\/pages\/14452\/revisions\/15449"}],"wp:featuredmedia":[{"embeddable":true,"href":"https:\/\/bohembalitravel.com\/tr\/wp-json\/wp\/v2\/media\/15405"}],"wp:attachment":[{"href":"https:\/\/bohembalitravel.com\/tr\/wp-json\/wp\/v2\/media?parent=14452"}],"curies":[{"name":"wp","href":"https:\/\/api.w.org\/{rel}","templated":true}]}}