{"id":14954,"date":"2025-11-12T08:48:38","date_gmt":"2025-11-12T08:48:38","guid":{"rendered":"https:\/\/bohembalitravel.com\/?page_id=14954"},"modified":"2025-11-19T13:17:54","modified_gmt":"2025-11-19T13:17:54","slug":"half-day-tours","status":"publish","type":"page","link":"https:\/\/bohembalitravel.com\/tr\/half-day-tours\/","title":{"rendered":"YARIM G\u00dcN TURLAR"},"content":{"rendered":"<div data-elementor-type=\"wp-page\" data-elementor-id=\"14954\" class=\"elementor elementor-14954\">\n\t\t\t\t<div class=\"elementor-element elementor-element-29b061b e-flex e-con-boxed e-con e-parent\" data-id=\"29b061b\" data-element_type=\"container\" data-e-type=\"container\">\n\t\t\t\t\t<div class=\"e-con-inner\">\n\t\t\t\t<div class=\"elementor-element elementor-element-b96ecac elementor-widget elementor-widget-st_list_service\" data-id=\"b96ecac\" data-element_type=\"widget\" data-e-type=\"widget\" data-settings=\"{&quot;item_row&quot;:&quot;4&quot;,&quot;type_form&quot;:&quot;single&quot;,&quot;order&quot;:&quot;ASC&quot;}\" data-widget_type=\"st_list_service.default\">\n\t\t\t\t<div class=\"elementor-widget-container\">\n\t\t\t\t\t    <div class=\"st-list-service grid style_2 style-1\"     >\r\n        <div class=\"service-list-wrapper service-tour\"><div class=\"row\"><div class=\"col-12 col-sm-12 col-md-6 col-lg-6 col-xl-3\"><div class=\"services-item grid item-elementor\" itemscope itemtype=\"https:\/\/schema.org\/TouristTrip\">\r\n    <div class=\"item service-border st-border-radius\">\r\n        <div class=\"featured-image\">\r\n            <div class=\"st-tag-feature-sale\">\r\n\r\n                                            <\/div>\r\n                            <a href=\"#\" class=\"login\" data-bs-toggle=\"modal\" data-bs-target=\"#st-login-form\">\r\n                    <div class=\"service-add-wishlist\" title=\"Add to wishlist\">\r\n                        <i class=\"st-border-radius field-icon\"><svg xmlns=\"http:\/\/www.w3.org\/2000\/svg\" width=\"23\" height=\"22\" viewbox=\"0 0 23 22\" fill=\"none\">\r\n        <path fill-rule=\"evenodd\" clip-rule=\"evenodd\" d=\"M0.75 7.68998C0.75 4.18927 3.57229 1.34998 7.06 1.34998C8.79674 1.34998 10.3646 2.05596 11.5003 3.19469C12.6385 2.05561 14.2122 1.34998 15.94 1.34998C19.4277 1.34998 22.25 4.18927 22.25 7.68998C22.25 11.4395 20.5107 14.4001 18.4342 16.5276C16.3683 18.6443 13.9235 19.9861 12.3657 20.5186C12.0914 20.6147 11.7773 20.65 11.5 20.65C11.2227 20.65 10.9086 20.6147 10.6343 20.5186C9.07655 19.9861 6.63169 18.6443 4.56577 16.5276C2.48932 14.4001 0.75 11.4395 0.75 7.68998Z\" fill=\"#232323\" fill-opacity=\"0.3\" stroke=\"white\" stroke-width=\"1.5\" stroke-linecap=\"round\" stroke-linejoin=\"round\"\/>\r\n        <\/svg><\/i>                        <div class=\"lds-dual-ring\"><\/div>\r\n                    <\/div>\r\n                <\/a>\r\n                        <a href=\"https:\/\/bohembalitravel.com\/tr\/st_tour\/uluwatu-half-day-tour\/\">\r\n                <img decoding=\"async\" itemprop=\"image\" src=\"https:\/\/bohembalitravel.com\/wp-content\/uploads\/2025\/11\/Uluwatu-Half-Day-Tour-Featured-Image-900x600.png\"\r\n                     alt=\"ULUWATU HALF DAY TOUR\" class=\"image-feature st-hover-grow\"\/>\r\n            <\/a>\r\n                        <a href=\"\/tr\/wp-json\/wp\/v2\/pages\/14954?partner_id=2\" target=\"_blank\" title=\"Sami Akta\u015f\"  class=\"service-avatar\"><img alt='ULUWATU HALF DAY TOUR' src='https:\/\/secure.gravatar.com\/avatar\/08e276695bbcbd7be25ba787e04ecf03bae7b602cf05bc3550e4be70be24ca17?s=70&#038;d=mm&#038;r=g' srcset='https:\/\/secure.gravatar.com\/avatar\/08e276695bbcbd7be25ba787e04ecf03bae7b602cf05bc3550e4be70be24ca17?s=140&#038;d=mm&#038;r=g 2x' class='avatar avatar-70 photo' height='70' width='70' \/><\/a>        <\/div>\r\n        <div class=\"content-item\">\r\n                            <div class=\"sub-title st-address d-flex align-items-center\" itemprop=\"itinerary\" itemscope itemtype=\"https:\/\/schema.org\/ItemList\">\r\n                    <span itemprop=\"itemListElement\" itemtype=\"https:\/\/schema.org\/ListItem\" itemscope>\r\n\t\t\t\t\t\t<div itemtype=\"https:\/\/schema.org\/TouristAttraction\" itemscope>\r\n\t\t\t\t\t\t\t<i class=\"stt-icon-location1\"><\/i>\r\n\t\t\t\t\t\t\t<div itemprop=\"name\" style=\"display: inline-block\">Pecatu, South Kuta, Badung Regency, Bali<\/div>\r\n\t\t\t\t\t\t<\/div>\r\n\t\t\t\t\t<\/span>\r\n                <\/div>\r\n                        <h3 class=\"title\" itemprop=\"name\">\r\n                <a href=\"https:\/\/bohembalitravel.com\/tr\/st_tour\/uluwatu-half-day-tour\/\"\r\n                   class=\"c-main\">ULUWATU YARIM GU\u0308N TURU<\/a>\r\n            <\/h3>\r\n            <div class=\"reviews\">\r\n                <i class=\"stt-icon-star1\"><\/i>\r\n                <span class=\"rate\">\r\n                    0                <\/span>\r\n                <span class=\"summary\">\r\n                    (No Review)\r\n                <\/span>\r\n            <\/div>\r\n            <div class=\"section-footer\">\r\n                <div class=\"price-wrapper price-wrapper-tour d-flex align-items-end justify-content-between\">\r\n                    <span class=\"price-tour\">\r\n                        <span class=\"price d-flex justify-content-around flex-column\"><span class=\"sale-top\">From<span class=\"text-lg lh1em item\"> \u20ac50.00<\/span><\/span><\/span>\r\n                    <\/span>\r\n                    <span class=\"unit\"><i class=\"input-icon st-border-radius field-icon fa\"><svg height=\"16px\" width=\"16px\" version=\"1.1\" xmlns=\"http:\/\/www.w3.org\/2000\/svg\" xmlns:xlink=\"http:\/\/www.w3.org\/1999\/xlink\" x=\"0px\" y=\"0px\"\r\n     viewbox=\"0 0 24 24\" style=\"enable-background:new 0 0 24 24;\" xml:space=\"preserve\">\r\n\r\n<g fill=\"#5E6D77\">\r\n    <path d=\"M12,23.25C5.797,23.25,0.75,18.203,0.75,12C0.75,5.797,5.797,0.75,12,0.75c6.203,0,11.25,5.047,11.25,11.25        C23.25,18.203,18.203,23.25,12,23.25z M12,2.25c-5.376,0-9.75,4.374-9.75,9.75s4.374,9.75,9.75,9.75s9.75-4.374,9.75-9.75        S17.376,2.25,12,2.25z\"\/>\r\n    <path d=\"M15.75,16.5c-0.2,0-0.389-0.078-0.53-0.22l-2.25-2.25c-0.302,0.145-0.632,0.22-0.969,0.22c-1.241,0-2.25-1.009-2.25-2.25        c0-0.96,0.615-1.808,1.5-2.121V5.25c0-0.414,0.336-0.75,0.75-0.75s0.75,0.336,0.75,0.75v4.629c0.885,0.314,1.5,1.162,1.5,2.121        c0,0.338-0.075,0.668-0.22,0.969l2.25,2.25c0.292,0.292,0.292,0.768,0,1.061C16.139,16.422,15.95,16.5,15.75,16.5z M12,11.25        c-0.414,0-0.75,0.336-0.75,0.75s0.336,0.75,0.75,0.75s0.75-0.336,0.75-0.75S12.414,11.25,12,11.25z\"\/>\r\n<\/g>\r\n<\/svg><\/i>Half Day<\/span>\r\n                <\/div>\r\n            <\/div>\r\n        <\/div>\r\n    <\/div>\r\n<\/div>\r\n\r\n<\/div><div class=\"col-12 col-sm-12 col-md-6 col-lg-6 col-xl-3\"><div class=\"services-item grid item-elementor\" itemscope itemtype=\"https:\/\/schema.org\/TouristTrip\">\r\n    <div class=\"item service-border st-border-radius\">\r\n        <div class=\"featured-image\">\r\n            <div class=\"st-tag-feature-sale\">\r\n\r\n                                            <\/div>\r\n                            <a href=\"#\" class=\"login\" data-bs-toggle=\"modal\" data-bs-target=\"#st-login-form\">\r\n                    <div class=\"service-add-wishlist\" title=\"Add to wishlist\">\r\n                        <i class=\"st-border-radius field-icon\"><svg xmlns=\"http:\/\/www.w3.org\/2000\/svg\" width=\"23\" height=\"22\" viewbox=\"0 0 23 22\" fill=\"none\">\r\n        <path fill-rule=\"evenodd\" clip-rule=\"evenodd\" d=\"M0.75 7.68998C0.75 4.18927 3.57229 1.34998 7.06 1.34998C8.79674 1.34998 10.3646 2.05596 11.5003 3.19469C12.6385 2.05561 14.2122 1.34998 15.94 1.34998C19.4277 1.34998 22.25 4.18927 22.25 7.68998C22.25 11.4395 20.5107 14.4001 18.4342 16.5276C16.3683 18.6443 13.9235 19.9861 12.3657 20.5186C12.0914 20.6147 11.7773 20.65 11.5 20.65C11.2227 20.65 10.9086 20.6147 10.6343 20.5186C9.07655 19.9861 6.63169 18.6443 4.56577 16.5276C2.48932 14.4001 0.75 11.4395 0.75 7.68998Z\" fill=\"#232323\" fill-opacity=\"0.3\" stroke=\"white\" stroke-width=\"1.5\" stroke-linecap=\"round\" stroke-linejoin=\"round\"\/>\r\n        <\/svg><\/i>                        <div class=\"lds-dual-ring\"><\/div>\r\n                    <\/div>\r\n                <\/a>\r\n                        <a href=\"https:\/\/bohembalitravel.com\/tr\/st_tour\/ubud-half-day-tour\/\">\r\n                <img decoding=\"async\" itemprop=\"image\" src=\"https:\/\/bohembalitravel.com\/wp-content\/uploads\/2025\/11\/Ubud-Half-Day-Tour-Featured-Image-900x600.png\"\r\n                     alt=\"UBUD HALF DAY TOUR\" class=\"image-feature st-hover-grow\"\/>\r\n            <\/a>\r\n                        <a href=\"\/tr\/wp-json\/wp\/v2\/pages\/14954?partner_id=2\" target=\"_blank\" title=\"Sami Akta\u015f\"  class=\"service-avatar\"><img alt='UBUD HALF DAY TOUR' src='https:\/\/secure.gravatar.com\/avatar\/08e276695bbcbd7be25ba787e04ecf03bae7b602cf05bc3550e4be70be24ca17?s=70&#038;d=mm&#038;r=g' srcset='https:\/\/secure.gravatar.com\/avatar\/08e276695bbcbd7be25ba787e04ecf03bae7b602cf05bc3550e4be70be24ca17?s=140&#038;d=mm&#038;r=g 2x' class='avatar avatar-70 photo' height='70' width='70' \/><\/a>        <\/div>\r\n        <div class=\"content-item\">\r\n                            <div class=\"sub-title st-address d-flex align-items-center\" itemprop=\"itinerary\" itemscope itemtype=\"https:\/\/schema.org\/ItemList\">\r\n                    <span itemprop=\"itemListElement\" itemtype=\"https:\/\/schema.org\/ListItem\" itemscope>\r\n\t\t\t\t\t\t<div itemtype=\"https:\/\/schema.org\/TouristAttraction\" itemscope>\r\n\t\t\t\t\t\t\t<i class=\"stt-icon-location1\"><\/i>\r\n\t\t\t\t\t\t\t<div itemprop=\"name\" style=\"display: inline-block\">Ubud, Gianyar, Bali<\/div>\r\n\t\t\t\t\t\t<\/div>\r\n\t\t\t\t\t<\/span>\r\n                <\/div>\r\n                        <h3 class=\"title\" itemprop=\"name\">\r\n                <a href=\"https:\/\/bohembalitravel.com\/tr\/st_tour\/ubud-half-day-tour\/\"\r\n                   class=\"c-main\">UBUD YARIM GU\u0308N TURU<\/a>\r\n            <\/h3>\r\n            <div class=\"reviews\">\r\n                <i class=\"stt-icon-star1\"><\/i>\r\n                <span class=\"rate\">\r\n                    0                <\/span>\r\n                <span class=\"summary\">\r\n                    (No Review)\r\n                <\/span>\r\n            <\/div>\r\n            <div class=\"section-footer\">\r\n                <div class=\"price-wrapper price-wrapper-tour d-flex align-items-end justify-content-between\">\r\n                    <span class=\"price-tour\">\r\n                        <span class=\"price d-flex justify-content-around flex-column\"><span class=\"sale-top\">From<span class=\"text-lg lh1em item\"> \u20ac50.00<\/span><\/span><\/span>\r\n                    <\/span>\r\n                    <span class=\"unit\"><i class=\"input-icon st-border-radius field-icon fa\"><svg height=\"16px\" width=\"16px\" version=\"1.1\" xmlns=\"http:\/\/www.w3.org\/2000\/svg\" xmlns:xlink=\"http:\/\/www.w3.org\/1999\/xlink\" x=\"0px\" y=\"0px\"\r\n     viewbox=\"0 0 24 24\" style=\"enable-background:new 0 0 24 24;\" xml:space=\"preserve\">\r\n\r\n<g fill=\"#5E6D77\">\r\n    <path d=\"M12,23.25C5.797,23.25,0.75,18.203,0.75,12C0.75,5.797,5.797,0.75,12,0.75c6.203,0,11.25,5.047,11.25,11.25        C23.25,18.203,18.203,23.25,12,23.25z M12,2.25c-5.376,0-9.75,4.374-9.75,9.75s4.374,9.75,9.75,9.75s9.75-4.374,9.75-9.75        S17.376,2.25,12,2.25z\"\/>\r\n    <path d=\"M15.75,16.5c-0.2,0-0.389-0.078-0.53-0.22l-2.25-2.25c-0.302,0.145-0.632,0.22-0.969,0.22c-1.241,0-2.25-1.009-2.25-2.25        c0-0.96,0.615-1.808,1.5-2.121V5.25c0-0.414,0.336-0.75,0.75-0.75s0.75,0.336,0.75,0.75v4.629c0.885,0.314,1.5,1.162,1.5,2.121        c0,0.338-0.075,0.668-0.22,0.969l2.25,2.25c0.292,0.292,0.292,0.768,0,1.061C16.139,16.422,15.95,16.5,15.75,16.5z M12,11.25        c-0.414,0-0.75,0.336-0.75,0.75s0.336,0.75,0.75,0.75s0.75-0.336,0.75-0.75S12.414,11.25,12,11.25z\"\/>\r\n<\/g>\r\n<\/svg><\/i>Half Day<\/span>\r\n                <\/div>\r\n            <\/div>\r\n        <\/div>\r\n    <\/div>\r\n<\/div>\r\n\r\n<\/div><div class=\"col-12 col-sm-12 col-md-6 col-lg-6 col-xl-3\"><div class=\"services-item grid item-elementor\" itemscope itemtype=\"https:\/\/schema.org\/TouristTrip\">\r\n    <div class=\"item service-border st-border-radius\">\r\n        <div class=\"featured-image\">\r\n            <div class=\"st-tag-feature-sale\">\r\n\r\n                                            <\/div>\r\n                            <a href=\"#\" class=\"login\" data-bs-toggle=\"modal\" data-bs-target=\"#st-login-form\">\r\n                    <div class=\"service-add-wishlist\" title=\"Add to wishlist\">\r\n                        <i class=\"st-border-radius field-icon\"><svg xmlns=\"http:\/\/www.w3.org\/2000\/svg\" width=\"23\" height=\"22\" viewbox=\"0 0 23 22\" fill=\"none\">\r\n        <path fill-rule=\"evenodd\" clip-rule=\"evenodd\" d=\"M0.75 7.68998C0.75 4.18927 3.57229 1.34998 7.06 1.34998C8.79674 1.34998 10.3646 2.05596 11.5003 3.19469C12.6385 2.05561 14.2122 1.34998 15.94 1.34998C19.4277 1.34998 22.25 4.18927 22.25 7.68998C22.25 11.4395 20.5107 14.4001 18.4342 16.5276C16.3683 18.6443 13.9235 19.9861 12.3657 20.5186C12.0914 20.6147 11.7773 20.65 11.5 20.65C11.2227 20.65 10.9086 20.6147 10.6343 20.5186C9.07655 19.9861 6.63169 18.6443 4.56577 16.5276C2.48932 14.4001 0.75 11.4395 0.75 7.68998Z\" fill=\"#232323\" fill-opacity=\"0.3\" stroke=\"white\" stroke-width=\"1.5\" stroke-linecap=\"round\" stroke-linejoin=\"round\"\/>\r\n        <\/svg><\/i>                        <div class=\"lds-dual-ring\"><\/div>\r\n                    <\/div>\r\n                <\/a>\r\n                        <a href=\"https:\/\/bohembalitravel.com\/tr\/st_tour\/tanah-lot-half-day-tour\/\">\r\n                <img decoding=\"async\" itemprop=\"image\" src=\"https:\/\/bohembalitravel.com\/wp-content\/uploads\/2025\/11\/Tanah-Lot-Half-Day-Tour-Featured-Image-900x600.png\"\r\n                     alt=\"TANAH LOT HALF DAY TOUR\" class=\"image-feature st-hover-grow\"\/>\r\n            <\/a>\r\n                        <a href=\"\/tr\/wp-json\/wp\/v2\/pages\/14954?partner_id=2\" target=\"_blank\" title=\"Sami Akta\u015f\"  class=\"service-avatar\"><img alt='TANAH LOT HALF DAY TOUR' src='https:\/\/secure.gravatar.com\/avatar\/08e276695bbcbd7be25ba787e04ecf03bae7b602cf05bc3550e4be70be24ca17?s=70&#038;d=mm&#038;r=g' srcset='https:\/\/secure.gravatar.com\/avatar\/08e276695bbcbd7be25ba787e04ecf03bae7b602cf05bc3550e4be70be24ca17?s=140&#038;d=mm&#038;r=g 2x' class='avatar avatar-70 photo' height='70' width='70' \/><\/a>        <\/div>\r\n        <div class=\"content-item\">\r\n                            <div class=\"sub-title st-address d-flex align-items-center\" itemprop=\"itinerary\" itemscope itemtype=\"https:\/\/schema.org\/ItemList\">\r\n                    <span itemprop=\"itemListElement\" itemtype=\"https:\/\/schema.org\/ListItem\" itemscope>\r\n\t\t\t\t\t\t<div itemtype=\"https:\/\/schema.org\/TouristAttraction\" itemscope>\r\n\t\t\t\t\t\t\t<i class=\"stt-icon-location1\"><\/i>\r\n\t\t\t\t\t\t\t<div itemprop=\"name\" style=\"display: inline-block\">Beraban, Kediri, Tabanan Regency, Bali<\/div>\r\n\t\t\t\t\t\t<\/div>\r\n\t\t\t\t\t<\/span>\r\n                <\/div>\r\n                        <h3 class=\"title\" itemprop=\"name\">\r\n                <a href=\"https:\/\/bohembalitravel.com\/tr\/st_tour\/tanah-lot-half-day-tour\/\"\r\n                   class=\"c-main\">TANAH LOT YARIM GU\u0308N TURU<\/a>\r\n            <\/h3>\r\n            <div class=\"reviews\">\r\n                <i class=\"stt-icon-star1\"><\/i>\r\n                <span class=\"rate\">\r\n                    5                <\/span>\r\n                <span class=\"summary\">\r\n                    (1 Review)\r\n                <\/span>\r\n            <\/div>\r\n            <div class=\"section-footer\">\r\n                <div class=\"price-wrapper price-wrapper-tour d-flex align-items-end justify-content-between\">\r\n                    <span class=\"price-tour\">\r\n                        <span class=\"price d-flex justify-content-around flex-column\"><span class=\"sale-top\">From<span class=\"text-lg lh1em item\"> \u20ac40.00<\/span><\/span><\/span>\r\n                    <\/span>\r\n                    <span class=\"unit\"><i class=\"input-icon st-border-radius field-icon fa\"><svg height=\"16px\" width=\"16px\" version=\"1.1\" xmlns=\"http:\/\/www.w3.org\/2000\/svg\" xmlns:xlink=\"http:\/\/www.w3.org\/1999\/xlink\" x=\"0px\" y=\"0px\"\r\n     viewbox=\"0 0 24 24\" style=\"enable-background:new 0 0 24 24;\" xml:space=\"preserve\">\r\n\r\n<g fill=\"#5E6D77\">\r\n    <path d=\"M12,23.25C5.797,23.25,0.75,18.203,0.75,12C0.75,5.797,5.797,0.75,12,0.75c6.203,0,11.25,5.047,11.25,11.25        C23.25,18.203,18.203,23.25,12,23.25z M12,2.25c-5.376,0-9.75,4.374-9.75,9.75s4.374,9.75,9.75,9.75s9.75-4.374,9.75-9.75        S17.376,2.25,12,2.25z\"\/>\r\n    <path d=\"M15.75,16.5c-0.2,0-0.389-0.078-0.53-0.22l-2.25-2.25c-0.302,0.145-0.632,0.22-0.969,0.22c-1.241,0-2.25-1.009-2.25-2.25        c0-0.96,0.615-1.808,1.5-2.121V5.25c0-0.414,0.336-0.75,0.75-0.75s0.75,0.336,0.75,0.75v4.629c0.885,0.314,1.5,1.162,1.5,2.121        c0,0.338-0.075,0.668-0.22,0.969l2.25,2.25c0.292,0.292,0.292,0.768,0,1.061C16.139,16.422,15.95,16.5,15.75,16.5z M12,11.25        c-0.414,0-0.75,0.336-0.75,0.75s0.336,0.75,0.75,0.75s0.75-0.336,0.75-0.75S12.414,11.25,12,11.25z\"\/>\r\n<\/g>\r\n<\/svg><\/i>Half Day<\/span>\r\n                <\/div>\r\n            <\/div>\r\n        <\/div>\r\n    <\/div>\r\n<\/div>\r\n\r\n<\/div><\/div><\/div>    <\/div>\r\n\t\t\t\t<\/div>\n\t\t\t\t<\/div>\n\t\t\t\t\t<\/div>\n\t\t\t\t<\/div>\n\t\t\t\t<\/div>","protected":false},"excerpt":{"rendered":"<p>ULUWATU HALF DAY TOUR 0 (No Review) \u20ac0.00 UBUD HALF DAY TOUR 0 (No Review) \u20ac0.00 TANAH LOT HALF DAY TOUR 0 (No Review) \u20ac0.00<\/p>","protected":false},"author":2,"featured_media":14689,"parent":0,"menu_order":0,"comment_status":"closed","ping_status":"closed","template":"","meta":{"_joinchat":[],"footnotes":""},"class_list":["post-14954","page","type-page","status-publish","has-post-thumbnail","hentry"],"yoast_head":"<!-- This site is optimized with the Yoast SEO plugin v26.9 - https:\/\/yoast.com\/product\/yoast-seo-wordpress\/ -->\n<title>HALF DAY TOURS - Bohem Bali Travel<\/title>\n<meta name=\"robots\" content=\"index, follow, max-snippet:-1, max-image-preview:large, max-video-preview:-1\" \/>\n<link rel=\"canonical\" href=\"https:\/\/bohembalitravel.com\/tr\/half-day-tours\/\" \/>\n<meta property=\"og:locale\" content=\"tr_TR\" \/>\n<meta property=\"og:type\" content=\"article\" \/>\n<meta property=\"og:title\" content=\"HALF DAY TOURS - Bohem Bali Travel\" \/>\n<meta property=\"og:description\" content=\"ULUWATU HALF DAY TOUR 0 (No Review) \u20ac0.00 UBUD HALF DAY TOUR 0 (No Review) \u20ac0.00 TANAH LOT HALF DAY TOUR 0 (No Review) \u20ac0.00\" \/>\n<meta property=\"og:url\" content=\"https:\/\/bohembalitravel.com\/tr\/half-day-tours\/\" \/>\n<meta property=\"og:site_name\" content=\"Bohem Bali Travel\" \/>\n<meta property=\"article:modified_time\" content=\"2025-11-19T13:17:54+00:00\" \/>\n<meta property=\"og:image\" content=\"https:\/\/bohembalitravel.com\/wp-content\/uploads\/2025\/11\/8.png\" \/>\n\t<meta property=\"og:image:width\" content=\"1200\" \/>\n\t<meta property=\"og:image:height\" content=\"800\" \/>\n\t<meta property=\"og:image:type\" content=\"image\/png\" \/>\n<meta name=\"twitter:card\" content=\"summary_large_image\" \/>\n<script type=\"application\/ld+json\" class=\"yoast-schema-graph\">{\"@context\":\"https:\/\/schema.org\",\"@graph\":[{\"@type\":\"WebPage\",\"@id\":\"https:\/\/bohembalitravel.com\/half-day-tours\/\",\"url\":\"https:\/\/bohembalitravel.com\/half-day-tours\/\",\"name\":\"HALF DAY TOURS - Bohem Bali Travel\",\"isPartOf\":{\"@id\":\"https:\/\/bohembalitravel.com\/en\/#website\"},\"primaryImageOfPage\":{\"@id\":\"https:\/\/bohembalitravel.com\/half-day-tours\/#primaryimage\"},\"image\":{\"@id\":\"https:\/\/bohembalitravel.com\/half-day-tours\/#primaryimage\"},\"thumbnailUrl\":\"https:\/\/bohembalitravel.com\/wp-content\/uploads\/2025\/11\/8.png\",\"datePublished\":\"2025-11-12T08:48:38+00:00\",\"dateModified\":\"2025-11-19T13:17:54+00:00\",\"breadcrumb\":{\"@id\":\"https:\/\/bohembalitravel.com\/half-day-tours\/#breadcrumb\"},\"inLanguage\":\"tr\",\"potentialAction\":[{\"@type\":\"ReadAction\",\"target\":[\"https:\/\/bohembalitravel.com\/half-day-tours\/\"]}]},{\"@type\":\"ImageObject\",\"inLanguage\":\"tr\",\"@id\":\"https:\/\/bohembalitravel.com\/half-day-tours\/#primaryimage\",\"url\":\"https:\/\/bohembalitravel.com\/wp-content\/uploads\/2025\/11\/8.png\",\"contentUrl\":\"https:\/\/bohembalitravel.com\/wp-content\/uploads\/2025\/11\/8.png\",\"width\":1200,\"height\":800},{\"@type\":\"BreadcrumbList\",\"@id\":\"https:\/\/bohembalitravel.com\/half-day-tours\/#breadcrumb\",\"itemListElement\":[{\"@type\":\"ListItem\",\"position\":1,\"name\":\"Home\",\"item\":\"https:\/\/bohembalitravel.com\/\"},{\"@type\":\"ListItem\",\"position\":2,\"name\":\"HALF DAY TOURS\"}]},{\"@type\":\"WebSite\",\"@id\":\"https:\/\/bohembalitravel.com\/en\/#website\",\"url\":\"https:\/\/bohembalitravel.com\/en\/\",\"name\":\"Bohem Bali Travel\",\"description\":\"\",\"publisher\":{\"@id\":\"https:\/\/bohembalitravel.com\/en\/#organization\"},\"potentialAction\":[{\"@type\":\"SearchAction\",\"target\":{\"@type\":\"EntryPoint\",\"urlTemplate\":\"https:\/\/bohembalitravel.com\/en\/?s={search_term_string}\"},\"query-input\":{\"@type\":\"PropertyValueSpecification\",\"valueRequired\":true,\"valueName\":\"search_term_string\"}}],\"inLanguage\":\"tr\"},{\"@type\":\"Organization\",\"@id\":\"https:\/\/bohembalitravel.com\/en\/#organization\",\"name\":\"Bohem Bali Travel\",\"url\":\"https:\/\/bohembalitravel.com\/en\/\",\"logo\":{\"@type\":\"ImageObject\",\"inLanguage\":\"tr\",\"@id\":\"https:\/\/bohembalitravel.com\/en\/#\/schema\/logo\/image\/\",\"url\":\"https:\/\/bohembalitravel.com\/wp-content\/uploads\/2022\/04\/bohem-bali-travel-logo.png\",\"contentUrl\":\"https:\/\/bohembalitravel.com\/wp-content\/uploads\/2022\/04\/bohem-bali-travel-logo.png\",\"width\":500,\"height\":500,\"caption\":\"Bohem Bali Travel\"},\"image\":{\"@id\":\"https:\/\/bohembalitravel.com\/en\/#\/schema\/logo\/image\/\"}}]}<\/script>\n<!-- \/ Yoast SEO plugin. -->","yoast_head_json":{"title":"HALF DAY TOURS - Bohem Bali Travel","robots":{"index":"index","follow":"follow","max-snippet":"max-snippet:-1","max-image-preview":"max-image-preview:large","max-video-preview":"max-video-preview:-1"},"canonical":"https:\/\/bohembalitravel.com\/tr\/half-day-tours\/","og_locale":"tr_TR","og_type":"article","og_title":"HALF DAY TOURS - Bohem Bali Travel","og_description":"ULUWATU HALF DAY TOUR 0 (No Review) \u20ac0.00 UBUD HALF DAY TOUR 0 (No Review) \u20ac0.00 TANAH LOT HALF DAY TOUR 0 (No Review) \u20ac0.00","og_url":"https:\/\/bohembalitravel.com\/tr\/half-day-tours\/","og_site_name":"Bohem Bali Travel","article_modified_time":"2025-11-19T13:17:54+00:00","og_image":[{"width":1200,"height":800,"url":"https:\/\/bohembalitravel.com\/wp-content\/uploads\/2025\/11\/8.png","type":"image\/png"}],"twitter_card":"summary_large_image","schema":{"@context":"https:\/\/schema.org","@graph":[{"@type":"WebPage","@id":"https:\/\/bohembalitravel.com\/half-day-tours\/","url":"https:\/\/bohembalitravel.com\/half-day-tours\/","name":"HALF DAY TOURS - Bohem Bali Travel","isPartOf":{"@id":"https:\/\/bohembalitravel.com\/en\/#website"},"primaryImageOfPage":{"@id":"https:\/\/bohembalitravel.com\/half-day-tours\/#primaryimage"},"image":{"@id":"https:\/\/bohembalitravel.com\/half-day-tours\/#primaryimage"},"thumbnailUrl":"https:\/\/bohembalitravel.com\/wp-content\/uploads\/2025\/11\/8.png","datePublished":"2025-11-12T08:48:38+00:00","dateModified":"2025-11-19T13:17:54+00:00","breadcrumb":{"@id":"https:\/\/bohembalitravel.com\/half-day-tours\/#breadcrumb"},"inLanguage":"tr","potentialAction":[{"@type":"ReadAction","target":["https:\/\/bohembalitravel.com\/half-day-tours\/"]}]},{"@type":"ImageObject","inLanguage":"tr","@id":"https:\/\/bohembalitravel.com\/half-day-tours\/#primaryimage","url":"https:\/\/bohembalitravel.com\/wp-content\/uploads\/2025\/11\/8.png","contentUrl":"https:\/\/bohembalitravel.com\/wp-content\/uploads\/2025\/11\/8.png","width":1200,"height":800},{"@type":"BreadcrumbList","@id":"https:\/\/bohembalitravel.com\/half-day-tours\/#breadcrumb","itemListElement":[{"@type":"ListItem","position":1,"name":"Home","item":"https:\/\/bohembalitravel.com\/"},{"@type":"ListItem","position":2,"name":"HALF DAY TOURS"}]},{"@type":"WebSite","@id":"https:\/\/bohembalitravel.com\/en\/#website","url":"https:\/\/bohembalitravel.com\/en\/","name":"sizi Do\u011fu Bali\u2019nin zarif g\u00fczelliklerine g\u00f6t\u00fcr\u00fcyor.","description":"","publisher":{"@id":"https:\/\/bohembalitravel.com\/en\/#organization"},"potentialAction":[{"@type":"SearchAction","target":{"@type":"EntryPoint","urlTemplate":"https:\/\/bohembalitravel.com\/en\/?s={search_term_string}"},"query-input":{"@type":"PropertyValueSpecification","valueRequired":true,"valueName":"search_term_string"}}],"inLanguage":"tr"},{"@type":"Organization","@id":"https:\/\/bohembalitravel.com\/en\/#organization","name":"sizi Do\u011fu Bali\u2019nin zarif g\u00fczelliklerine g\u00f6t\u00fcr\u00fcyor.","url":"https:\/\/bohembalitravel.com\/en\/","logo":{"@type":"ImageObject","inLanguage":"tr","@id":"https:\/\/bohembalitravel.com\/en\/#\/schema\/logo\/image\/","url":"https:\/\/bohembalitravel.com\/wp-content\/uploads\/2022\/04\/bohem-bali-travel-logo.png","contentUrl":"https:\/\/bohembalitravel.com\/wp-content\/uploads\/2022\/04\/bohem-bali-travel-logo.png","width":500,"height":500,"caption":"Bohem Bali Travel"},"image":{"@id":"https:\/\/bohembalitravel.com\/en\/#\/schema\/logo\/image\/"}}]}},"_links":{"self":[{"href":"https:\/\/bohembalitravel.com\/tr\/wp-json\/wp\/v2\/pages\/14954","targetHints":{"allow":["GET"]}}],"collection":[{"href":"https:\/\/bohembalitravel.com\/tr\/wp-json\/wp\/v2\/pages"}],"about":[{"href":"https:\/\/bohembalitravel.com\/tr\/wp-json\/wp\/v2\/types\/page"}],"author":[{"embeddable":true,"href":"https:\/\/bohembalitravel.com\/tr\/wp-json\/wp\/v2\/users\/2"}],"replies":[{"embeddable":true,"href":"https:\/\/bohembalitravel.com\/tr\/wp-json\/wp\/v2\/comments?post=14954"}],"version-history":[{"count":0,"href":"https:\/\/bohembalitravel.com\/tr\/wp-json\/wp\/v2\/pages\/14954\/revisions"}],"wp:featuredmedia":[{"embeddable":true,"href":"https:\/\/bohembalitravel.com\/tr\/wp-json\/wp\/v2\/media\/14689"}],"wp:attachment":[{"href":"https:\/\/bohembalitravel.com\/tr\/wp-json\/wp\/v2\/media?parent=14954"}],"curies":[{"name":"wp","href":"https:\/\/api.w.org\/{rel}","templated":true}]}}