{"id":15203,"date":"2025-12-15T09:17:39","date_gmt":"2025-12-15T09:17:39","guid":{"rendered":"https:\/\/bohembalitravel.com\/?page_id=15203"},"modified":"2025-12-15T11:09:10","modified_gmt":"2025-12-15T11:09:10","slug":"cookies","status":"publish","type":"page","link":"https:\/\/bohembalitravel.com\/tr\/cookies\/","title":{"rendered":"\u00c7erezler"},"content":{"rendered":"<p><strong>\u0130NTERNET S\u0130TEM\u0130ZDE KULLANILAN \u00c7EREZLER<\/strong><\/p>\n\n\n\n<p>\u00c7erezler; internet sitesinin daha verimli \u00e7al\u0131\u015fmas\u0131n\u0131, kullan\u0131c\u0131 deneyiminin iyile\u015ftirilmesini, sunulan hizmetlerin geli\u015ftirilmesini ve kullan\u0131m\u0131n ki\u015fiselle\u015ftirilmesini sa\u011flayan k\u00fc\u00e7\u00fck veri dosyalar\u0131d\u0131r.\nwww.bohembalitravel.com \u00fczerinde \u00e7erezler a\u015fa\u011f\u0131daki ama\u00e7larla kullan\u0131lmaktad\u0131r:<\/p>\n\n\n\n<p>\u00c7erezler bize \u015funlar\u0131 yapmam\u0131za olanak tan\u0131r:<\/p>\n\n\n\n<ul class=\"wp-block-list\">\n<li>Kullan\u0131c\u0131 tercihlerini ve ayarlar\u0131n\u0131 saklay\u0131n,<\/li>\n\n\n\n<li>Ziyaret s\u0131kl\u0131\u011f\u0131 ve sayfalarda ge\u00e7irilen s\u00fcre gibi ziyaret\u00e7i istatistiklerini analiz edin,<\/li>\n\n\n\n<li>\u00d6zelle\u015ftirilmi\u015f i\u00e7erik ve hedefli reklamlar sunun,<\/li>\n\n\n\n<li>Improve site functionality and performance.<\/li>\n<\/ul>\n\n\n\n<p>\u00c7erezler, cihaz\u0131n\u0131zda veya e-postan\u0131zda saklanan ki\u015fisel verilere eri\u015fmek i\u00e7in tasarlanmam\u0131\u015ft\u0131r ve sizi do\u011frudan tan\u0131mlayamazlar.<\/p>\n\n\n\n<hr class=\"wp-block-separator has-alpha-channel-opacity\"\/>\n\n\n\n<p><strong>\u00c7erezler nedir ve neden kullan\u0131l\u0131rlar?<\/strong><\/p>\n\n\n\n<p>\u00c7erezler, ziyaret etti\u011finiz web siteleri taraf\u0131ndan cihaz\u0131n\u0131za kaydedilen k\u00fc\u00e7\u00fck metin dosyalar\u0131d\u0131r. Bunlar \u015fu ama\u00e7larla kullan\u0131l\u0131r:<\/p>\n\n\n\n<ul class=\"wp-block-list\">\n<li>Web sitesinin performans\u0131n\u0131 ve i\u015flevselli\u011fini iyile\u015ftirin,<\/li>\n\n\n\n<li>Kullan\u0131c\u0131 deneyimini geli\u015ftirin ve \u00f6zellikleri ki\u015fiselle\u015ftirin,<\/li>\n\n\n\n<li>Hem kullan\u0131c\u0131lar hem de web sitesi i\u00e7in yasal ve ticari g\u00fcvenli\u011fi sa\u011flay\u0131n,<\/li>\n\n\n\n<li>Kullan\u0131c\u0131 davran\u0131\u015flar\u0131n\u0131 analiz edin ve hizmetleri optimize edin.<\/li>\n<\/ul>\n\n\n\n<hr class=\"wp-block-separator has-alpha-channel-opacity\"\/>\n\n\n\n<p><strong>\u00c7erez T\u00fcrleri<\/strong><\/p>\n\n\n\n<p>\u00c7erezler kullan\u0131m ama\u00e7lar\u0131na g\u00f6re a\u015fa\u011f\u0131daki kategorilere ayr\u0131l\u0131r:<\/p>\n\n\n\n<p><strong>1. Oturum \u00c7erezleri<\/strong><\/p>\n\n\n\n<p>Kullan\u0131c\u0131n\u0131n site i\u00e7i hareketlerinin do\u011fru \u015fekilde \u00e7al\u0131\u015fmas\u0131n\u0131 sa\u011flar. Sayfalar aras\u0131 bilgi aktar\u0131m\u0131 ve kullan\u0131c\u0131 giri\u015f bilgilerinin hat\u0131rlanmas\u0131 gibi temel fonksiyonlar bu \u00e7erezlerle ger\u00e7ekle\u015fir.<\/p>\n\n\n\n<p><strong>2. Performans \u00c7erezleri<\/strong><\/p>\n\n\n\n<p>Sayfa g\u00f6r\u00fcnt\u00fclenme say\u0131lar\u0131, hatalar, kullan\u0131c\u0131 davran\u0131\u015flar\u0131 ve etkile\u015fim s\u00fcreleri gibi istatistiksel verileri toplar. Ama\u00e7, sitenin performans\u0131n\u0131 art\u0131rmakt\u0131r.<\/p>\n\n\n\n<p><strong>3. Fonksiyonel \u00c7erezler<\/strong><\/p>\n\n\n\n<p>Kullan\u0131c\u0131n\u0131n tercihlerinin (dil se\u00e7imi, taray\u0131c\u0131 ayarlar\u0131 vb.) hat\u0131rlanmas\u0131n\u0131 sa\u011flar ve siteyi kullan\u0131c\u0131 i\u00e7in daha i\u015flevsel hale getirir.<\/p>\n\n\n\n<p><strong>4. Reklam ve \u00dc\u00e7\u00fcnc\u00fc Taraf \u00c7erezleri<\/strong><\/p>\n\n\n\n<p>\u00dc\u00e7\u00fcnc\u00fc taraf hizmet sa\u011flay\u0131c\u0131lar taraf\u0131ndan sa\u011flan\u0131r.\nReklam g\u00f6sterimleri, reklam performans takibi ve ki\u015fiselle\u015ftirilmi\u015f i\u00e7erik sunmak i\u00e7in kullan\u0131l\u0131r.<\/p>\n\n\n\n<hr class=\"wp-block-separator has-alpha-channel-opacity\"\/>\n\n\n\n<p>www.bohembalitravel.com adresindeki \u00e7erezlerin amac\u0131<\/p>\n\n\n\n<p>Web sitemizde kullan\u0131lan \u00e7erezler a\u015fa\u011f\u0131daki ama\u00e7lara hizmet eder:<\/p>\n\n\n\n<p><strong>G\u00fcvenlik<\/strong><\/p>\n\n\n\n<p>Sistemlerimizin g\u00fcvenli\u011fini sa\u011flamak, k\u00f6t\u00fc ama\u00e7l\u0131 kullan\u0131m giri\u015fimlerini tespit etmek ve siteyi korumak.<\/p>\n\n\n\n<p><strong>\u0130\u015flevsellik<\/strong><\/p>\n\n\n\n<p>Kullan\u0131c\u0131lar\u0131n daha kolay ve h\u0131zl\u0131 i\u015flem yapabilmesi i\u00e7in ge\u00e7mi\u015f tercihleri hat\u0131rlamak ve ki\u015fisel kullan\u0131c\u0131 deneyimi olu\u015fturmak.<\/p>\n\n\n\n<p><strong>Performans<\/strong><\/p>\n\n\n\n<p>Sitenin genel verimlili\u011fini \u00f6l\u00e7mek, kullan\u0131c\u0131 davran\u0131\u015flar\u0131n\u0131 analiz etmek ve i\u00e7erik performans\u0131n\u0131 de\u011ferlendirmek.<\/p>\n\n\n\n<hr class=\"wp-block-separator has-alpha-channel-opacity\"\/>\n\n\n\n<p><strong>\u00c7erezleri Y\u00f6netme<\/strong><\/p>\n\n\n\n<p>Taray\u0131c\u0131lar\u0131n \u00e7o\u011fu \u00e7erezleri otomatik olarak kabul edecek \u015fekilde ayarlanm\u0131\u015ft\u0131r.<br>Ancak kullan\u0131c\u0131lar isterse \u00e7erezleri:<\/p>\n\n\n\n<p>Taray\u0131c\u0131n\u0131zda \u00e7erez y\u00f6netimi i\u00e7in a\u015fa\u011f\u0131daki ad\u0131mlar\u0131 inceleyebilirsiniz:<\/p>\n\n\n\n<ul class=\"wp-block-list\">\n<li><strong>Google Chrome<\/strong> \u00c7erez Y\u00f6netimi<\/li>\n\n\n\n<li><strong>Mozilla Firefox<\/strong> \u00c7erez Y\u00f6netimi<\/li>\n\n\n\n<li><strong>Microsoft Edge<\/strong> \u00c7erez Ayarlar\u0131<\/li>\n\n\n\n<li><strong>Safari<\/strong> \u00c7erez Ayarlar\u0131<\/li>\n<\/ul>","protected":false},"excerpt":{"rendered":"<p>COOKIES USED ON OUR WEBSITE PT BOHEM BALI LIVING may collect information about visitors and their interactions with our website, www.bohembalitravel.com, through technical communication files known as cookies. These small text files are stored by your browser and help improve the overall user experience. Cookies allow us to: Cookies are not designed to access personal [&hellip;]<\/p>\n","protected":false},"author":1,"featured_media":14589,"parent":0,"menu_order":0,"comment_status":"closed","ping_status":"closed","template":"","meta":{"_joinchat":[],"footnotes":""},"class_list":["post-15203","page","type-page","status-publish","has-post-thumbnail","hentry"],"yoast_head":"<!-- This site is optimized with the Yoast SEO plugin v26.9 - https:\/\/yoast.com\/product\/yoast-seo-wordpress\/ -->\n<title>Cookies - Bohem Bali Travel<\/title>\n<meta name=\"robots\" content=\"index, follow, max-snippet:-1, max-image-preview:large, max-video-preview:-1\" \/>\n<link rel=\"canonical\" href=\"https:\/\/bohembalitravel.com\/tr\/cookies\/\" \/>\n<meta property=\"og:locale\" content=\"tr_TR\" \/>\n<meta property=\"og:type\" content=\"article\" \/>\n<meta property=\"og:title\" content=\"Cookies - Bohem Bali Travel\" \/>\n<meta property=\"og:description\" content=\"COOKIES USED ON OUR WEBSITE PT BOHEM BALI LIVING may collect information about visitors and their interactions with our website, www.bohembalitravel.com, through technical communication files known as cookies. These small text files are stored by your browser and help improve the overall user experience. Cookies allow us to: Cookies are not designed to access personal [&hellip;]\" \/>\n<meta property=\"og:url\" content=\"https:\/\/bohembalitravel.com\/tr\/cookies\/\" \/>\n<meta property=\"og:site_name\" content=\"Bohem Bali Travel\" \/>\n<meta property=\"article:modified_time\" content=\"2025-12-15T11:09:10+00:00\" \/>\n<meta property=\"og:image\" content=\"https:\/\/bohembalitravel.com\/wp-content\/uploads\/2025\/11\/EAST-BALI-FULL-DAY-TOUR-9.png\" \/>\n\t<meta property=\"og:image:width\" content=\"1200\" \/>\n\t<meta property=\"og:image:height\" content=\"800\" \/>\n\t<meta property=\"og:image:type\" content=\"image\/png\" \/>\n<meta name=\"twitter:card\" content=\"summary_large_image\" \/>\n<meta name=\"twitter:label1\" content=\"Tahmini okuma s\u00fcresi\" \/>\n\t<meta name=\"twitter:data1\" content=\"2 dakika\" \/>\n<script type=\"application\/ld+json\" class=\"yoast-schema-graph\">{\"@context\":\"https:\/\/schema.org\",\"@graph\":[{\"@type\":\"WebPage\",\"@id\":\"https:\/\/bohembalitravel.com\/cookies\/\",\"url\":\"https:\/\/bohembalitravel.com\/cookies\/\",\"name\":\"Cookies - Bohem Bali Travel\",\"isPartOf\":{\"@id\":\"https:\/\/bohembalitravel.com\/en\/#website\"},\"primaryImageOfPage\":{\"@id\":\"https:\/\/bohembalitravel.com\/cookies\/#primaryimage\"},\"image\":{\"@id\":\"https:\/\/bohembalitravel.com\/cookies\/#primaryimage\"},\"thumbnailUrl\":\"https:\/\/bohembalitravel.com\/wp-content\/uploads\/2025\/11\/EAST-BALI-FULL-DAY-TOUR-9.png\",\"datePublished\":\"2025-12-15T09:17:39+00:00\",\"dateModified\":\"2025-12-15T11:09:10+00:00\",\"breadcrumb\":{\"@id\":\"https:\/\/bohembalitravel.com\/cookies\/#breadcrumb\"},\"inLanguage\":\"tr\",\"potentialAction\":[{\"@type\":\"ReadAction\",\"target\":[\"https:\/\/bohembalitravel.com\/cookies\/\"]}]},{\"@type\":\"ImageObject\",\"inLanguage\":\"tr\",\"@id\":\"https:\/\/bohembalitravel.com\/cookies\/#primaryimage\",\"url\":\"https:\/\/bohembalitravel.com\/wp-content\/uploads\/2025\/11\/EAST-BALI-FULL-DAY-TOUR-9.png\",\"contentUrl\":\"https:\/\/bohembalitravel.com\/wp-content\/uploads\/2025\/11\/EAST-BALI-FULL-DAY-TOUR-9.png\",\"width\":1200,\"height\":800},{\"@type\":\"BreadcrumbList\",\"@id\":\"https:\/\/bohembalitravel.com\/cookies\/#breadcrumb\",\"itemListElement\":[{\"@type\":\"ListItem\",\"position\":1,\"name\":\"Home\",\"item\":\"https:\/\/bohembalitravel.com\/\"},{\"@type\":\"ListItem\",\"position\":2,\"name\":\"Cookies\"}]},{\"@type\":\"WebSite\",\"@id\":\"https:\/\/bohembalitravel.com\/en\/#website\",\"url\":\"https:\/\/bohembalitravel.com\/en\/\",\"name\":\"Bohem Bali Travel\",\"description\":\"\",\"publisher\":{\"@id\":\"https:\/\/bohembalitravel.com\/en\/#organization\"},\"potentialAction\":[{\"@type\":\"SearchAction\",\"target\":{\"@type\":\"EntryPoint\",\"urlTemplate\":\"https:\/\/bohembalitravel.com\/en\/?s={search_term_string}\"},\"query-input\":{\"@type\":\"PropertyValueSpecification\",\"valueRequired\":true,\"valueName\":\"search_term_string\"}}],\"inLanguage\":\"tr\"},{\"@type\":\"Organization\",\"@id\":\"https:\/\/bohembalitravel.com\/en\/#organization\",\"name\":\"Bohem Bali Travel\",\"url\":\"https:\/\/bohembalitravel.com\/en\/\",\"logo\":{\"@type\":\"ImageObject\",\"inLanguage\":\"tr\",\"@id\":\"https:\/\/bohembalitravel.com\/en\/#\/schema\/logo\/image\/\",\"url\":\"https:\/\/bohembalitravel.com\/wp-content\/uploads\/2022\/04\/bohem-bali-travel-logo.png\",\"contentUrl\":\"https:\/\/bohembalitravel.com\/wp-content\/uploads\/2022\/04\/bohem-bali-travel-logo.png\",\"width\":500,\"height\":500,\"caption\":\"Bohem Bali Travel\"},\"image\":{\"@id\":\"https:\/\/bohembalitravel.com\/en\/#\/schema\/logo\/image\/\"}}]}<\/script>\n<!-- \/ Yoast SEO plugin. -->","yoast_head_json":{"title":"Cookies - Bohem Bali Travel","robots":{"index":"index","follow":"follow","max-snippet":"max-snippet:-1","max-image-preview":"max-image-preview:large","max-video-preview":"max-video-preview:-1"},"canonical":"https:\/\/bohembalitravel.com\/tr\/cookies\/","og_locale":"tr_TR","og_type":"article","og_title":"Cookies - Bohem Bali Travel","og_description":"COOKIES USED ON OUR WEBSITE PT BOHEM BALI LIVING may collect information about visitors and their interactions with our website, www.bohembalitravel.com, through technical communication files known as cookies. These small text files are stored by your browser and help improve the overall user experience. Cookies allow us to: Cookies are not designed to access personal [&hellip;]","og_url":"https:\/\/bohembalitravel.com\/tr\/cookies\/","og_site_name":"Bohem Bali Travel","article_modified_time":"2025-12-15T11:09:10+00:00","og_image":[{"width":1200,"height":800,"url":"https:\/\/bohembalitravel.com\/wp-content\/uploads\/2025\/11\/EAST-BALI-FULL-DAY-TOUR-9.png","type":"image\/png"}],"twitter_card":"summary_large_image","twitter_misc":{"Tahmini okuma s\u00fcresi":"2 dakika"},"schema":{"@context":"https:\/\/schema.org","@graph":[{"@type":"WebPage","@id":"https:\/\/bohembalitravel.com\/cookies\/","url":"https:\/\/bohembalitravel.com\/cookies\/","name":"Cookies - Bohem Bali Travel","isPartOf":{"@id":"https:\/\/bohembalitravel.com\/en\/#website"},"primaryImageOfPage":{"@id":"https:\/\/bohembalitravel.com\/cookies\/#primaryimage"},"image":{"@id":"https:\/\/bohembalitravel.com\/cookies\/#primaryimage"},"thumbnailUrl":"https:\/\/bohembalitravel.com\/wp-content\/uploads\/2025\/11\/EAST-BALI-FULL-DAY-TOUR-9.png","datePublished":"2025-12-15T09:17:39+00:00","dateModified":"2025-12-15T11:09:10+00:00","breadcrumb":{"@id":"https:\/\/bohembalitravel.com\/cookies\/#breadcrumb"},"inLanguage":"tr","potentialAction":[{"@type":"ReadAction","target":["https:\/\/bohembalitravel.com\/cookies\/"]}]},{"@type":"ImageObject","inLanguage":"tr","@id":"https:\/\/bohembalitravel.com\/cookies\/#primaryimage","url":"https:\/\/bohembalitravel.com\/wp-content\/uploads\/2025\/11\/EAST-BALI-FULL-DAY-TOUR-9.png","contentUrl":"https:\/\/bohembalitravel.com\/wp-content\/uploads\/2025\/11\/EAST-BALI-FULL-DAY-TOUR-9.png","width":1200,"height":800},{"@type":"BreadcrumbList","@id":"https:\/\/bohembalitravel.com\/cookies\/#breadcrumb","itemListElement":[{"@type":"ListItem","position":1,"name":"Home","item":"https:\/\/bohembalitravel.com\/"},{"@type":"ListItem","position":2,"name":"Cookies"}]},{"@type":"WebSite","@id":"https:\/\/bohembalitravel.com\/en\/#website","url":"https:\/\/bohembalitravel.com\/en\/","name":"sizi Do\u011fu Bali\u2019nin zarif g\u00fczelliklerine g\u00f6t\u00fcr\u00fcyor.","description":"","publisher":{"@id":"https:\/\/bohembalitravel.com\/en\/#organization"},"potentialAction":[{"@type":"SearchAction","target":{"@type":"EntryPoint","urlTemplate":"https:\/\/bohembalitravel.com\/en\/?s={search_term_string}"},"query-input":{"@type":"PropertyValueSpecification","valueRequired":true,"valueName":"search_term_string"}}],"inLanguage":"tr"},{"@type":"Organization","@id":"https:\/\/bohembalitravel.com\/en\/#organization","name":"sizi Do\u011fu Bali\u2019nin zarif g\u00fczelliklerine g\u00f6t\u00fcr\u00fcyor.","url":"https:\/\/bohembalitravel.com\/en\/","logo":{"@type":"ImageObject","inLanguage":"tr","@id":"https:\/\/bohembalitravel.com\/en\/#\/schema\/logo\/image\/","url":"https:\/\/bohembalitravel.com\/wp-content\/uploads\/2022\/04\/bohem-bali-travel-logo.png","contentUrl":"https:\/\/bohembalitravel.com\/wp-content\/uploads\/2022\/04\/bohem-bali-travel-logo.png","width":500,"height":500,"caption":"Bohem Bali Travel"},"image":{"@id":"https:\/\/bohembalitravel.com\/en\/#\/schema\/logo\/image\/"}}]}},"_links":{"self":[{"href":"https:\/\/bohembalitravel.com\/tr\/wp-json\/wp\/v2\/pages\/15203","targetHints":{"allow":["GET"]}}],"collection":[{"href":"https:\/\/bohembalitravel.com\/tr\/wp-json\/wp\/v2\/pages"}],"about":[{"href":"https:\/\/bohembalitravel.com\/tr\/wp-json\/wp\/v2\/types\/page"}],"author":[{"embeddable":true,"href":"https:\/\/bohembalitravel.com\/tr\/wp-json\/wp\/v2\/users\/1"}],"replies":[{"embeddable":true,"href":"https:\/\/bohembalitravel.com\/tr\/wp-json\/wp\/v2\/comments?post=15203"}],"version-history":[{"count":4,"href":"https:\/\/bohembalitravel.com\/tr\/wp-json\/wp\/v2\/pages\/15203\/revisions"}],"predecessor-version":[{"id":15243,"href":"https:\/\/bohembalitravel.com\/tr\/wp-json\/wp\/v2\/pages\/15203\/revisions\/15243"}],"wp:featuredmedia":[{"embeddable":true,"href":"https:\/\/bohembalitravel.com\/tr\/wp-json\/wp\/v2\/media\/14589"}],"wp:attachment":[{"href":"https:\/\/bohembalitravel.com\/tr\/wp-json\/wp\/v2\/media?parent=15203"}],"curies":[{"name":"wp","href":"https:\/\/api.w.org\/{rel}","templated":true}]}}