{"id":15213,"date":"2025-12-15T09:20:24","date_gmt":"2025-12-15T09:20:24","guid":{"rendered":"https:\/\/bohembalitravel.com\/?page_id=15213"},"modified":"2025-12-15T11:07:55","modified_gmt":"2025-12-15T11:07:55","slug":"cancellation-policy","status":"publish","type":"page","link":"https:\/\/bohembalitravel.com\/tr\/cancellation-policy\/","title":{"rendered":"\u0130ptal Politikas\u0131"},"content":{"rendered":"<p><strong>\u0130ptal Politikam\u0131z<\/strong><\/p>\n\n\n\n<p>www.bohembalitravel.com, arac\u0131 acenteler veya sat\u0131\u015f dan\u0131\u015fmanlar\u0131m\u0131z ile yapt\u0131\u011f\u0131n\u0131z t\u00fcm rezervasyonlar, y\u00fcr\u00fcrl\u00fckteki uluslararas\u0131 t\u00fcketici haklar\u0131 standartlar\u0131 \u00e7er\u00e7evesinde korunur.<\/p>\n\n\n\n<p>T\u00fcm rezervasyon, sat\u0131\u015f ve iptal \u015fartlar\u0131m\u0131z; seyahat hizmetlerine ili\u015fkin mevzuat, t\u00fcketicinin korunmas\u0131na y\u00f6nelik d\u00fczenlemeler ve \u015firket i\u00e7i prosed\u00fcrlerimize g\u00f6re haz\u0131rlanm\u0131\u015ft\u0131r.<\/p>\n\n\n\n<p>Sitemiz \u00fczerinden ya da sat\u0131\u015f temsilcilerimiz arac\u0131l\u0131\u011f\u0131yla rezervasyon yap\u0131labilmesi i\u00e7in 18 ya\u015f\u0131n\u0131 doldurmu\u015f olmak gerekmektedir. Birden fazla kat\u0131l\u0131mc\u0131 olmas\u0131 halinde, rezervasyonu bir ki\u015finin yapmas\u0131 yeterlidir; ancak e-voucher veya bilet teslimi esnas\u0131nda toplam yeti\u015fkin, \u00e7ocuk ve bebek say\u0131s\u0131n\u0131n, tur tarihi ve saatinin do\u011fru \u015fekilde teyit edilmesi \u00f6nemlidir.<\/p>\n\n\n\n<hr class=\"wp-block-separator has-alpha-channel-opacity\"\/>\n\n\n\n<p><strong>\u00d6deme<\/strong><\/p>\n\n\n\n<p>www.bohembalitravel.com \u00fczerinden rezervasyon yapt\u0131\u011f\u0131n\u0131zda \u00f6deme i\u00e7in a\u015fa\u011f\u0131daki y\u00f6ntemler kullan\u0131labilir:<\/p>\n\n\n\n<ul class=\"wp-block-list\">\n<li>Havale\/EFT veya uluslararas\u0131 banka transferi,<\/li>\n\n\n\n<li>Kredi kart\u0131 ile online \u00f6deme,<\/li>\n\n\n\n<li>Baz\u0131 turlar i\u00e7in, m\u00fcmk\u00fcn oldu\u011fu durumlarda, tur ba\u015flang\u0131c\u0131nda nakit \u00f6deme (yerel i\u015f orta\u011f\u0131n\u0131n kabul \u015fartlar\u0131na ba\u011fl\u0131d\u0131r).<\/li>\n<\/ul>\n\n\n\n<p>Yo\u011fun sezonlarda ve resmi tatil d\u00f6nemlerinde kontenjan garanti alt\u0131na al\u0131nabilmesi i\u00e7in \u00f6n \u00f6deme yap\u0131lmas\u0131 tavsiye edilir.<\/p>\n\n\n\n<p>Rezervasyon i\u015flemleriniz tamamland\u0131\u011f\u0131nda taraf\u0131n\u0131za \u201cRezervasyonunuz i\u015fleme al\u0131nm\u0131\u015ft\u0131r\u201d \u015feklinde bir e-posta g\u00f6nderilir.<\/p>\n\n\n\n<hr class=\"wp-block-separator has-alpha-channel-opacity\"\/>\n\n\n\n<p><strong>Rezervasyon Onay\u0131 &amp; Bilet \/ Voucher<\/strong><\/p>\n\n\n\n<p>Rezervasyon tamamland\u0131ktan sonra, sistemde kay\u0131tl\u0131 e-posta adresinize \u00f6deme bilgileri ve rezervasyon detaylar\u0131n\u0131z\u0131 i\u00e7eren rezervasyon onay e-postas\u0131 otomatik olarak g\u00f6nderilir.<\/p>\n\n\n\n<p>E-posta almazsan\u0131z ya da bilgilerde hata oldu\u011funu d\u00fc\u015f\u00fcn\u00fcyorsan\u0131z l\u00fctfen en k\u0131sa s\u00fcrede bizimle ileti\u015fime ge\u00e7iniz.<\/p>\n\n\n\n<p>Bali ve \u00e7evresindeki t\u00fcm hizmetler i\u00e7in biletleriniz \/ tur voucher\u2019lar\u0131n\u0131z dijital olarak (e-posta ve\/veya WhatsApp \u00fczerinden) g\u00f6nderilir. Talep h\u00e2linde, b\u00f6lgedeki i\u015f ortaklar\u0131m\u0131z arac\u0131l\u0131\u011f\u0131yla bas\u0131l\u0131 voucher temin edilebilir.<\/p>\n\n\n\n<p>Gerekli durumlarda, size g\u00f6nderilen rezervasyon onay\u0131 e-postas\u0131 veya dijital voucher, tur i\u00e7in ge\u00e7erli bilet yerine kullan\u0131labilir.<\/p>\n\n\n\n<hr class=\"wp-block-separator has-alpha-channel-opacity\"\/>\n\n\n\n<p><strong>Rezervasyon De\u011fi\u015fiklikleri<\/strong><\/p>\n\n\n\n<p>Planlanmam\u0131\u015f sorunlardan kaynaklanan iptal ve de\u011fi\u015fikliklerde, www.bohembalitravel.com program ve tarih de\u011fi\u015fikli\u011fi yapma hakk\u0131n\u0131 sakl\u0131 tutar ve sizi m\u00fcmk\u00fcn oldu\u011fu \u00f6l\u00e7\u00fcde en az 1 g\u00fcn \u00f6nceden bilgilendirmek i\u00e7in azami gayret g\u00f6sterir.<\/p>\n\n\n\n<p>M\u00fc\u015fteri taraf\u0131ndan talep edilen tarih veya tur de\u011fi\u015fiklikleri ise, m\u00fcsaitlik durumuna ve yerel tedarik\u00e7inin onay\u0131na ba\u011fl\u0131 olarak ger\u00e7ekle\u015ftirilir.<\/p>\n\n\n\n<hr class=\"wp-block-separator has-alpha-channel-opacity\"\/>\n\n\n\n<p><strong>Firmam\u0131z Taraf\u0131ndan Yap\u0131lan \u0130ptaller<\/strong><\/p>\n\n\n\n<p>\u015eirketimizin t\u00fcm \u00f6zen ve dikkatine ra\u011fmen;<\/p>\n\n\n\n<ul class=\"wp-block-list\">\n<li>Olumsuz hava ko\u015fullar\u0131,<\/li>\n\n\n\n<li>\u00d6ng\u00f6r\u00fclemeyen teknik ar\u0131zalar,<\/li>\n\n\n\n<li>Do\u011fal afetler, resmi yasaklar ve benzeri m\u00fccbir sebepler<\/li>\n<\/ul>\n\n\n\n<p>nedeniyle taraf\u0131m\u0131zdan tur iptali veya ertelemesi yap\u0131labilir. Bu gibi durumlarda yapm\u0131\u015f oldu\u011funuz \u00f6demenin tamam\u0131n\u0131n iadesi taahh\u00fct edilir veya isterseniz ayn\u0131 bedel, ileriki bir tarih i\u00e7in kredi\/voucher olarak kullan\u0131labilir.<\/p>\n\n\n\n<hr class=\"wp-block-separator has-alpha-channel-opacity\"\/>\n\n\n\n<p><strong>Sizler Taraf\u0131ndan Yap\u0131lan \u0130ptaller<\/strong><\/p>\n\n\n\n<ul class=\"wp-block-list\">\n<li>Tur tarihinden en az 48 saat \u00f6nce yap\u0131lan iptallerde:<br>Bankac\u0131l\u0131k ve operasyonel giderler sebebiyle, \u00f6dedi\u011finiz toplam tutar\u0131n \u2019\u0131 iade edilir, \u2019u masraf olarak kesilir.<\/li>\n\n\n\n<li>Tur tarihine 24\u201348 saat kala yap\u0131lan iptallerde:<br>\u00d6demenin \u2019si iade edilir, \u2019si kesilir.<\/li>\n\n\n\n<li>Tur tarihine 24 saatten daha az s\u00fcre kala yap\u0131lan iptallerde:<br>Herhangi bir iade yap\u0131lmaz.<\/li>\n\n\n\n<li>Resm\u00ee tatil d\u00f6nemleri ve \u00f6zel yo\u011fun sezonlar i\u00e7in yap\u0131lan rezervasyonlarda:<br>\u0130ptallerin en az 7 g\u00fcn \u00f6ncesinden yap\u0131lmas\u0131 gerekmektedir; bu durumda toplam \u00f6demenin \u2019\u0131 iade edilir, \u2019u masraf olarak kesilir.<\/li>\n<\/ul>\n\n\n\n<p>Tur veya paket baz\u0131nda farkl\u0131 ko\u015fullar s\u00f6z konusu ise, ilgili \u00fcr\u00fcn sayfas\u0131nda belirtilen \u00f6zel iptal \u015fartlar\u0131 ge\u00e7erlidir.<\/p>\n\n\n\n<hr class=\"wp-block-separator has-alpha-channel-opacity\"\/>\n\n\n\n<p><strong>Pasaport &amp; Vize Sorumlulu\u011fu<\/strong><\/p>\n\n\n\n<p>Bali ve Endonezya\u2019ya giri\u015f i\u00e7in gerekli pasaport ge\u00e7erlilik s\u00fcresi, vize, var\u0131\u015fta vize (VOA) ve benzeri t\u00fcm yasal belgelerin temini, tamamen misafirin kendi sorumlulu\u011fundad\u0131r. Rezervasyon \u00f6ncesinde, g\u00fcncel vize ve pasaport kurallar\u0131n\u0131 kontrol etmeniz \u00f6nemle tavsiye edilir.<\/p>\n\n\n\n<hr class=\"wp-block-separator has-alpha-channel-opacity\"\/>\n\n\n\n<p><strong>\u0130ptal \/ De\u011fi\u015fiklik Talepleri ve \u0130leti\u015fim<\/strong><\/p>\n\n\n\n<p>T\u00fcm iptal ve tarih de\u011fi\u015fikli\u011fi talepleriniz i\u00e7in l\u00fctfen bize e-posta veya telefon yoluyla ula\u015f\u0131n\u0131z: info@bohembalitravel.com<\/p>","protected":false},"excerpt":{"rendered":"<p>Our Cancellation Policy All reservations made through www.bohembalitravel.com, our partner agencies or sales representatives are protected within the framework of international consumer rights standards and applicable regulations. Our booking, sales and cancellation conditions are prepared in line with tourism practices, consumer protection principles and the internal procedures of PT BOHEM BALI LIVING. To make a [&hellip;]<\/p>\n","protected":false},"author":1,"featured_media":14413,"parent":0,"menu_order":0,"comment_status":"closed","ping_status":"closed","template":"","meta":{"_joinchat":[],"footnotes":""},"class_list":["post-15213","page","type-page","status-publish","has-post-thumbnail","hentry"],"yoast_head":"<!-- This site is optimized with the Yoast SEO plugin v26.9 - https:\/\/yoast.com\/product\/yoast-seo-wordpress\/ -->\n<title>Cancellation Policy - Bohem Bali Travel<\/title>\n<meta name=\"robots\" content=\"index, follow, max-snippet:-1, max-image-preview:large, max-video-preview:-1\" \/>\n<link rel=\"canonical\" href=\"https:\/\/bohembalitravel.com\/tr\/cancellation-policy\/\" \/>\n<meta property=\"og:locale\" content=\"tr_TR\" \/>\n<meta property=\"og:type\" content=\"article\" \/>\n<meta property=\"og:title\" content=\"Cancellation Policy - Bohem Bali Travel\" \/>\n<meta property=\"og:description\" content=\"Our Cancellation Policy All reservations made through www.bohembalitravel.com, our partner agencies or sales representatives are protected within the framework of international consumer rights standards and applicable regulations. Our booking, sales and cancellation conditions are prepared in line with tourism practices, consumer protection principles and the internal procedures of PT BOHEM BALI LIVING. To make a [&hellip;]\" \/>\n<meta property=\"og:url\" content=\"https:\/\/bohembalitravel.com\/tr\/cancellation-policy\/\" \/>\n<meta property=\"og:site_name\" content=\"Bohem Bali Travel\" \/>\n<meta property=\"article:modified_time\" content=\"2025-12-15T11:07:55+00:00\" \/>\n<meta property=\"og:image\" content=\"https:\/\/bohembalitravel.com\/wp-content\/uploads\/2025\/10\/Indonesia-feautered-image-1024x1024.png\" \/>\n\t<meta property=\"og:image:width\" content=\"1024\" \/>\n\t<meta property=\"og:image:height\" content=\"1024\" \/>\n\t<meta property=\"og:image:type\" content=\"image\/png\" \/>\n<meta name=\"twitter:card\" content=\"summary_large_image\" \/>\n<meta name=\"twitter:label1\" content=\"Tahmini okuma s\u00fcresi\" \/>\n\t<meta name=\"twitter:data1\" content=\"3 dakika\" \/>\n<script type=\"application\/ld+json\" class=\"yoast-schema-graph\">{\"@context\":\"https:\/\/schema.org\",\"@graph\":[{\"@type\":\"WebPage\",\"@id\":\"https:\/\/bohembalitravel.com\/cancellation-policy\/\",\"url\":\"https:\/\/bohembalitravel.com\/cancellation-policy\/\",\"name\":\"Cancellation Policy - Bohem Bali Travel\",\"isPartOf\":{\"@id\":\"https:\/\/bohembalitravel.com\/en\/#website\"},\"primaryImageOfPage\":{\"@id\":\"https:\/\/bohembalitravel.com\/cancellation-policy\/#primaryimage\"},\"image\":{\"@id\":\"https:\/\/bohembalitravel.com\/cancellation-policy\/#primaryimage\"},\"thumbnailUrl\":\"https:\/\/bohembalitravel.com\/wp-content\/uploads\/2025\/10\/Indonesia-feautered-image.png\",\"datePublished\":\"2025-12-15T09:20:24+00:00\",\"dateModified\":\"2025-12-15T11:07:55+00:00\",\"breadcrumb\":{\"@id\":\"https:\/\/bohembalitravel.com\/cancellation-policy\/#breadcrumb\"},\"inLanguage\":\"tr\",\"potentialAction\":[{\"@type\":\"ReadAction\",\"target\":[\"https:\/\/bohembalitravel.com\/cancellation-policy\/\"]}]},{\"@type\":\"ImageObject\",\"inLanguage\":\"tr\",\"@id\":\"https:\/\/bohembalitravel.com\/cancellation-policy\/#primaryimage\",\"url\":\"https:\/\/bohembalitravel.com\/wp-content\/uploads\/2025\/10\/Indonesia-feautered-image.png\",\"contentUrl\":\"https:\/\/bohembalitravel.com\/wp-content\/uploads\/2025\/10\/Indonesia-feautered-image.png\",\"width\":1536,\"height\":1024},{\"@type\":\"BreadcrumbList\",\"@id\":\"https:\/\/bohembalitravel.com\/cancellation-policy\/#breadcrumb\",\"itemListElement\":[{\"@type\":\"ListItem\",\"position\":1,\"name\":\"Home\",\"item\":\"https:\/\/bohembalitravel.com\/\"},{\"@type\":\"ListItem\",\"position\":2,\"name\":\"Cancellation Policy\"}]},{\"@type\":\"WebSite\",\"@id\":\"https:\/\/bohembalitravel.com\/en\/#website\",\"url\":\"https:\/\/bohembalitravel.com\/en\/\",\"name\":\"Bohem Bali Travel\",\"description\":\"\",\"publisher\":{\"@id\":\"https:\/\/bohembalitravel.com\/en\/#organization\"},\"potentialAction\":[{\"@type\":\"SearchAction\",\"target\":{\"@type\":\"EntryPoint\",\"urlTemplate\":\"https:\/\/bohembalitravel.com\/en\/?s={search_term_string}\"},\"query-input\":{\"@type\":\"PropertyValueSpecification\",\"valueRequired\":true,\"valueName\":\"search_term_string\"}}],\"inLanguage\":\"tr\"},{\"@type\":\"Organization\",\"@id\":\"https:\/\/bohembalitravel.com\/en\/#organization\",\"name\":\"Bohem Bali Travel\",\"url\":\"https:\/\/bohembalitravel.com\/en\/\",\"logo\":{\"@type\":\"ImageObject\",\"inLanguage\":\"tr\",\"@id\":\"https:\/\/bohembalitravel.com\/en\/#\/schema\/logo\/image\/\",\"url\":\"https:\/\/bohembalitravel.com\/wp-content\/uploads\/2022\/04\/bohem-bali-travel-logo.png\",\"contentUrl\":\"https:\/\/bohembalitravel.com\/wp-content\/uploads\/2022\/04\/bohem-bali-travel-logo.png\",\"width\":500,\"height\":500,\"caption\":\"Bohem Bali Travel\"},\"image\":{\"@id\":\"https:\/\/bohembalitravel.com\/en\/#\/schema\/logo\/image\/\"}}]}<\/script>\n<!-- \/ Yoast SEO plugin. -->","yoast_head_json":{"title":"Cancellation Policy - Bohem Bali Travel","robots":{"index":"index","follow":"follow","max-snippet":"max-snippet:-1","max-image-preview":"max-image-preview:large","max-video-preview":"max-video-preview:-1"},"canonical":"https:\/\/bohembalitravel.com\/tr\/cancellation-policy\/","og_locale":"tr_TR","og_type":"article","og_title":"Cancellation Policy - Bohem Bali Travel","og_description":"Our Cancellation Policy All reservations made through www.bohembalitravel.com, our partner agencies or sales representatives are protected within the framework of international consumer rights standards and applicable regulations. Our booking, sales and cancellation conditions are prepared in line with tourism practices, consumer protection principles and the internal procedures of PT BOHEM BALI LIVING. To make a [&hellip;]","og_url":"https:\/\/bohembalitravel.com\/tr\/cancellation-policy\/","og_site_name":"Bohem Bali Travel","article_modified_time":"2025-12-15T11:07:55+00:00","og_image":[{"width":1024,"height":1024,"url":"https:\/\/bohembalitravel.com\/wp-content\/uploads\/2025\/10\/Indonesia-feautered-image-1024x1024.png","type":"image\/png"}],"twitter_card":"summary_large_image","twitter_misc":{"Tahmini okuma s\u00fcresi":"3 dakika"},"schema":{"@context":"https:\/\/schema.org","@graph":[{"@type":"WebPage","@id":"https:\/\/bohembalitravel.com\/cancellation-policy\/","url":"https:\/\/bohembalitravel.com\/cancellation-policy\/","name":"Cancellation Policy - Bohem Bali Travel","isPartOf":{"@id":"https:\/\/bohembalitravel.com\/en\/#website"},"primaryImageOfPage":{"@id":"https:\/\/bohembalitravel.com\/cancellation-policy\/#primaryimage"},"image":{"@id":"https:\/\/bohembalitravel.com\/cancellation-policy\/#primaryimage"},"thumbnailUrl":"https:\/\/bohembalitravel.com\/wp-content\/uploads\/2025\/10\/Indonesia-feautered-image.png","datePublished":"2025-12-15T09:20:24+00:00","dateModified":"2025-12-15T11:07:55+00:00","breadcrumb":{"@id":"https:\/\/bohembalitravel.com\/cancellation-policy\/#breadcrumb"},"inLanguage":"tr","potentialAction":[{"@type":"ReadAction","target":["https:\/\/bohembalitravel.com\/cancellation-policy\/"]}]},{"@type":"ImageObject","inLanguage":"tr","@id":"https:\/\/bohembalitravel.com\/cancellation-policy\/#primaryimage","url":"https:\/\/bohembalitravel.com\/wp-content\/uploads\/2025\/10\/Indonesia-feautered-image.png","contentUrl":"https:\/\/bohembalitravel.com\/wp-content\/uploads\/2025\/10\/Indonesia-feautered-image.png","width":1536,"height":1024},{"@type":"BreadcrumbList","@id":"https:\/\/bohembalitravel.com\/cancellation-policy\/#breadcrumb","itemListElement":[{"@type":"ListItem","position":1,"name":"Home","item":"https:\/\/bohembalitravel.com\/"},{"@type":"ListItem","position":2,"name":"Cancellation Policy"}]},{"@type":"WebSite","@id":"https:\/\/bohembalitravel.com\/en\/#website","url":"https:\/\/bohembalitravel.com\/en\/","name":"sizi Do\u011fu Bali\u2019nin zarif g\u00fczelliklerine g\u00f6t\u00fcr\u00fcyor.","description":"","publisher":{"@id":"https:\/\/bohembalitravel.com\/en\/#organization"},"potentialAction":[{"@type":"SearchAction","target":{"@type":"EntryPoint","urlTemplate":"https:\/\/bohembalitravel.com\/en\/?s={search_term_string}"},"query-input":{"@type":"PropertyValueSpecification","valueRequired":true,"valueName":"search_term_string"}}],"inLanguage":"tr"},{"@type":"Organization","@id":"https:\/\/bohembalitravel.com\/en\/#organization","name":"sizi Do\u011fu Bali\u2019nin zarif g\u00fczelliklerine g\u00f6t\u00fcr\u00fcyor.","url":"https:\/\/bohembalitravel.com\/en\/","logo":{"@type":"ImageObject","inLanguage":"tr","@id":"https:\/\/bohembalitravel.com\/en\/#\/schema\/logo\/image\/","url":"https:\/\/bohembalitravel.com\/wp-content\/uploads\/2022\/04\/bohem-bali-travel-logo.png","contentUrl":"https:\/\/bohembalitravel.com\/wp-content\/uploads\/2022\/04\/bohem-bali-travel-logo.png","width":500,"height":500,"caption":"Bohem Bali Travel"},"image":{"@id":"https:\/\/bohembalitravel.com\/en\/#\/schema\/logo\/image\/"}}]}},"_links":{"self":[{"href":"https:\/\/bohembalitravel.com\/tr\/wp-json\/wp\/v2\/pages\/15213","targetHints":{"allow":["GET"]}}],"collection":[{"href":"https:\/\/bohembalitravel.com\/tr\/wp-json\/wp\/v2\/pages"}],"about":[{"href":"https:\/\/bohembalitravel.com\/tr\/wp-json\/wp\/v2\/types\/page"}],"author":[{"embeddable":true,"href":"https:\/\/bohembalitravel.com\/tr\/wp-json\/wp\/v2\/users\/1"}],"replies":[{"embeddable":true,"href":"https:\/\/bohembalitravel.com\/tr\/wp-json\/wp\/v2\/comments?post=15213"}],"version-history":[{"count":4,"href":"https:\/\/bohembalitravel.com\/tr\/wp-json\/wp\/v2\/pages\/15213\/revisions"}],"predecessor-version":[{"id":15242,"href":"https:\/\/bohembalitravel.com\/tr\/wp-json\/wp\/v2\/pages\/15213\/revisions\/15242"}],"wp:featuredmedia":[{"embeddable":true,"href":"https:\/\/bohembalitravel.com\/tr\/wp-json\/wp\/v2\/media\/14413"}],"wp:attachment":[{"href":"https:\/\/bohembalitravel.com\/tr\/wp-json\/wp\/v2\/media?parent=15213"}],"curies":[{"name":"wp","href":"https:\/\/api.w.org\/{rel}","templated":true}]}}