{"id":15244,"date":"2025-12-15T11:22:37","date_gmt":"2025-12-15T11:22:37","guid":{"rendered":"https:\/\/bohembalitravel.com\/?page_id=15244"},"modified":"2025-12-15T11:34:29","modified_gmt":"2025-12-15T11:34:29","slug":"personal-data-protection-law-kvkk","status":"publish","type":"page","link":"https:\/\/bohembalitravel.com\/tr\/personal-data-protection-law-kvkk\/","title":{"rendered":"Ki\u015fisel Verileri Koruma Kanunu (KVKK)"},"content":{"rendered":"<p><strong>K\u0130\u015e\u0130SEL VER\u0130LER\u0130N KORUNMASI VE \u0130\u015eLENMES\u0130 POL\u0130T\u0130KASI (KVKK AYDINLATMA METN\u0130)<\/strong><\/p>\n\n\n\n<p><strong>1. Veri Sorumlusu<\/strong><\/p>\n\n\n\n<p>6698 say\u0131l\u0131 Ki\u015fisel Verilerin Korunmas\u0131 Kanunu (\"KVKK\") kapsam\u0131nda, PT BOHEM BALI LIVING olarak veri sorumlusu s\u0131fat\u0131yla, a\u015fa\u011f\u0131da a\u00e7\u0131klanan \u00e7er\u00e7evede ki\u015fisel verilerinizi i\u015fleyece\u011fimizi bildiririz.<\/p>\n\n\n\n<hr class=\"wp-block-separator has-alpha-channel-opacity\"\/>\n\n\n\n<p><strong>2. Ki\u015fisel Verilerin \u0130\u015flenme Ama\u00e7lar\u0131<\/strong><\/p>\n\n\n\n<p>\u015eirketimiz taraf\u0131ndan sunulan hizmetlerden sizleri faydaland\u0131rmak amac\u0131yla ki\u015fisel verileriniz a\u015fa\u011f\u0131daki ama\u00e7larla i\u015flenmektedir:<\/p>\n\n\n\n<ul class=\"wp-block-list\">\n<li>Seyahat, ula\u015f\u0131m, konaklama, tur ve transfer hizmetlerinin sunulmas\u0131,<\/li>\n\n\n\n<li>Rezervasyon ve \u00f6deme s\u00fcre\u00e7lerinin y\u00f6netimi,<\/li>\n\n\n\n<li>Yasal ve d\u00fczenleyici gerekliliklere uyum sa\u011flamak,<\/li>\n\n\n\n<li>Talep, \u015fik\u00e2yet ve m\u00fc\u015fteri ili\u015fkileri y\u00f6netimi,<\/li>\n\n\n\n<li>Muhasebe ve faturalama i\u015flemleri,<\/li>\n\n\n\n<li>Pazarlama, tan\u0131t\u0131m ve kampanya s\u00fcre\u00e7lerinin y\u00fcr\u00fct\u00fclmesi,<\/li>\n\n\n\n<li>M\u00fc\u015fteri memnuniyeti analizleri ve istatistiksel \u00e7al\u0131\u015fmalar,<\/li>\n\n\n\n<li>\u0130lgili mevzuat gere\u011fi yetkili kamu kurulu\u015flar\u0131na bilgi verilmesi.<\/li>\n<\/ul>\n\n\n\n<hr class=\"wp-block-separator has-alpha-channel-opacity\"\/>\n\n\n\n<p><strong>3. \u0130\u015flenen Ki\u015fisel Verileriniz<\/strong><\/p>\n\n\n\n<p>\u015eirketimiz, ki\u015fisel verilerinizi a\u015fa\u011f\u0131daki kategoriler alt\u0131nda i\u015flemektedir:<\/p>\n\n\n\n<ul class=\"wp-block-list\">\n<li><strong>Kimlik Bilgileri:<\/strong> Ad, soyad, do\u011fum tarihi, kimlik\/pasaport bilgileri,<\/li>\n\n\n\n<li><strong>\u0130leti\u015fim Bilgileri:<\/strong> Telefon numaras\u0131, e-posta adresi, a\u00e7\u0131k adres,<\/li>\n\n\n\n<li><strong>\u00d6deme Bilgileri:<\/strong> Kredi kart\u0131\/banka kart\u0131 bilgileri (\u015fifre ve CVV kodlar\u0131 kaydedilmez),<\/li>\n\n\n\n<li><strong>Seyahat Bilgileri:<\/strong> U\u00e7u\u015f, otel, transfer ve tur program\u0131 bilgileri,<\/li>\n\n\n\n<li><strong>M\u00fc\u015fteri \u0130\u015flem Bilgileri:<\/strong> Rezervasyon ge\u00e7mi\u015fi, iptal\/de\u011fi\u015fiklik kay\u0131tlar\u0131,<\/li>\n\n\n\n<li><strong>G\u00f6rsel ve \u0130\u015fitsel Kay\u0131tlar:<\/strong> \u00c7a\u011fr\u0131 merkezi g\u00f6r\u00fc\u015fme kay\u0131tlar\u0131, e-posta yaz\u0131\u015fmalar\u0131,<\/li>\n\n\n\n<li><strong>Web Kullan\u0131m Bilgileri:<\/strong> IP adresi, \u00e7erezler ve www.bohembalitravel.com sitesi \u00fczerindeki davran\u0131\u015f verileri. <a href=\"https:\/\/bohembalitravel.com\/tr\/\"><strong>www.bohembalitravel.com<\/strong><\/a>.<\/li>\n<\/ul>\n\n\n\n<hr class=\"wp-block-separator has-alpha-channel-opacity\"\/>\n\n\n\n<p><strong>4. Ki\u015fisel Verilerin Toplanma Y\u00f6ntemi ve Hukuki Sebebi<\/strong><\/p>\n\n\n\n<p>Ki\u015fisel verileriniz;<\/p>\n\n\n\n<ul class=\"wp-block-list\">\n<li>Web sitemiz www.bohembalitravel.com,<\/li>\n\n\n\n<li>\u00c7a\u011fr\u0131 merkezi ve m\u00fc\u015fteri hizmetleri,<\/li>\n\n\n\n<li>Sosyal medya hesaplar\u0131m\u0131z,<\/li>\n\n\n\n<li>E-posta, SMS ve di\u011fer dijital kanallar,<\/li>\n\n\n\n<li>Fiziksel ba\u015fvurular ve yaz\u0131l\u0131 ileti\u015fim<\/li>\n<\/ul>\n\n\n\n<p>arac\u0131l\u0131\u011f\u0131yla KVKK\u2019n\u0131n 5. ve 6. maddelerinde belirtilen hukuki sebeplere dayanarak i\u015flenmektedir.<\/p>\n\n\n\n<ul class=\"wp-block-list\">\n<li><strong>s\u00f6zle\u015fmenin ifas\u0131<\/strong> (rezervasyonlar, sat\u0131\u015flar ve hizmet sunumu)<\/li>\n\n\n\n<li><strong>Yasal y\u00fck\u00fcml\u00fcl\u00fcklerin yerine getirilmesi<\/strong> (faturalama, denetimler ve mevzuata uyumluluk)<\/li>\n\n\n\n<li><strong>Me\u015fru \u00e7\u0131karlar<\/strong> (m\u00fc\u015fteri memnuniyeti, hizmet iyile\u015ftirme)<\/li>\n\n\n\n<li><strong>A\u00e7\u0131k r\u0131za<\/strong> (Pazarlama faaliyetleri, kampanyalar ve reklamlar).<\/li>\n<\/ul>\n\n\n\n<hr class=\"wp-block-separator has-alpha-channel-opacity\"\/>\n\n\n\n<p><strong>5. Ki\u015fisel Verilerin Aktar\u0131m\u0131<\/strong><\/p>\n\n\n\n<p>Verileriniz a\u015fa\u011f\u0131daki durumlarda \u00fc\u00e7\u00fcnc\u00fc taraflarla payla\u015f\u0131labilir:<\/p>\n\n\n\n<ul class=\"wp-block-list\">\n<li><strong>Hizmet Sa\u011flay\u0131c\u0131lar:<\/strong> Havayollar\u0131, konaklama ortaklar\u0131, transfer ve tur operat\u00f6rleri, i\u015f ortaklar\u0131,<\/li>\n\n\n\n<li><strong>Yetkili Kamu Kurumlar\u0131:<\/strong> Vergi daireleri, kolluk kuvvetleri, mahkemeler ve di\u011fer d\u00fczenleyici kurumlar,<\/li>\n\n\n\n<li><strong>\u00d6deme \u0130\u015flemcileri:<\/strong> Bankalar, kredi kart\u0131 \u015firketleri ve e-ticaret altyap\u0131 sa\u011flay\u0131c\u0131lar\u0131,<\/li>\n\n\n\n<li><strong>Hukuki Destek:<\/strong> Avukatlar\u0131m\u0131z ve profesyonel dan\u0131\u015fmanlar\u0131m\u0131z yasal gereklilikleri yerine getirmek i\u00e7in haz\u0131rd\u0131r.<\/li>\n<\/ul>\n\n\n\n<hr class=\"wp-block-separator has-alpha-channel-opacity\"\/>\n\n\n\n<p><strong>6. Ki\u015fisel Veri Sahibi Olarak Haklar\u0131n\u0131z<\/strong><\/p>\n\n\n\n<p>KVKK\u2019n\u0131n 11. maddesi kapsam\u0131nda a\u015fa\u011f\u0131daki haklara sahipsiniz:<\/p>\n\n\n\n<ul class=\"wp-block-list\">\n<li>Ki\u015fisel verilerinizin i\u015flenip i\u015flenmedi\u011fini \u00f6\u011frenme,<\/li>\n\n\n\n<li>\u0130\u015flenmi\u015fse buna ili\u015fkin bilgi talep etme,<\/li>\n\n\n\n<li>\u0130\u015flenme amac\u0131n\u0131 ve amaca uygun kullan\u0131l\u0131p kullan\u0131lmad\u0131\u011f\u0131n\u0131 \u00f6\u011frenme,<\/li>\n\n\n\n<li>Yurt i\u00e7inde veya yurt d\u0131\u015f\u0131nda ki\u015fisel verilerin aktar\u0131ld\u0131\u011f\u0131 \u00fc\u00e7\u00fcnc\u00fc ki\u015fileri bilme,<\/li>\n\n\n\n<li>Eksik veya yanl\u0131\u015f i\u015flenmi\u015fse d\u00fczeltilmesini isteme,<\/li>\n\n\n\n<li>KVKK\u2019ya uygun olarak verilerin silinmesini veya yok edilmesini talep etme,<\/li>\n\n\n\n<li>\u0130\u015flemenin yaln\u0131zca otomatik sistemler ile analiz edilmesi nedeniyle aleyhinize bir sonu\u00e7 do\u011fmas\u0131na itiraz etme,<\/li>\n\n\n\n<li>Ki\u015fisel verilerinizin hukuka ayk\u0131r\u0131 i\u015flenmesi sebebiyle zarara u\u011framan\u0131z h\u00e2linde zarar\u0131n\u0131z\u0131n giderilmesini talep etme.<\/li>\n<\/ul>\n\n\n\n<hr class=\"wp-block-separator has-alpha-channel-opacity\"\/>\n\n\n\n<p><strong>7. Ba\u015fvuru Y\u00f6ntemi<\/strong><\/p>\n\n\n\n<p>KVKK kapsam\u0131ndaki haklar\u0131n\u0131z\u0131 kullanmak i\u00e7in yaz\u0131l\u0131 olarak veya kay\u0131tl\u0131 elektronik posta (KEP) ya da \u015firket e-posta adresimiz \u00fczerinden bize ba\u015fvuruda bulunabilirsiniz.\nBa\u015fvurular\u0131n\u0131z, en ge\u00e7 30 g\u00fcn i\u00e7inde \u00fccretsiz olarak sonu\u00e7land\u0131r\u0131lacakt\u0131r. \u0130\u015flemin ayr\u0131ca bir maliyet gerektirmesi h\u00e2linde, Ki\u015fisel Verileri Koruma Kurulu taraf\u0131ndan belirlenen tarifeye g\u00f6re \u00fccret talep edilebilir.<br>Bu KVKK Ayd\u0131nlatma Metni, www.bohembalitravel.com web sitemizde yay\u0131nlanarak y\u00fcr\u00fcrl\u00fc\u011fe girmi\u015ftir. \u015eirketimiz, KVKK politikam\u0131zda gerekli g\u00f6rd\u00fc\u011f\u00fc hallerde de\u011fi\u015fiklik yapma hakk\u0131n\u0131 sakl\u0131 tutar.<\/p>\n\n\n\n<p>KVKK kapsam\u0131ndaki haklar\u0131n\u0131z\u0131 kullanmak i\u00e7in yaz\u0131l\u0131 olarak veya kay\u0131tl\u0131 elektronik posta (KEP) adresimiz arac\u0131l\u0131\u011f\u0131yla a\u015fa\u011f\u0131daki ileti\u015fim bilgilerimiz \u00fczerinden bize ula\u015fabilirsiniz:<\/p>\n\n\n\n<p>To exercise your rights under KVKK, you may contact us in writing or via\u00a0registered electronic mail (KEP)\u00a0using the details below:<\/p>\n\n\n\n<p><strong>\u015eirket Bilgileri ve \u0130leti\u015fim Bilgileri<\/strong><\/p>\n\n\n\n<p><strong>Firma Unvan\u0131:<\/strong> PT BOHEM BALI LIVING<\/p>\n\n\n\n<p><strong>K\u0131sa Ad:<\/strong> BOHEM BALI LIVING<\/p>\n\n\n\n<p><strong>\u015eirket T\u00fcr\u00fc:<\/strong> PMA \u2013 Limited Liability, Non-Expiring<\/p>\n\n\n\n<p><strong>Onaylanan SK No: <\/strong>AHU-0102744.AH.01.01.Tahun 2024<\/p>\n\n\n\n<p><strong>Adres (G\u00fcncel Ofis Adresi):<\/strong> F7Q9+99C, Jl. Sukma Kesuma, Peliatan, Ubud, Gianyar, Bali 80571, Indonesia<\/p>\n\n\n\n<p><strong>Email:<\/strong> info@bohembalitravel.com<\/p>\n\n\n\n<p><strong>Telefon:<\/strong> +62 823 1381 0792<\/p>","protected":false},"excerpt":{"rendered":"<p>PERSONAL DATA PROTECTION &amp; PROCESSING POLICY (KVKK DISCLOSURE TEXT) 1. Data Controller Within the scope of the Personal Data Protection Law No. 6698 (KVKK), PT BOHEM BALI LIVING acts as the Data Controller and processes your personal data in line with the principles set out below. 2. Purpose of Processing Personal Data Your personal data [&hellip;]<\/p>\n","protected":false},"author":1,"featured_media":14867,"parent":0,"menu_order":0,"comment_status":"closed","ping_status":"closed","template":"","meta":{"_joinchat":[],"footnotes":""},"class_list":["post-15244","page","type-page","status-publish","has-post-thumbnail","hentry"],"yoast_head":"<!-- This site is optimized with the Yoast SEO plugin v26.9 - https:\/\/yoast.com\/product\/yoast-seo-wordpress\/ -->\n<title>Personal Data Protection Law (KVKK) - Bohem Bali Travel<\/title>\n<meta name=\"robots\" content=\"index, follow, max-snippet:-1, max-image-preview:large, max-video-preview:-1\" \/>\n<link rel=\"canonical\" href=\"https:\/\/bohembalitravel.com\/tr\/personal-data-protection-law-kvkk\/\" \/>\n<meta property=\"og:locale\" content=\"tr_TR\" \/>\n<meta property=\"og:type\" content=\"article\" \/>\n<meta property=\"og:title\" content=\"Personal Data Protection Law (KVKK) - Bohem Bali Travel\" \/>\n<meta property=\"og:description\" content=\"PERSONAL DATA PROTECTION &amp; PROCESSING POLICY (KVKK DISCLOSURE TEXT) 1. Data Controller Within the scope of the Personal Data Protection Law No. 6698 (KVKK), PT BOHEM BALI LIVING acts as the Data Controller and processes your personal data in line with the principles set out below. 2. Purpose of Processing Personal Data Your personal data [&hellip;]\" \/>\n<meta property=\"og:url\" content=\"https:\/\/bohembalitravel.com\/tr\/personal-data-protection-law-kvkk\/\" \/>\n<meta property=\"og:site_name\" content=\"Bohem Bali Travel\" \/>\n<meta property=\"article:modified_time\" content=\"2025-12-15T11:34:29+00:00\" \/>\n<meta property=\"og:image\" content=\"https:\/\/bohembalitravel.com\/wp-content\/uploads\/2025\/11\/beach-umbrellas-on-the-top-floor-of-the-beach-huts-2025-01-08-23-49-43-utc-scaled.jpg\" \/>\n\t<meta property=\"og:image:width\" content=\"2560\" \/>\n\t<meta property=\"og:image:height\" content=\"2560\" \/>\n\t<meta property=\"og:image:type\" content=\"image\/jpeg\" \/>\n<meta name=\"twitter:card\" content=\"summary_large_image\" \/>\n<meta name=\"twitter:label1\" content=\"Tahmini okuma s\u00fcresi\" \/>\n\t<meta name=\"twitter:data1\" content=\"3 dakika\" \/>\n<script type=\"application\/ld+json\" class=\"yoast-schema-graph\">{\"@context\":\"https:\/\/schema.org\",\"@graph\":[{\"@type\":\"WebPage\",\"@id\":\"https:\/\/bohembalitravel.com\/personal-data-protection-law-kvkk\/\",\"url\":\"https:\/\/bohembalitravel.com\/personal-data-protection-law-kvkk\/\",\"name\":\"Personal Data Protection Law (KVKK) - Bohem Bali Travel\",\"isPartOf\":{\"@id\":\"https:\/\/bohembalitravel.com\/en\/#website\"},\"primaryImageOfPage\":{\"@id\":\"https:\/\/bohembalitravel.com\/personal-data-protection-law-kvkk\/#primaryimage\"},\"image\":{\"@id\":\"https:\/\/bohembalitravel.com\/personal-data-protection-law-kvkk\/#primaryimage\"},\"thumbnailUrl\":\"https:\/\/bohembalitravel.com\/wp-content\/uploads\/2025\/11\/beach-umbrellas-on-the-top-floor-of-the-beach-huts-2025-01-08-23-49-43-utc-scaled.jpg\",\"datePublished\":\"2025-12-15T11:22:37+00:00\",\"dateModified\":\"2025-12-15T11:34:29+00:00\",\"breadcrumb\":{\"@id\":\"https:\/\/bohembalitravel.com\/personal-data-protection-law-kvkk\/#breadcrumb\"},\"inLanguage\":\"tr\",\"potentialAction\":[{\"@type\":\"ReadAction\",\"target\":[\"https:\/\/bohembalitravel.com\/personal-data-protection-law-kvkk\/\"]}]},{\"@type\":\"ImageObject\",\"inLanguage\":\"tr\",\"@id\":\"https:\/\/bohembalitravel.com\/personal-data-protection-law-kvkk\/#primaryimage\",\"url\":\"https:\/\/bohembalitravel.com\/wp-content\/uploads\/2025\/11\/beach-umbrellas-on-the-top-floor-of-the-beach-huts-2025-01-08-23-49-43-utc-scaled.jpg\",\"contentUrl\":\"https:\/\/bohembalitravel.com\/wp-content\/uploads\/2025\/11\/beach-umbrellas-on-the-top-floor-of-the-beach-huts-2025-01-08-23-49-43-utc-scaled.jpg\",\"width\":2560,\"height\":2560},{\"@type\":\"BreadcrumbList\",\"@id\":\"https:\/\/bohembalitravel.com\/personal-data-protection-law-kvkk\/#breadcrumb\",\"itemListElement\":[{\"@type\":\"ListItem\",\"position\":1,\"name\":\"Home\",\"item\":\"https:\/\/bohembalitravel.com\/\"},{\"@type\":\"ListItem\",\"position\":2,\"name\":\"Personal Data Protection Law (KVKK)\"}]},{\"@type\":\"WebSite\",\"@id\":\"https:\/\/bohembalitravel.com\/en\/#website\",\"url\":\"https:\/\/bohembalitravel.com\/en\/\",\"name\":\"Bohem Bali Travel\",\"description\":\"\",\"publisher\":{\"@id\":\"https:\/\/bohembalitravel.com\/en\/#organization\"},\"potentialAction\":[{\"@type\":\"SearchAction\",\"target\":{\"@type\":\"EntryPoint\",\"urlTemplate\":\"https:\/\/bohembalitravel.com\/en\/?s={search_term_string}\"},\"query-input\":{\"@type\":\"PropertyValueSpecification\",\"valueRequired\":true,\"valueName\":\"search_term_string\"}}],\"inLanguage\":\"tr\"},{\"@type\":\"Organization\",\"@id\":\"https:\/\/bohembalitravel.com\/en\/#organization\",\"name\":\"Bohem Bali Travel\",\"url\":\"https:\/\/bohembalitravel.com\/en\/\",\"logo\":{\"@type\":\"ImageObject\",\"inLanguage\":\"tr\",\"@id\":\"https:\/\/bohembalitravel.com\/en\/#\/schema\/logo\/image\/\",\"url\":\"https:\/\/bohembalitravel.com\/wp-content\/uploads\/2022\/04\/bohem-bali-travel-logo.png\",\"contentUrl\":\"https:\/\/bohembalitravel.com\/wp-content\/uploads\/2022\/04\/bohem-bali-travel-logo.png\",\"width\":500,\"height\":500,\"caption\":\"Bohem Bali Travel\"},\"image\":{\"@id\":\"https:\/\/bohembalitravel.com\/en\/#\/schema\/logo\/image\/\"}}]}<\/script>\n<!-- \/ Yoast SEO plugin. -->","yoast_head_json":{"title":"Personal Data Protection Law (KVKK) - Bohem Bali Travel","robots":{"index":"index","follow":"follow","max-snippet":"max-snippet:-1","max-image-preview":"max-image-preview:large","max-video-preview":"max-video-preview:-1"},"canonical":"https:\/\/bohembalitravel.com\/tr\/personal-data-protection-law-kvkk\/","og_locale":"tr_TR","og_type":"article","og_title":"Personal Data Protection Law (KVKK) - Bohem Bali Travel","og_description":"PERSONAL DATA PROTECTION &amp; PROCESSING POLICY (KVKK DISCLOSURE TEXT) 1. Data Controller Within the scope of the Personal Data Protection Law No. 6698 (KVKK), PT BOHEM BALI LIVING acts as the Data Controller and processes your personal data in line with the principles set out below. 2. Purpose of Processing Personal Data Your personal data [&hellip;]","og_url":"https:\/\/bohembalitravel.com\/tr\/personal-data-protection-law-kvkk\/","og_site_name":"Bohem Bali Travel","article_modified_time":"2025-12-15T11:34:29+00:00","og_image":[{"width":2560,"height":2560,"url":"https:\/\/bohembalitravel.com\/wp-content\/uploads\/2025\/11\/beach-umbrellas-on-the-top-floor-of-the-beach-huts-2025-01-08-23-49-43-utc-scaled.jpg","type":"image\/jpeg"}],"twitter_card":"summary_large_image","twitter_misc":{"Tahmini okuma s\u00fcresi":"3 dakika"},"schema":{"@context":"https:\/\/schema.org","@graph":[{"@type":"WebPage","@id":"https:\/\/bohembalitravel.com\/personal-data-protection-law-kvkk\/","url":"https:\/\/bohembalitravel.com\/personal-data-protection-law-kvkk\/","name":"Personal Data Protection Law (KVKK) - Bohem Bali Travel","isPartOf":{"@id":"https:\/\/bohembalitravel.com\/en\/#website"},"primaryImageOfPage":{"@id":"https:\/\/bohembalitravel.com\/personal-data-protection-law-kvkk\/#primaryimage"},"image":{"@id":"https:\/\/bohembalitravel.com\/personal-data-protection-law-kvkk\/#primaryimage"},"thumbnailUrl":"https:\/\/bohembalitravel.com\/wp-content\/uploads\/2025\/11\/beach-umbrellas-on-the-top-floor-of-the-beach-huts-2025-01-08-23-49-43-utc-scaled.jpg","datePublished":"2025-12-15T11:22:37+00:00","dateModified":"2025-12-15T11:34:29+00:00","breadcrumb":{"@id":"https:\/\/bohembalitravel.com\/personal-data-protection-law-kvkk\/#breadcrumb"},"inLanguage":"tr","potentialAction":[{"@type":"ReadAction","target":["https:\/\/bohembalitravel.com\/personal-data-protection-law-kvkk\/"]}]},{"@type":"ImageObject","inLanguage":"tr","@id":"https:\/\/bohembalitravel.com\/personal-data-protection-law-kvkk\/#primaryimage","url":"https:\/\/bohembalitravel.com\/wp-content\/uploads\/2025\/11\/beach-umbrellas-on-the-top-floor-of-the-beach-huts-2025-01-08-23-49-43-utc-scaled.jpg","contentUrl":"https:\/\/bohembalitravel.com\/wp-content\/uploads\/2025\/11\/beach-umbrellas-on-the-top-floor-of-the-beach-huts-2025-01-08-23-49-43-utc-scaled.jpg","width":2560,"height":2560},{"@type":"BreadcrumbList","@id":"https:\/\/bohembalitravel.com\/personal-data-protection-law-kvkk\/#breadcrumb","itemListElement":[{"@type":"ListItem","position":1,"name":"Home","item":"https:\/\/bohembalitravel.com\/"},{"@type":"ListItem","position":2,"name":"Personal Data Protection Law (KVKK)"}]},{"@type":"WebSite","@id":"https:\/\/bohembalitravel.com\/en\/#website","url":"https:\/\/bohembalitravel.com\/en\/","name":"sizi Do\u011fu Bali\u2019nin zarif g\u00fczelliklerine g\u00f6t\u00fcr\u00fcyor.","description":"","publisher":{"@id":"https:\/\/bohembalitravel.com\/en\/#organization"},"potentialAction":[{"@type":"SearchAction","target":{"@type":"EntryPoint","urlTemplate":"https:\/\/bohembalitravel.com\/en\/?s={search_term_string}"},"query-input":{"@type":"PropertyValueSpecification","valueRequired":true,"valueName":"search_term_string"}}],"inLanguage":"tr"},{"@type":"Organization","@id":"https:\/\/bohembalitravel.com\/en\/#organization","name":"sizi Do\u011fu Bali\u2019nin zarif g\u00fczelliklerine g\u00f6t\u00fcr\u00fcyor.","url":"https:\/\/bohembalitravel.com\/en\/","logo":{"@type":"ImageObject","inLanguage":"tr","@id":"https:\/\/bohembalitravel.com\/en\/#\/schema\/logo\/image\/","url":"https:\/\/bohembalitravel.com\/wp-content\/uploads\/2022\/04\/bohem-bali-travel-logo.png","contentUrl":"https:\/\/bohembalitravel.com\/wp-content\/uploads\/2022\/04\/bohem-bali-travel-logo.png","width":500,"height":500,"caption":"Bohem Bali Travel"},"image":{"@id":"https:\/\/bohembalitravel.com\/en\/#\/schema\/logo\/image\/"}}]}},"_links":{"self":[{"href":"https:\/\/bohembalitravel.com\/tr\/wp-json\/wp\/v2\/pages\/15244","targetHints":{"allow":["GET"]}}],"collection":[{"href":"https:\/\/bohembalitravel.com\/tr\/wp-json\/wp\/v2\/pages"}],"about":[{"href":"https:\/\/bohembalitravel.com\/tr\/wp-json\/wp\/v2\/types\/page"}],"author":[{"embeddable":true,"href":"https:\/\/bohembalitravel.com\/tr\/wp-json\/wp\/v2\/users\/1"}],"replies":[{"embeddable":true,"href":"https:\/\/bohembalitravel.com\/tr\/wp-json\/wp\/v2\/comments?post=15244"}],"version-history":[{"count":3,"href":"https:\/\/bohembalitravel.com\/tr\/wp-json\/wp\/v2\/pages\/15244\/revisions"}],"predecessor-version":[{"id":15257,"href":"https:\/\/bohembalitravel.com\/tr\/wp-json\/wp\/v2\/pages\/15244\/revisions\/15257"}],"wp:featuredmedia":[{"embeddable":true,"href":"https:\/\/bohembalitravel.com\/tr\/wp-json\/wp\/v2\/media\/14867"}],"wp:attachment":[{"href":"https:\/\/bohembalitravel.com\/tr\/wp-json\/wp\/v2\/media?parent=15244"}],"curies":[{"name":"wp","href":"https:\/\/api.w.org\/{rel}","templated":true}]}}