{"id":3,"date":"2022-04-01T08:50:15","date_gmt":"2022-04-01T08:50:15","guid":{"rendered":"https:\/\/modtel.wpengine.com\/?page_id=3"},"modified":"2025-12-15T11:27:39","modified_gmt":"2025-12-15T11:27:39","slug":"privacy-policy","status":"publish","type":"page","link":"https:\/\/bohembalitravel.com\/tr\/privacy-policy\/","title":{"rendered":"G\u00fcvenlik ve Gizlilik Politikas\u0131"},"content":{"rendered":"<p>Firmam\u0131z, \u00e7e\u015fitli hizmetlerimiz kapsam\u0131nda kullan\u0131c\u0131lar\u0131m\u0131zdan ki\u015fisel veriler toplayabilir. A\u015fa\u011f\u0131da bu verilerin nas\u0131l topland\u0131\u011f\u0131 ve korundu\u011fu a\u00e7\u0131klanmaktad\u0131r.<\/p>\n\n\n\n<hr class=\"wp-block-separator has-alpha-channel-opacity\"\/>\n\n\n\n<p><strong>Ki\u015fisel Verilerin Toplanmas\u0131<\/strong><\/p>\n\n\n\n<p>Kullan\u0131c\u0131lar www.bohembalitravel.com adresinde \u00fcyelik formlar\u0131n\u0131, rezervasyon taleplerini, bilgi formlar\u0131n\u0131 veya anketleri doldurduklar\u0131nda, ad, telefon numaras\u0131, \u015firket bilgileri, adres ve e-posta gibi ki\u015fisel bilgiler toplanabilir.<\/p>\n\n\n\n<p>Firmam\u0131z zaman zaman kullan\u0131c\u0131lara kampanya bilgileri, tan\u0131t\u0131mlar veya promosyon i\u00e7eren bilgilendirme iletileri g\u00f6nderebilir. Kullan\u0131c\u0131lar bu bildirimleri almak istemediklerinde \u00fcyelik ayarlar\u0131ndan tercihlerini de\u011fi\u015ftirebilir veya e-postadaki \u00e7\u0131k\u0131\u015f ba\u011flant\u0131s\u0131n\u0131 kullanabilir.<\/p>\n\n\n\n<hr class=\"wp-block-separator has-alpha-channel-opacity\"\/>\n\n\n\n<p><strong>Ki\u015fisel Verilerin Kullan\u0131m\u0131<\/strong><\/p>\n\n\n\n<p>Kullan\u0131c\u0131lar taraf\u0131ndan iletilen ki\u015fisel bilgiler, \u201cKullan\u0131c\u0131 S\u00f6zle\u015fmesi\u201d kapsam\u0131nda belirtilen ama\u00e7lar d\u0131\u015f\u0131nda kesinlikle \u00fc\u00e7\u00fcnc\u00fc ki\u015filerle payla\u015f\u0131lmaz.<\/p>\n\n\n\n<p>Sistemsel sorunlar\u0131 tespit edebilmek, g\u00fcvenli\u011fi sa\u011flamak ve hizmet kalitesini geli\u015ftirmek amac\u0131yla IP adresleri kay\u0131t alt\u0131na al\u0131nabilir. Bu veriler demografik analizlerde de kullan\u0131labilir.<\/p>\n\n\n\n<p>Toplanan bilgiler; firmam\u0131z veya i\u015f ortaklar\u0131m\u0131z taraf\u0131ndan, kimlik bilgileri if\u015fa edilmeden istatistiksel analiz, pazarlama \u00e7al\u0131\u015fmalar\u0131 veya veri taban\u0131 olu\u015fturma amac\u0131yla i\u015flenebilir.<\/p>\n\n\n\n<p>Firmam\u0131z t\u00fcm gizli bilgileri koruma y\u00fck\u00fcml\u00fcl\u00fc\u011f\u00fc kapsam\u0131nda saklar ve yetkisiz eri\u015fim, de\u011fi\u015fiklik veya if\u015fay\u0131 engellemek i\u00e7in gerekli t\u00fcm g\u00fcvenlik tedbirlerini al\u0131r.<\/p>\n\n\n\n<hr class=\"wp-block-separator has-alpha-channel-opacity\"\/>\n\n\n\n<p><strong>Kredi Kart\u0131 G\u00fcvenli\u011fi<\/strong><\/p>\n\n\n\n<p>Web sitemiz \u00fczerinden yap\u0131lan \u00f6demelerde kullan\u0131lan kredi kart\u0131 bilgileri hi\u00e7bir \u015fekilde sistemimizde saklanmaz.<\/p>\n\n\n\n<p>\u00d6deme sayfas\u0131nda g\u00fcvenli ba\u011flant\u0131, taray\u0131c\u0131da g\u00f6r\u00fclen kilit\/anahtar ikonu ile do\u011frulanabilir.<br>T\u00fcm \u00f6deme i\u015flemleri bankayla direkt ileti\u015fim kuran 128-bit SSL \u015fifreleme teknolojisi ile korunur.<\/p>\n\n\n\n<p>Doland\u0131r\u0131c\u0131l\u0131\u011f\u0131 \u00f6nlemek amac\u0131yla, ilk sipari\u015flerde adres ve telefon do\u011frulamas\u0131 gerekebilir.<\/p>\n\n\n\n<hr class=\"wp-block-separator has-alpha-channel-opacity\"\/>\n\n\n\n<p><strong>\u00dc\u00e7\u00fcnc\u00fc Taraf Web Siteleri<\/strong><\/p>\n\n\n\n<p>Sitemiz \u00fc\u00e7\u00fcnc\u00fc taraf web sitelerine ba\u011flant\u0131lar i\u00e7erebilir. Bu sitelerin i\u00e7erikleri ve gizlilik uygulamalar\u0131 firmam\u0131z\u0131n sorumlulu\u011funda de\u011fildir.<\/p>\n\n\n\n<p>Yasal gereklilikler kapsam\u0131nda;<\/p>\n\n\n\n<ul class=\"wp-block-list\">\n<li>Yetkili merciler taraf\u0131ndan talep edilmesi,<\/li>\n\n\n\n<li>Kullan\u0131c\u0131 hak ve g\u00fcvenli\u011finin korunmas\u0131 gereken durumlar olu\u015ftu\u011funda bilgiler payla\u015f\u0131labilir.<\/li>\n<\/ul>\n\n\n\n<hr class=\"wp-block-separator has-alpha-channel-opacity\"\/>\n\n\n\n<p><strong>E-posta G\u00fcvenli\u011fi<\/strong><\/p>\n\n\n\n<p>M\u00fc\u015fteri hizmetlerine g\u00f6nderilecek e-postalarda kredi kart\u0131 bilgisi veya \u015fifre payla\u015f\u0131lmamal\u0131d\u0131r.<\/p>\n\n\n\n<hr class=\"wp-block-separator has-alpha-channel-opacity\"\/>\n\n\n\n<p><strong>Gizlilik Politikas\u0131ndaki De\u011fi\u015fiklikler<\/strong><\/p>\n\n\n\n<p>PT BOHEM BALI LIVING, gizlilik politikas\u0131n\u0131 gerekti\u011finde g\u00fcncelleme hakk\u0131n\u0131 sakl\u0131 tutar. De\u011fi\u015fiklikler web sitemizde yay\u0131nland\u0131\u011f\u0131 anda y\u00fcr\u00fcrl\u00fc\u011fe girer.<\/p>\n\n\n\n<hr class=\"wp-block-separator has-alpha-channel-opacity\"\/>\n\n\n\n<p>Gizlilik Politikam\u0131zla ilgili herhangi bir soru veya \u00f6neriniz i\u00e7in:<\/p>\n\n\n\n<p><strong>\u015eirket Bilgileri ve \u0130leti\u015fim Bilgileri<\/strong><\/p>\n\n\n\n<p><strong>Firma Unvan\u0131:<\/strong> PT BOHEM BALI LIVING<\/p>\n\n\n\n<p><strong>K\u0131sa Ad:<\/strong> BOHEM BALI LIVING<\/p>\n\n\n\n<p><strong>\u015eirket T\u00fcr\u00fc:<\/strong> PMA \u2013 Limited Liability, Non-Expiring<\/p>\n\n\n\n<p><strong>Onaylanan SK No:<\/strong> AHU-0102744.AH.01.01.Tahun 2024<br><strong>Adres (G\u00fcncel Ofis Adresi):<\/strong> F7Q9+99C, Jl. Sukma Kesuma, Peliatan, Ubud, Gianyar, Bali 80571, Indonesia<br><strong>Email:<\/strong> info@bohembalitravel.com<br><strong>Telefon:<\/strong> +62 823 1381 0792<\/p>","protected":false},"excerpt":{"rendered":"<p>As part of our services, PT BOHEM BALI LIVING may collect personal data. The following explains how your data is collected, stored, and protected. Collection of Personal Data When users fill out membership forms, reservation requests, inquiry forms, or surveys on www.bohembalitravel.com, personal information such as name, phone number, company details, address, and email may [&hellip;]<\/p>\n","protected":false},"author":1,"featured_media":14778,"parent":0,"menu_order":0,"comment_status":"closed","ping_status":"open","template":"","meta":{"_joinchat":[],"footnotes":""},"class_list":["post-3","page","type-page","status-publish","has-post-thumbnail","hentry"],"yoast_head":"<!-- This site is optimized with the Yoast SEO plugin v26.9 - https:\/\/yoast.com\/product\/yoast-seo-wordpress\/ -->\n<title>Security &amp; Privacy Policy - Bohem Bali Travel<\/title>\n<meta name=\"robots\" content=\"index, follow, max-snippet:-1, max-image-preview:large, max-video-preview:-1\" \/>\n<link rel=\"canonical\" href=\"https:\/\/bohembalitravel.com\/tr\/privacy-policy\/\" \/>\n<meta property=\"og:locale\" content=\"tr_TR\" \/>\n<meta property=\"og:type\" content=\"article\" \/>\n<meta property=\"og:title\" content=\"Security &amp; Privacy Policy - Bohem Bali Travel\" \/>\n<meta property=\"og:description\" content=\"As part of our services, PT BOHEM BALI LIVING may collect personal data. The following explains how your data is collected, stored, and protected. Collection of Personal Data When users fill out membership forms, reservation requests, inquiry forms, or surveys on www.bohembalitravel.com, personal information such as name, phone number, company details, address, and email may [&hellip;]\" \/>\n<meta property=\"og:url\" content=\"https:\/\/bohembalitravel.com\/tr\/privacy-policy\/\" \/>\n<meta property=\"og:site_name\" content=\"Bohem Bali Travel\" \/>\n<meta property=\"article:modified_time\" content=\"2025-12-15T11:27:39+00:00\" \/>\n<meta property=\"og:image\" content=\"https:\/\/bohembalitravel.com\/wp-content\/uploads\/2025\/11\/40540-1024x1024.jpg\" \/>\n\t<meta property=\"og:image:width\" content=\"1024\" \/>\n\t<meta property=\"og:image:height\" content=\"1024\" \/>\n\t<meta property=\"og:image:type\" content=\"image\/jpeg\" \/>\n<meta name=\"twitter:card\" content=\"summary_large_image\" \/>\n<meta name=\"twitter:label1\" content=\"Tahmini okuma s\u00fcresi\" \/>\n\t<meta name=\"twitter:data1\" content=\"2 dakika\" \/>\n<script type=\"application\/ld+json\" class=\"yoast-schema-graph\">{\"@context\":\"https:\/\/schema.org\",\"@graph\":[{\"@type\":\"WebPage\",\"@id\":\"https:\/\/bohembalitravel.com\/privacy-policy\/\",\"url\":\"https:\/\/bohembalitravel.com\/privacy-policy\/\",\"name\":\"Security &amp; Privacy Policy - Bohem Bali Travel\",\"isPartOf\":{\"@id\":\"https:\/\/bohembalitravel.com\/en\/#website\"},\"primaryImageOfPage\":{\"@id\":\"https:\/\/bohembalitravel.com\/privacy-policy\/#primaryimage\"},\"image\":{\"@id\":\"https:\/\/bohembalitravel.com\/privacy-policy\/#primaryimage\"},\"thumbnailUrl\":\"https:\/\/bohembalitravel.com\/wp-content\/uploads\/2025\/11\/40540.jpg\",\"datePublished\":\"2022-04-01T08:50:15+00:00\",\"dateModified\":\"2025-12-15T11:27:39+00:00\",\"breadcrumb\":{\"@id\":\"https:\/\/bohembalitravel.com\/privacy-policy\/#breadcrumb\"},\"inLanguage\":\"tr\",\"potentialAction\":[{\"@type\":\"ReadAction\",\"target\":[\"https:\/\/bohembalitravel.com\/privacy-policy\/\"]}]},{\"@type\":\"ImageObject\",\"inLanguage\":\"tr\",\"@id\":\"https:\/\/bohembalitravel.com\/privacy-policy\/#primaryimage\",\"url\":\"https:\/\/bohembalitravel.com\/wp-content\/uploads\/2025\/11\/40540.jpg\",\"contentUrl\":\"https:\/\/bohembalitravel.com\/wp-content\/uploads\/2025\/11\/40540.jpg\",\"width\":1124,\"height\":1500},{\"@type\":\"BreadcrumbList\",\"@id\":\"https:\/\/bohembalitravel.com\/privacy-policy\/#breadcrumb\",\"itemListElement\":[{\"@type\":\"ListItem\",\"position\":1,\"name\":\"Home\",\"item\":\"https:\/\/bohembalitravel.com\/\"},{\"@type\":\"ListItem\",\"position\":2,\"name\":\"Security &amp; Privacy Policy\"}]},{\"@type\":\"WebSite\",\"@id\":\"https:\/\/bohembalitravel.com\/en\/#website\",\"url\":\"https:\/\/bohembalitravel.com\/en\/\",\"name\":\"Bohem Bali Travel\",\"description\":\"\",\"publisher\":{\"@id\":\"https:\/\/bohembalitravel.com\/en\/#organization\"},\"potentialAction\":[{\"@type\":\"SearchAction\",\"target\":{\"@type\":\"EntryPoint\",\"urlTemplate\":\"https:\/\/bohembalitravel.com\/en\/?s={search_term_string}\"},\"query-input\":{\"@type\":\"PropertyValueSpecification\",\"valueRequired\":true,\"valueName\":\"search_term_string\"}}],\"inLanguage\":\"tr\"},{\"@type\":\"Organization\",\"@id\":\"https:\/\/bohembalitravel.com\/en\/#organization\",\"name\":\"Bohem Bali Travel\",\"url\":\"https:\/\/bohembalitravel.com\/en\/\",\"logo\":{\"@type\":\"ImageObject\",\"inLanguage\":\"tr\",\"@id\":\"https:\/\/bohembalitravel.com\/en\/#\/schema\/logo\/image\/\",\"url\":\"https:\/\/bohembalitravel.com\/wp-content\/uploads\/2022\/04\/bohem-bali-travel-logo.png\",\"contentUrl\":\"https:\/\/bohembalitravel.com\/wp-content\/uploads\/2022\/04\/bohem-bali-travel-logo.png\",\"width\":500,\"height\":500,\"caption\":\"Bohem Bali Travel\"},\"image\":{\"@id\":\"https:\/\/bohembalitravel.com\/en\/#\/schema\/logo\/image\/\"}}]}<\/script>\n<!-- \/ Yoast SEO plugin. -->","yoast_head_json":{"title":"Security &amp; Privacy Policy - Bohem Bali Travel","robots":{"index":"index","follow":"follow","max-snippet":"max-snippet:-1","max-image-preview":"max-image-preview:large","max-video-preview":"max-video-preview:-1"},"canonical":"https:\/\/bohembalitravel.com\/tr\/privacy-policy\/","og_locale":"tr_TR","og_type":"article","og_title":"Security &amp; Privacy Policy - Bohem Bali Travel","og_description":"As part of our services, PT BOHEM BALI LIVING may collect personal data. The following explains how your data is collected, stored, and protected. Collection of Personal Data When users fill out membership forms, reservation requests, inquiry forms, or surveys on www.bohembalitravel.com, personal information such as name, phone number, company details, address, and email may [&hellip;]","og_url":"https:\/\/bohembalitravel.com\/tr\/privacy-policy\/","og_site_name":"Bohem Bali Travel","article_modified_time":"2025-12-15T11:27:39+00:00","og_image":[{"width":1024,"height":1024,"url":"https:\/\/bohembalitravel.com\/wp-content\/uploads\/2025\/11\/40540-1024x1024.jpg","type":"image\/jpeg"}],"twitter_card":"summary_large_image","twitter_misc":{"Tahmini okuma s\u00fcresi":"2 dakika"},"schema":{"@context":"https:\/\/schema.org","@graph":[{"@type":"WebPage","@id":"https:\/\/bohembalitravel.com\/privacy-policy\/","url":"https:\/\/bohembalitravel.com\/privacy-policy\/","name":"Security &amp; Privacy Policy - Bohem Bali Travel","isPartOf":{"@id":"https:\/\/bohembalitravel.com\/en\/#website"},"primaryImageOfPage":{"@id":"https:\/\/bohembalitravel.com\/privacy-policy\/#primaryimage"},"image":{"@id":"https:\/\/bohembalitravel.com\/privacy-policy\/#primaryimage"},"thumbnailUrl":"https:\/\/bohembalitravel.com\/wp-content\/uploads\/2025\/11\/40540.jpg","datePublished":"2022-04-01T08:50:15+00:00","dateModified":"2025-12-15T11:27:39+00:00","breadcrumb":{"@id":"https:\/\/bohembalitravel.com\/privacy-policy\/#breadcrumb"},"inLanguage":"tr","potentialAction":[{"@type":"ReadAction","target":["https:\/\/bohembalitravel.com\/privacy-policy\/"]}]},{"@type":"ImageObject","inLanguage":"tr","@id":"https:\/\/bohembalitravel.com\/privacy-policy\/#primaryimage","url":"https:\/\/bohembalitravel.com\/wp-content\/uploads\/2025\/11\/40540.jpg","contentUrl":"https:\/\/bohembalitravel.com\/wp-content\/uploads\/2025\/11\/40540.jpg","width":1124,"height":1500},{"@type":"BreadcrumbList","@id":"https:\/\/bohembalitravel.com\/privacy-policy\/#breadcrumb","itemListElement":[{"@type":"ListItem","position":1,"name":"Home","item":"https:\/\/bohembalitravel.com\/"},{"@type":"ListItem","position":2,"name":"Security &amp; Privacy Policy"}]},{"@type":"WebSite","@id":"https:\/\/bohembalitravel.com\/en\/#website","url":"https:\/\/bohembalitravel.com\/en\/","name":"sizi Do\u011fu Bali\u2019nin zarif g\u00fczelliklerine g\u00f6t\u00fcr\u00fcyor.","description":"","publisher":{"@id":"https:\/\/bohembalitravel.com\/en\/#organization"},"potentialAction":[{"@type":"SearchAction","target":{"@type":"EntryPoint","urlTemplate":"https:\/\/bohembalitravel.com\/en\/?s={search_term_string}"},"query-input":{"@type":"PropertyValueSpecification","valueRequired":true,"valueName":"search_term_string"}}],"inLanguage":"tr"},{"@type":"Organization","@id":"https:\/\/bohembalitravel.com\/en\/#organization","name":"sizi Do\u011fu Bali\u2019nin zarif g\u00fczelliklerine g\u00f6t\u00fcr\u00fcyor.","url":"https:\/\/bohembalitravel.com\/en\/","logo":{"@type":"ImageObject","inLanguage":"tr","@id":"https:\/\/bohembalitravel.com\/en\/#\/schema\/logo\/image\/","url":"https:\/\/bohembalitravel.com\/wp-content\/uploads\/2022\/04\/bohem-bali-travel-logo.png","contentUrl":"https:\/\/bohembalitravel.com\/wp-content\/uploads\/2022\/04\/bohem-bali-travel-logo.png","width":500,"height":500,"caption":"Bohem Bali Travel"},"image":{"@id":"https:\/\/bohembalitravel.com\/en\/#\/schema\/logo\/image\/"}}]}},"_links":{"self":[{"href":"https:\/\/bohembalitravel.com\/tr\/wp-json\/wp\/v2\/pages\/3","targetHints":{"allow":["GET"]}}],"collection":[{"href":"https:\/\/bohembalitravel.com\/tr\/wp-json\/wp\/v2\/pages"}],"about":[{"href":"https:\/\/bohembalitravel.com\/tr\/wp-json\/wp\/v2\/types\/page"}],"author":[{"embeddable":true,"href":"https:\/\/bohembalitravel.com\/tr\/wp-json\/wp\/v2\/users\/1"}],"replies":[{"embeddable":true,"href":"https:\/\/bohembalitravel.com\/tr\/wp-json\/wp\/v2\/comments?post=3"}],"version-history":[{"count":3,"href":"https:\/\/bohembalitravel.com\/tr\/wp-json\/wp\/v2\/pages\/3\/revisions"}],"predecessor-version":[{"id":15256,"href":"https:\/\/bohembalitravel.com\/tr\/wp-json\/wp\/v2\/pages\/3\/revisions\/15256"}],"wp:featuredmedia":[{"embeddable":true,"href":"https:\/\/bohembalitravel.com\/tr\/wp-json\/wp\/v2\/media\/14778"}],"wp:attachment":[{"href":"https:\/\/bohembalitravel.com\/tr\/wp-json\/wp\/v2\/media?parent=3"}],"curies":[{"name":"wp","href":"https:\/\/api.w.org\/{rel}","templated":true}]}}