{"id":788,"date":"2022-04-14T03:54:04","date_gmt":"2022-04-14T03:54:04","guid":{"rendered":"https:\/\/modmixmap.wpengine.com\/?page_id=788"},"modified":"2026-03-29T05:21:57","modified_gmt":"2026-03-29T05:21:57","slug":"blog","status":"publish","type":"page","link":"https:\/\/bohembalitravel.com\/tr\/blog\/","title":{"rendered":"Blog"},"content":{"rendered":"","protected":false},"excerpt":{"rendered":"","protected":false},"author":2,"featured_media":0,"parent":0,"menu_order":0,"comment_status":"closed","ping_status":"closed","template":"template-blog.php","meta":{"_joinchat":[],"footnotes":""},"class_list":["post-788","page","type-page","status-publish","has-post-thumbnail","hentry"],"yoast_head":"<!-- This site is optimized with the Yoast SEO plugin v26.9 - https:\/\/yoast.com\/product\/yoast-seo-wordpress\/ -->\n<title>Blog - Bohem Bali Travel<\/title>\n<meta name=\"robots\" content=\"index, follow, max-snippet:-1, max-image-preview:large, max-video-preview:-1\" \/>\n<link rel=\"canonical\" href=\"https:\/\/bohembalitravel.com\/tr\/blog\/\" \/>\n<meta property=\"og:locale\" content=\"tr_TR\" \/>\n<meta property=\"og:type\" content=\"article\" \/>\n<meta property=\"og:title\" content=\"Blog - Bohem Bali Travel\" \/>\n<meta property=\"og:url\" content=\"https:\/\/bohembalitravel.com\/tr\/blog\/\" \/>\n<meta property=\"og:site_name\" content=\"Bohem Bali Travel\" \/>\n<meta property=\"article:modified_time\" content=\"2026-03-29T05:21:57+00:00\" \/>\n<meta name=\"twitter:card\" content=\"summary_large_image\" \/>\n<script type=\"application\/ld+json\" class=\"yoast-schema-graph\">{\"@context\":\"https:\/\/schema.org\",\"@graph\":[{\"@type\":\"WebPage\",\"@id\":\"https:\/\/bohembalitravel.com\/blog\/\",\"url\":\"https:\/\/bohembalitravel.com\/blog\/\",\"name\":\"Blog - Bohem Bali Travel\",\"isPartOf\":{\"@id\":\"https:\/\/bohembalitravel.com\/en\/#website\"},\"datePublished\":\"2022-04-14T03:54:04+00:00\",\"dateModified\":\"2026-03-29T05:21:57+00:00\",\"breadcrumb\":{\"@id\":\"https:\/\/bohembalitravel.com\/blog\/#breadcrumb\"},\"inLanguage\":\"tr\",\"potentialAction\":[{\"@type\":\"ReadAction\",\"target\":[\"https:\/\/bohembalitravel.com\/blog\/\"]}]},{\"@type\":\"BreadcrumbList\",\"@id\":\"https:\/\/bohembalitravel.com\/blog\/#breadcrumb\",\"itemListElement\":[{\"@type\":\"ListItem\",\"position\":1,\"name\":\"Home\",\"item\":\"https:\/\/bohembalitravel.com\/\"},{\"@type\":\"ListItem\",\"position\":2,\"name\":\"Blog\"}]},{\"@type\":\"WebSite\",\"@id\":\"https:\/\/bohembalitravel.com\/en\/#website\",\"url\":\"https:\/\/bohembalitravel.com\/en\/\",\"name\":\"Bohem Bali Travel\",\"description\":\"\",\"publisher\":{\"@id\":\"https:\/\/bohembalitravel.com\/en\/#organization\"},\"potentialAction\":[{\"@type\":\"SearchAction\",\"target\":{\"@type\":\"EntryPoint\",\"urlTemplate\":\"https:\/\/bohembalitravel.com\/en\/?s={search_term_string}\"},\"query-input\":{\"@type\":\"PropertyValueSpecification\",\"valueRequired\":true,\"valueName\":\"search_term_string\"}}],\"inLanguage\":\"tr\"},{\"@type\":\"Organization\",\"@id\":\"https:\/\/bohembalitravel.com\/en\/#organization\",\"name\":\"Bohem Bali Travel\",\"url\":\"https:\/\/bohembalitravel.com\/en\/\",\"logo\":{\"@type\":\"ImageObject\",\"inLanguage\":\"tr\",\"@id\":\"https:\/\/bohembalitravel.com\/en\/#\/schema\/logo\/image\/\",\"url\":\"https:\/\/bohembalitravel.com\/wp-content\/uploads\/2022\/04\/bohem-bali-travel-logo.png\",\"contentUrl\":\"https:\/\/bohembalitravel.com\/wp-content\/uploads\/2022\/04\/bohem-bali-travel-logo.png\",\"width\":500,\"height\":500,\"caption\":\"Bohem Bali Travel\"},\"image\":{\"@id\":\"https:\/\/bohembalitravel.com\/en\/#\/schema\/logo\/image\/\"}}]}<\/script>\n<!-- \/ Yoast SEO plugin. -->","yoast_head_json":{"title":"Blog - Bohem Bali Travel","robots":{"index":"index","follow":"follow","max-snippet":"max-snippet:-1","max-image-preview":"max-image-preview:large","max-video-preview":"max-video-preview:-1"},"canonical":"https:\/\/bohembalitravel.com\/tr\/blog\/","og_locale":"tr_TR","og_type":"article","og_title":"Blog - Bohem Bali Travel","og_url":"https:\/\/bohembalitravel.com\/tr\/blog\/","og_site_name":"Bohem Bali Travel","article_modified_time":"2026-03-29T05:21:57+00:00","twitter_card":"summary_large_image","schema":{"@context":"https:\/\/schema.org","@graph":[{"@type":"WebPage","@id":"https:\/\/bohembalitravel.com\/blog\/","url":"https:\/\/bohembalitravel.com\/blog\/","name":"Blog - Bohem Bali Travel","isPartOf":{"@id":"https:\/\/bohembalitravel.com\/en\/#website"},"datePublished":"2022-04-14T03:54:04+00:00","dateModified":"2026-03-29T05:21:57+00:00","breadcrumb":{"@id":"https:\/\/bohembalitravel.com\/blog\/#breadcrumb"},"inLanguage":"tr","potentialAction":[{"@type":"ReadAction","target":["https:\/\/bohembalitravel.com\/blog\/"]}]},{"@type":"BreadcrumbList","@id":"https:\/\/bohembalitravel.com\/blog\/#breadcrumb","itemListElement":[{"@type":"ListItem","position":1,"name":"Home","item":"https:\/\/bohembalitravel.com\/"},{"@type":"ListItem","position":2,"name":"Blog"}]},{"@type":"WebSite","@id":"https:\/\/bohembalitravel.com\/en\/#website","url":"https:\/\/bohembalitravel.com\/en\/","name":"sizi Do\u011fu Bali\u2019nin zarif g\u00fczelliklerine g\u00f6t\u00fcr\u00fcyor.","description":"","publisher":{"@id":"https:\/\/bohembalitravel.com\/en\/#organization"},"potentialAction":[{"@type":"SearchAction","target":{"@type":"EntryPoint","urlTemplate":"https:\/\/bohembalitravel.com\/en\/?s={search_term_string}"},"query-input":{"@type":"PropertyValueSpecification","valueRequired":true,"valueName":"search_term_string"}}],"inLanguage":"tr"},{"@type":"Organization","@id":"https:\/\/bohembalitravel.com\/en\/#organization","name":"sizi Do\u011fu Bali\u2019nin zarif g\u00fczelliklerine g\u00f6t\u00fcr\u00fcyor.","url":"https:\/\/bohembalitravel.com\/en\/","logo":{"@type":"ImageObject","inLanguage":"tr","@id":"https:\/\/bohembalitravel.com\/en\/#\/schema\/logo\/image\/","url":"https:\/\/bohembalitravel.com\/wp-content\/uploads\/2022\/04\/bohem-bali-travel-logo.png","contentUrl":"https:\/\/bohembalitravel.com\/wp-content\/uploads\/2022\/04\/bohem-bali-travel-logo.png","width":500,"height":500,"caption":"Bohem Bali Travel"},"image":{"@id":"https:\/\/bohembalitravel.com\/en\/#\/schema\/logo\/image\/"}}]}},"_links":{"self":[{"href":"https:\/\/bohembalitravel.com\/tr\/wp-json\/wp\/v2\/pages\/788","targetHints":{"allow":["GET"]}}],"collection":[{"href":"https:\/\/bohembalitravel.com\/tr\/wp-json\/wp\/v2\/pages"}],"about":[{"href":"https:\/\/bohembalitravel.com\/tr\/wp-json\/wp\/v2\/types\/page"}],"author":[{"embeddable":true,"href":"https:\/\/bohembalitravel.com\/tr\/wp-json\/wp\/v2\/users\/2"}],"replies":[{"embeddable":true,"href":"https:\/\/bohembalitravel.com\/tr\/wp-json\/wp\/v2\/comments?post=788"}],"version-history":[{"count":2,"href":"https:\/\/bohembalitravel.com\/tr\/wp-json\/wp\/v2\/pages\/788\/revisions"}],"predecessor-version":[{"id":15482,"href":"https:\/\/bohembalitravel.com\/tr\/wp-json\/wp\/v2\/pages\/788\/revisions\/15482"}],"wp:attachment":[{"href":"https:\/\/bohembalitravel.com\/tr\/wp-json\/wp\/v2\/media?parent=788"}],"curies":[{"name":"wp","href":"https:\/\/api.w.org\/{rel}","templated":true}]}}