{"id":807,"date":"2022-04-16T23:51:28","date_gmt":"2022-04-16T23:51:28","guid":{"rendered":"https:\/\/modmixmap.wpengine.com\/?page_id=807"},"modified":"2025-11-06T14:04:00","modified_gmt":"2025-11-06T14:04:00","slug":"about","status":"publish","type":"page","link":"https:\/\/bohembalitravel.com\/tr\/about\/","title":{"rendered":"Hakk\u0131m\u0131zda"},"content":{"rendered":"<div data-elementor-type=\"wp-page\" data-elementor-id=\"807\" class=\"elementor elementor-807\">\n\t\t\t\t\t\t<section class=\"elementor-section elementor-top-section elementor-element elementor-element-6eb11fd1 elementor-section-boxed elementor-section-height-default elementor-section-height-default\" data-id=\"6eb11fd1\" data-element_type=\"section\" data-e-type=\"section\" data-settings=\"{&quot;background_background&quot;:&quot;classic&quot;}\">\n\t\t\t\t\t\t\t<div class=\"elementor-background-overlay\"><\/div>\n\t\t\t\t\t\t\t<div class=\"elementor-container elementor-column-gap-default\">\n\t\t\t\t\t<div class=\"elementor-column elementor-col-100 elementor-top-column elementor-element elementor-element-4732643c\" data-id=\"4732643c\" data-element_type=\"column\" data-e-type=\"column\">\n\t\t\t<div class=\"elementor-widget-wrap elementor-element-populated\">\n\t\t\t\t\t\t<section class=\"elementor-section elementor-inner-section elementor-element elementor-element-2947a700 elementor-section-boxed elementor-section-height-default elementor-section-height-default\" data-id=\"2947a700\" data-element_type=\"section\" data-e-type=\"section\" data-settings=\"{&quot;background_background&quot;:&quot;classic&quot;}\">\n\t\t\t\t\t\t<div class=\"elementor-container elementor-column-gap-default\">\n\t\t\t\t\t<div class=\"elementor-column elementor-col-100 elementor-inner-column elementor-element elementor-element-f12bf4c\" data-id=\"f12bf4c\" data-element_type=\"column\" data-e-type=\"column\">\n\t\t\t<div class=\"elementor-widget-wrap elementor-element-populated\">\n\t\t\t\t\t\t<div class=\"elementor-element elementor-element-318d94b elementor-widget elementor-widget-heading\" data-id=\"318d94b\" data-element_type=\"widget\" data-e-type=\"widget\" data-widget_type=\"heading.default\">\n\t\t\t\t<div class=\"elementor-widget-container\">\n\t\t\t\t\t<h2 class=\"elementor-heading-title elementor-size-default\">Hakk\u0131m\u0131zda<\/h2>\t\t\t\t<\/div>\n\t\t\t\t<\/div>\n\t\t\t\t\t<\/div>\n\t\t<\/div>\n\t\t\t\t\t<\/div>\n\t\t<\/section>\n\t\t\t\t\t<\/div>\n\t\t<\/div>\n\t\t\t\t\t<\/div>\n\t\t<\/section>\n\t\t\t\t<section class=\"elementor-section elementor-top-section elementor-element elementor-element-1e2f5304 elementor-section-boxed elementor-section-height-default elementor-section-height-default\" data-id=\"1e2f5304\" data-element_type=\"section\" data-e-type=\"section\">\n\t\t\t\t\t\t<div class=\"elementor-container elementor-column-gap-default\">\n\t\t\t\t\t<div class=\"elementor-column elementor-col-100 elementor-top-column elementor-element elementor-element-6aae9b20\" data-id=\"6aae9b20\" data-element_type=\"column\" data-e-type=\"column\">\n\t\t\t<div class=\"elementor-widget-wrap elementor-element-populated\">\n\t\t\t\t\t\t<div class=\"elementor-element elementor-element-4bbaade elementor-widget elementor-widget-heading\" data-id=\"4bbaade\" data-element_type=\"widget\" data-e-type=\"widget\" data-widget_type=\"heading.default\">\n\t\t\t\t<div class=\"elementor-widget-container\">\n\t\t\t\t\t<h2 class=\"elementor-heading-title elementor-size-default\">Hakk\u0131m\u0131zda<\/h2>\t\t\t\t<\/div>\n\t\t\t\t<\/div>\n\t\t\t\t<div class=\"elementor-element elementor-element-2eecd387 elementor-widget elementor-widget-heading\" data-id=\"2eecd387\" data-element_type=\"widget\" data-e-type=\"widget\" data-widget_type=\"heading.default\">\n\t\t\t\t<div class=\"elementor-widget-container\">\n\t\t\t\t\t<h2 class=\"elementor-heading-title elementor-size-default\">Hayat bir yolculuksa, Bali onun bohem dura\u011f\u0131d\u0131r\u2026\n\nBohem Bali Travel; klasik turlar\u0131n \u00f6tesinde, Bali'nin ger\u00e7ek ruhuna dokunmak isteyen gezginler i\u00e7in kuruldu. Amac\u0131m\u0131z sadece g\u00f6r\u00fclmesi gereken yerleri g\u00f6stermek de\u011fil, ayn\u0131 zamanda hissedilmesi gereken deneyimler sunmak.\n\nDo\u011fan\u0131n kuca\u011f\u0131nda kaybolmak, yerel k\u00fclt\u00fcrle i\u00e7 i\u00e7e olmak ve ruhunuza iyi gelecek an\u0131lar biriktirmek istiyorsan\u0131z do\u011fru yerdesiniz. \u00c7\u00fcnk\u00fc kal\u0131plara uymayan ve \u00f6zg\u00fcr ruhlara hitap eden bir seyahatin m\u00fcmk\u00fcn oldu\u011funa inan\u0131yoruz.\n\nBazen kendinizi bir tap\u0131na\u011f\u0131n sessizli\u011finde, bazen de bir kumsal\u0131n sonsuzlu\u011funda bulacaks\u0131n\u0131z.\n\u0130\u015fte tam da bu y\u00fczden buraday\u0131z: Sizi o anlara g\u00f6t\u00fcrmek i\u00e7in.<\/h2>\t\t\t\t<\/div>\n\t\t\t\t<\/div>\n\t\t\t\t\t<\/div>\n\t\t<\/div>\n\t\t\t\t\t<\/div>\n\t\t<\/section>\n\t\t\t\t<section class=\"elementor-section elementor-top-section elementor-element elementor-element-6a5a94e3 elementor-section-boxed elementor-section-height-default elementor-section-height-default\" data-id=\"6a5a94e3\" data-element_type=\"section\" data-e-type=\"section\">\n\t\t\t\t\t\t<div class=\"elementor-container elementor-column-gap-default\">\n\t\t\t\t\t<div class=\"elementor-column elementor-col-50 elementor-top-column elementor-element elementor-element-52410987\" data-id=\"52410987\" data-element_type=\"column\" data-e-type=\"column\">\n\t\t\t<div class=\"elementor-widget-wrap elementor-element-populated\">\n\t\t\t\t\t\t<div class=\"elementor-element elementor-element-5387197 elementor-widget elementor-widget-image\" data-id=\"5387197\" data-element_type=\"widget\" data-e-type=\"widget\" data-widget_type=\"image.default\">\n\t\t\t\t<div class=\"elementor-widget-container\">\n\t\t\t\t\t\t\t\t\t\t\t\t\t\t\t<img fetchpriority=\"high\" decoding=\"async\" width=\"2560\" height=\"2560\" src=\"https:\/\/bohembalitravel.com\/wp-content\/uploads\/2025\/11\/water-temple-bratan-lake-scaled.jpg\" class=\"attachment-full size-full wp-image-14529\" alt=\"\" srcset=\"https:\/\/bohembalitravel.com\/wp-content\/uploads\/2025\/11\/water-temple-bratan-lake-scaled.jpg 2560w, https:\/\/bohembalitravel.com\/wp-content\/uploads\/2025\/11\/water-temple-bratan-lake-300x300.jpg 300w, https:\/\/bohembalitravel.com\/wp-content\/uploads\/2025\/11\/water-temple-bratan-lake-1024x1024.jpg 1024w, https:\/\/bohembalitravel.com\/wp-content\/uploads\/2025\/11\/water-temple-bratan-lake-150x150.jpg 150w, https:\/\/bohembalitravel.com\/wp-content\/uploads\/2025\/11\/water-temple-bratan-lake-1536x1536.jpg 1536w, https:\/\/bohembalitravel.com\/wp-content\/uploads\/2025\/11\/water-temple-bratan-lake-2048x2048.jpg 2048w, https:\/\/bohembalitravel.com\/wp-content\/uploads\/2025\/11\/water-temple-bratan-lake-scaled-600x600.jpg 600w, https:\/\/bohembalitravel.com\/wp-content\/uploads\/2025\/11\/water-temple-bratan-lake-100x100.jpg 100w\" sizes=\"(max-width: 2560px) 100vw, 2560px\" \/>\t\t\t\t\t\t\t\t\t\t\t\t\t\t\t<\/div>\n\t\t\t\t<\/div>\n\t\t\t\t\t<\/div>\n\t\t<\/div>\n\t\t\t\t<div class=\"elementor-column elementor-col-50 elementor-top-column elementor-element elementor-element-3acbe6d7\" data-id=\"3acbe6d7\" data-element_type=\"column\" data-e-type=\"column\">\n\t\t\t<div class=\"elementor-widget-wrap elementor-element-populated\">\n\t\t\t\t\t\t<div class=\"elementor-element elementor-element-54e053c2 elementor-widget elementor-widget-heading\" data-id=\"54e053c2\" data-element_type=\"widget\" data-e-type=\"widget\" data-widget_type=\"heading.default\">\n\t\t\t\t<div class=\"elementor-widget-container\">\n\t\t\t\t\t<h2 class=\"elementor-heading-title elementor-size-default\">Kurulu\u015f Hikayemiz<\/h2>\t\t\t\t<\/div>\n\t\t\t\t<\/div>\n\t\t\t\t<div class=\"elementor-element elementor-element-363cb770 elementor-widget elementor-widget-heading\" data-id=\"363cb770\" data-element_type=\"widget\" data-e-type=\"widget\" data-widget_type=\"heading.default\">\n\t\t\t\t<div class=\"elementor-widget-container\">\n\t\t\t\t\t<h2 class=\"elementor-heading-title elementor-size-default\">Her \u015fey bir hayalle ba\u015flad\u0131...\n\nBohem bir ruh, bir kamera ve bir s\u0131rt \u00e7antas\u0131yla ba\u015flayan yolculuk bizi Bali'nin kalbine ta\u015f\u0131d\u0131. G\u00fczellikleriyle b\u00fcy\u00fcleyen, sade ya\u015fam\u0131yla ilham veren bu ada, k\u0131sa s\u00fcrede sadece seyahat etti\u011fimiz bir yer de\u011fil, ayn\u0131 zamanda ya\u015fam felsefemiz haline geldi.\n\nBali'de ge\u00e7irdi\u011fimiz g\u00fcnler boyunca, buradaki deneyimlerin \u00e7o\u011funun turistik ezbercilikle s\u0131n\u0131rl\u0131 oldu\u011funu fark ettik. Ancak Bali'nin kalbi, gizli \u015felalelerinde, k\u00f6y pazarlar\u0131nda ve tap\u0131naklar\u0131n lo\u015f k\u00f6\u015felerinde at\u0131yor.\n\nVe dedik ki:\n\n\"Neden bu g\u00fczellikleri ba\u015fkalar\u0131yla samimi ve \u00f6zg\u00fcn bir \u015fekilde payla\u015fmayal\u0131m?\"\n\nB\u00f6ylece Bohem Bali Travel do\u011fdu.\n\nKurumlar gibi de\u011fil, arkada\u015flar gibi yakla\u015fan; sadece rotalar \u00e7izmekle kalmay\u0131p, ayn\u0131 zamanda insanlara hayal kurduran bir ekip olduk. Bohem Bali Travel, Bali'de ya\u015fayan ve aday\u0131 y\u00fcrekten hisseden bir ruh taraf\u0131ndan sizin i\u00e7in haz\u0131rlanm\u0131\u015f e\u015fsiz bir ke\u015fif hikayesi.<\/h2>\t\t\t\t<\/div>\n\t\t\t\t<\/div>\n\t\t\t\t\t<\/div>\n\t\t<\/div>\n\t\t\t\t\t<\/div>\n\t\t<\/section>\n\t\t\t\t<\/div>","protected":false},"excerpt":{"rendered":"<p>About Us About Us If life is a journey, Bali is its bohemian stop\u2026 Bohem Bali Travel; was established for travelers who want to touch the true spirit of Bali, beyond classic tours. Our aim is not only to show the places that must be seen, but also to provide experiences that must be felt. [&hellip;]<\/p>\n","protected":false},"author":1,"featured_media":489,"parent":0,"menu_order":0,"comment_status":"closed","ping_status":"closed","template":"template-blank.php","meta":{"_joinchat":[],"footnotes":""},"class_list":["post-807","page","type-page","status-publish","has-post-thumbnail","hentry"],"yoast_head":"<!-- This site is optimized with the Yoast SEO plugin v26.9 - https:\/\/yoast.com\/product\/yoast-seo-wordpress\/ -->\n<title>About - Bohem Bali Travel<\/title>\n<meta name=\"robots\" content=\"index, follow, max-snippet:-1, max-image-preview:large, max-video-preview:-1\" \/>\n<link rel=\"canonical\" href=\"https:\/\/bohembalitravel.com\/tr\/about\/\" \/>\n<meta property=\"og:locale\" content=\"tr_TR\" \/>\n<meta property=\"og:type\" content=\"article\" \/>\n<meta property=\"og:title\" content=\"About - Bohem Bali Travel\" \/>\n<meta property=\"og:description\" content=\"About Us About Us If life is a journey, Bali is its bohemian stop\u2026 Bohem Bali Travel; was established for travelers who want to touch the true spirit of Bali, beyond classic tours. Our aim is not only to show the places that must be seen, but also to provide experiences that must be felt. [&hellip;]\" \/>\n<meta property=\"og:url\" content=\"https:\/\/bohembalitravel.com\/tr\/about\/\" \/>\n<meta property=\"og:site_name\" content=\"Bohem Bali Travel\" \/>\n<meta property=\"article:modified_time\" content=\"2025-11-06T14:04:00+00:00\" \/>\n<meta name=\"twitter:card\" content=\"summary_large_image\" \/>\n<meta name=\"twitter:label1\" content=\"Tahmini okuma s\u00fcresi\" \/>\n\t<meta name=\"twitter:data1\" content=\"2 dakika\" \/>\n<script type=\"application\/ld+json\" class=\"yoast-schema-graph\">{\"@context\":\"https:\/\/schema.org\",\"@graph\":[{\"@type\":\"WebPage\",\"@id\":\"https:\/\/bohembalitravel.com\/about\/\",\"url\":\"https:\/\/bohembalitravel.com\/about\/\",\"name\":\"About - Bohem Bali Travel\",\"isPartOf\":{\"@id\":\"https:\/\/bohembalitravel.com\/en\/#website\"},\"primaryImageOfPage\":{\"@id\":\"https:\/\/bohembalitravel.com\/about\/#primaryimage\"},\"image\":{\"@id\":\"https:\/\/bohembalitravel.com\/about\/#primaryimage\"},\"thumbnailUrl\":\"https:\/\/placehold.co\/600x400\",\"datePublished\":\"2022-04-16T23:51:28+00:00\",\"dateModified\":\"2025-11-06T14:04:00+00:00\",\"breadcrumb\":{\"@id\":\"https:\/\/bohembalitravel.com\/about\/#breadcrumb\"},\"inLanguage\":\"tr\",\"potentialAction\":[{\"@type\":\"ReadAction\",\"target\":[\"https:\/\/bohembalitravel.com\/about\/\"]}]},{\"@type\":\"ImageObject\",\"inLanguage\":\"tr\",\"@id\":\"https:\/\/bohembalitravel.com\/about\/#primaryimage\",\"url\":\"https:\/\/placehold.co\/600x400\",\"contentUrl\":\"https:\/\/placehold.co\/600x400\"},{\"@type\":\"BreadcrumbList\",\"@id\":\"https:\/\/bohembalitravel.com\/about\/#breadcrumb\",\"itemListElement\":[{\"@type\":\"ListItem\",\"position\":1,\"name\":\"Home\",\"item\":\"https:\/\/bohembalitravel.com\/\"},{\"@type\":\"ListItem\",\"position\":2,\"name\":\"About\"}]},{\"@type\":\"WebSite\",\"@id\":\"https:\/\/bohembalitravel.com\/en\/#website\",\"url\":\"https:\/\/bohembalitravel.com\/en\/\",\"name\":\"Bohem Bali Travel\",\"description\":\"\",\"publisher\":{\"@id\":\"https:\/\/bohembalitravel.com\/en\/#organization\"},\"potentialAction\":[{\"@type\":\"SearchAction\",\"target\":{\"@type\":\"EntryPoint\",\"urlTemplate\":\"https:\/\/bohembalitravel.com\/en\/?s={search_term_string}\"},\"query-input\":{\"@type\":\"PropertyValueSpecification\",\"valueRequired\":true,\"valueName\":\"search_term_string\"}}],\"inLanguage\":\"tr\"},{\"@type\":\"Organization\",\"@id\":\"https:\/\/bohembalitravel.com\/en\/#organization\",\"name\":\"Bohem Bali Travel\",\"url\":\"https:\/\/bohembalitravel.com\/en\/\",\"logo\":{\"@type\":\"ImageObject\",\"inLanguage\":\"tr\",\"@id\":\"https:\/\/bohembalitravel.com\/en\/#\/schema\/logo\/image\/\",\"url\":\"https:\/\/bohembalitravel.com\/wp-content\/uploads\/2022\/04\/bohem-bali-travel-logo.png\",\"contentUrl\":\"https:\/\/bohembalitravel.com\/wp-content\/uploads\/2022\/04\/bohem-bali-travel-logo.png\",\"width\":500,\"height\":500,\"caption\":\"Bohem Bali Travel\"},\"image\":{\"@id\":\"https:\/\/bohembalitravel.com\/en\/#\/schema\/logo\/image\/\"}}]}<\/script>\n<!-- \/ Yoast SEO plugin. -->","yoast_head_json":{"title":"About - Bohem Bali Travel","robots":{"index":"index","follow":"follow","max-snippet":"max-snippet:-1","max-image-preview":"max-image-preview:large","max-video-preview":"max-video-preview:-1"},"canonical":"https:\/\/bohembalitravel.com\/tr\/about\/","og_locale":"tr_TR","og_type":"article","og_title":"About - Bohem Bali Travel","og_description":"About Us About Us If life is a journey, Bali is its bohemian stop\u2026 Bohem Bali Travel; was established for travelers who want to touch the true spirit of Bali, beyond classic tours. Our aim is not only to show the places that must be seen, but also to provide experiences that must be felt. [&hellip;]","og_url":"https:\/\/bohembalitravel.com\/tr\/about\/","og_site_name":"Bohem Bali Travel","article_modified_time":"2025-11-06T14:04:00+00:00","twitter_card":"summary_large_image","twitter_misc":{"Tahmini okuma s\u00fcresi":"2 dakika"},"schema":{"@context":"https:\/\/schema.org","@graph":[{"@type":"WebPage","@id":"https:\/\/bohembalitravel.com\/about\/","url":"https:\/\/bohembalitravel.com\/about\/","name":"About - Bohem Bali Travel","isPartOf":{"@id":"https:\/\/bohembalitravel.com\/en\/#website"},"primaryImageOfPage":{"@id":"https:\/\/bohembalitravel.com\/about\/#primaryimage"},"image":{"@id":"https:\/\/bohembalitravel.com\/about\/#primaryimage"},"thumbnailUrl":"https:\/\/placehold.co\/600x400","datePublished":"2022-04-16T23:51:28+00:00","dateModified":"2025-11-06T14:04:00+00:00","breadcrumb":{"@id":"https:\/\/bohembalitravel.com\/about\/#breadcrumb"},"inLanguage":"tr","potentialAction":[{"@type":"ReadAction","target":["https:\/\/bohembalitravel.com\/about\/"]}]},{"@type":"ImageObject","inLanguage":"tr","@id":"https:\/\/bohembalitravel.com\/about\/#primaryimage","url":"https:\/\/placehold.co\/600x400","contentUrl":"https:\/\/placehold.co\/600x400"},{"@type":"BreadcrumbList","@id":"https:\/\/bohembalitravel.com\/about\/#breadcrumb","itemListElement":[{"@type":"ListItem","position":1,"name":"Home","item":"https:\/\/bohembalitravel.com\/"},{"@type":"ListItem","position":2,"name":"About"}]},{"@type":"WebSite","@id":"https:\/\/bohembalitravel.com\/en\/#website","url":"https:\/\/bohembalitravel.com\/en\/","name":"sizi Do\u011fu Bali\u2019nin zarif g\u00fczelliklerine g\u00f6t\u00fcr\u00fcyor.","description":"","publisher":{"@id":"https:\/\/bohembalitravel.com\/en\/#organization"},"potentialAction":[{"@type":"SearchAction","target":{"@type":"EntryPoint","urlTemplate":"https:\/\/bohembalitravel.com\/en\/?s={search_term_string}"},"query-input":{"@type":"PropertyValueSpecification","valueRequired":true,"valueName":"search_term_string"}}],"inLanguage":"tr"},{"@type":"Organization","@id":"https:\/\/bohembalitravel.com\/en\/#organization","name":"sizi Do\u011fu Bali\u2019nin zarif g\u00fczelliklerine g\u00f6t\u00fcr\u00fcyor.","url":"https:\/\/bohembalitravel.com\/en\/","logo":{"@type":"ImageObject","inLanguage":"tr","@id":"https:\/\/bohembalitravel.com\/en\/#\/schema\/logo\/image\/","url":"https:\/\/bohembalitravel.com\/wp-content\/uploads\/2022\/04\/bohem-bali-travel-logo.png","contentUrl":"https:\/\/bohembalitravel.com\/wp-content\/uploads\/2022\/04\/bohem-bali-travel-logo.png","width":500,"height":500,"caption":"Bohem Bali Travel"},"image":{"@id":"https:\/\/bohembalitravel.com\/en\/#\/schema\/logo\/image\/"}}]}},"_links":{"self":[{"href":"https:\/\/bohembalitravel.com\/tr\/wp-json\/wp\/v2\/pages\/807","targetHints":{"allow":["GET"]}}],"collection":[{"href":"https:\/\/bohembalitravel.com\/tr\/wp-json\/wp\/v2\/pages"}],"about":[{"href":"https:\/\/bohembalitravel.com\/tr\/wp-json\/wp\/v2\/types\/page"}],"author":[{"embeddable":true,"href":"https:\/\/bohembalitravel.com\/tr\/wp-json\/wp\/v2\/users\/1"}],"replies":[{"embeddable":true,"href":"https:\/\/bohembalitravel.com\/tr\/wp-json\/wp\/v2\/comments?post=807"}],"version-history":[{"count":0,"href":"https:\/\/bohembalitravel.com\/tr\/wp-json\/wp\/v2\/pages\/807\/revisions"}],"wp:featuredmedia":[{"embeddable":true,"href":"https:\/\/bohembalitravel.com\/tr\/wp-json\/"}],"wp:attachment":[{"href":"https:\/\/bohembalitravel.com\/tr\/wp-json\/wp\/v2\/media?parent=807"}],"curies":[{"name":"wp","href":"https:\/\/api.w.org\/{rel}","templated":true}]}}